{"id":7,"date":"2020-01-04T18:12:44","date_gmt":"2020-01-04T17:12:44","guid":{"rendered":"http:\/\/pim-mig.info\/?page_id=7"},"modified":"2020-06-02T19:29:37","modified_gmt":"2020-06-02T17:29:37","slug":"acerca-de","status":"publish","type":"page","link":"https:\/\/pim-mig.info\/index.php\/acerca-de\/","title":{"rendered":"Acerca de"},"content":{"rendered":"\n<h4 class=\"has-text-align-center wp-block-heading\"> <strong>Punto de Informaci\u00f3n para personas Migradas (PIM)<\/strong><\/h4>\n\n\n\n<h4 class=\"has-text-align-center wp-block-heading\"><strong>Pertsona Migratuentzako Informazio Gunea (MIG)<\/strong><\/h4>\n\n\n\n<p>Somos un grupo de personas y colectivos sociales que apoyamos y defendemos a las personas migrantes y refugiadas en la lucha por sus derechos. Trabajamos por la libre circulaci\u00f3n de todas las personas, porque partimos de la base de que todos los seres humanos somos iguales, tenemos los mismos derechos y obligaciones y debemos tener las mismas oportunidades.<\/p>\n\n\n\n<p>La necesidad de impulsar el PIM- MIG surge al conocer lo complicado que resulta saber d\u00f3nde dirigirse para tramitar documentos, conocer y solicitar recursos, p\u00fablicos y de asociaciones (espec\u00edficos o no para personas migradas), debido a lo complicada que es la burocracia y a la dispersi\u00f3n de competencias.  <\/p>\n\n\n\n<h4 class=\"wp-block-heading\"><strong>Objetivos<\/strong> <\/h4>\n\n\n\n<p>RECOGER INFORMACI\u00d3N: crear un espacio en el que recoger informaci\u00f3n de las entidades p\u00fablicas y asociaciones y organizaciones que trabajamos en el tema as\u00ed como de los recursos que se ofrecen a poblaci\u00f3n migrante (espec\u00edficos o no) en distintos \u00e1mbitos: asilo, empleo, vivienda, ocio, legal\u2026. <\/p>\n\n\n\n<p>INFORMAR EN PERSONA Y EN RED bi-direccional:  <\/p>\n\n\n\n<p>Ofrecer a las personas migrantes informaci\u00f3n sobre recursos (alojamiento, comida, asilo, formaci\u00f3n, asistencia m\u00e9dica o jur\u00eddica, ocio\u2026) tanto institucionales como autogestionados y de ONGD y colectivos; se redirigen los servicios ofrecidos por otros agentes  <\/p>\n\n\n\n<p>Ofrecer informaci\u00f3n a personas interesadas en ofrecer actividades, trabajo, voluntariado, empadronamientos, etc..  <\/p>\n\n\n\n<p>PUNTO DE ACOGIDA HUMANA, d\u00f3nde las personas se sientan realmente acogidas y no se les env\u00ede a la deriva. <\/p>\n\n\n\n<p>COORDINAR:  <\/p>\n\n\n\n<p>TEJER RED ENTRE ASOCIACIONES <\/p>\n\n\n\n<p>CANALIZAR VOLUNTARIADO: crear un espacio de colaboraci\u00f3n (canalizar el inter\u00e9s) de personas voluntarias que quieran colaborar ya sea ofreciendo servicios voluntarios: idiomas, acompa\u00f1amiento a recursos, traducciones, viviendas, empadronamientos, trabajo, empleo, etc., o colaborando en el propio PIM, en las distintas ONGD o participando en acciones reivindicativas o de sensibilizaci\u00f3n; <\/p>\n\n\n\n<p>Tratar de coordinar los diferentes recursos, servicios p\u00fablicos y privados.  <\/p>\n\n\n\n<p>ESPACIO DE PRESI\u00d3N POL\u00cdTICA: de coordinaci\u00f3n para reclamar ante las administraciones a partir del conocimiento y aunar fuerzas entre distintas organizaciones y personas. Se tiene siempre presente que es la Administraci\u00f3n la que debiera dar todos los servicios necesarios.  <\/p>\n\n\n\n<p>Solicitar a las Administraciones un punto de informaci\u00f3n p\u00fablico. <\/p>\n\n\n\n<p>Solicitar albergues y vivienda. <\/p>\n\n\n\n<p>A medio plazo posibilitar espacios de encuentro y participaci\u00f3n entre la gente que pase por el punto con la misma problem\u00e1tica.  <\/p>\n\n\n\n<p><strong><strong><em>El contenido de esta p\u00e1gina tiene car\u00e1cter meramente informativo. Te agradecemos si nos comunicas cualquier error o carencia en la informaci\u00f3n.<\/em><\/strong><\/strong><\/p>\n","protected":false},"excerpt":{"rendered":"<p>Punto de Informaci\u00f3n para personas Migradas (PIM) Pertsona Migratuentzako Informazio Gunea (MIG) Somos un grupo de personas y colectivos sociales que apoyamos y defendemos a las personas migrantes y refugiadas en la lucha por sus derechos. Trabajamos por la libre circulaci\u00f3n de todas las personas, porque partimos de la base de que todos los seres [&hellip;]<\/p>\n","protected":false},"author":1,"featured_media":0,"parent":0,"menu_order":0,"comment_status":"closed","ping_status":"closed","template":"","meta":{"footnotes":""},"class_list":["post-7","page","type-page","status-publish","hentry"],"jetpack_sharing_enabled":true,"_links":{"self":[{"href":"https:\/\/pim-mig.info\/index.php\/wp-json\/wp\/v2\/pages\/7","targetHints":{"allow":["GET"]}}],"collection":[{"href":"https:\/\/pim-mig.info\/index.php\/wp-json\/wp\/v2\/pages"}],"about":[{"href":"https:\/\/pim-mig.info\/index.php\/wp-json\/wp\/v2\/types\/page"}],"author":[{"embeddable":true,"href":"https:\/\/pim-mig.info\/index.php\/wp-json\/wp\/v2\/users\/1"}],"replies":[{"embeddable":true,"href":"https:\/\/pim-mig.info\/index.php\/wp-json\/wp\/v2\/comments?post=7"}],"version-history":[{"count":5,"href":"https:\/\/pim-mig.info\/index.php\/wp-json\/wp\/v2\/pages\/7\/revisions"}],"predecessor-version":[{"id":795,"href":"https:\/\/pim-mig.info\/index.php\/wp-json\/wp\/v2\/pages\/7\/revisions\/795"}],"wp:attachment":[{"href":"https:\/\/pim-mig.info\/index.php\/wp-json\/wp\/v2\/media?parent=7"}],"curies":[{"name":"wp","href":"https:\/\/api.w.org\/{rel}","templated":true}]}}