{"id":346,"date":"2020-04-24T17:28:10","date_gmt":"2020-04-24T15:28:10","guid":{"rendered":"http:\/\/pim-mig.info\/?page_id=346"},"modified":"2026-02-05T13:39:33","modified_gmt":"2026-02-05T12:39:33","slug":"menores-de-edad","status":"publish","type":"page","link":"https:\/\/pim-mig.info\/index.php\/menores-de-edad\/","title":{"rendered":"Menores de edad"},"content":{"rendered":"\n<p>La situaci\u00f3n de las personas extranjeras menores de edad es muy distinta a la de las mayores de 18 a\u00f1os, en cuanto a papeles, sanidad o educaci\u00f3n; todas las menores tienen permiso de residencia y no se les puede deportar.<\/p>\n\n\n\n<p>La Comunidad Aut\u00f3noma en la que se encuentra una persona menor no acompa\u00f1ada es responsable de ella hasta que cumpla 18 a\u00f1os.&nbsp;<\/p>\n\n\n\n<p><strong>DETERMINACI\u00d3N DE LA EDAD. <\/strong>Cuando una persona declara ser menor y las autoridades tienen dudas sobre la veracidad de su edad -carece de documentaci\u00f3n que lo acredite, como partida de nacimiento original o pasaporte- pueden ordenar una prueba \u00f3sea para determinar la edad. El resultado de la prueba, aunque sea err\u00f3nea, contar\u00e1 como su edad oficial de ah\u00ed en adelante.<\/p>\n\n\n\n<p><strong>ASISTENCIA SOCIAL.<\/strong> La Comunidad Aut\u00f3noma en la que se encuentra la persona menor no acompa\u00f1ada tiene la obligaci\u00f3n de acogerla hasta que cumpla 18 a\u00f1os. En el momento en que una persona declara y acredita ser menor no acompa\u00f1ada, o se determina su minor\u00eda de edad mediante una prueba \u00f3sea, se le env\u00eda a un centro de protecci\u00f3n de menores.&nbsp;<\/p>\n\n\n\n<p><strong>TR\u00c1MITES: Subdirecci\u00f3n de Familia y Menores (Gobierno de Navarra). <\/strong>Calle Abejeras 5 Bis, 7 y 9. 31008 Pamplona. Tel\u00e9fonos 848 421 210\/ 848 421 260.<\/p>\n\n\n\n<p><strong>SALUD.<\/strong> las personas menores de edad<strong> <\/strong>tienen, desde el primer momento de su llegada a Navarra, derecho a asistencia sanitaria gratuita. Tienen que tramitar la Tarjeta Individual Sanitaria. <a rel=\"noreferrer noopener\" href=\"http:\/\/pim-mig.info\/index.php\/salud\/\" target=\"_blank\">M\u00e1s informaci\u00f3n<\/a><\/p>\n\n\n\n<p><strong><a href=\"https:\/\/pim-mig.info\/index.php\/empleo-2\/\">EMPLEO<\/a> Y <a href=\"https:\/\/pim-mig.info\/index.php\/empleo\/\">FORMACI\u00d3N PARA EL EMPLEO<\/a><\/strong>.<\/p>\n\n\n\n<p><strong>EDUCACI\u00d3N.&nbsp;<\/strong>La escolarizaci\u00f3n es un derecho y una obligaci\u00f3n para todas las ni\u00f1as y ni\u00f1os de entre 6 y 16 a\u00f1os, independientemente de su situaci\u00f3n administrativa. Entre los 16 y 18 a\u00f1os, las y los menores migrantes tienen derecho a acceder al sistema p\u00fablico de becas y ayudas en las mismas condiciones que las personas navarras, contando con la orientaci\u00f3n de trabajadoras y educadoras sociales.&nbsp;<a href=\"https:\/\/pim-mig.info\/index.php\/educacion\/\"><u>M\u00e1s informaci\u00f3n<\/u><\/a>&nbsp;<\/p>\n\n\n\n<p>Etapas en que est\u00e1 organizado el sistema educativo:<\/p>\n\n\n\n<p>0 \u2013 6 A\u00d1OS: Educaci\u00f3n Infantil.<\/p>\n\n\n\n<p>6 \u2013 12 A\u00d1OS: Educaci\u00f3n Primaria (obligatoria).<\/p>\n\n\n\n<p>12 \u2013 16 A\u00d1OS: Educaci\u00f3n Secundaria Obligatoria (ESO).<\/p>\n\n\n\n<p>16 \u2013 18 A\u00d1OS: Educaci\u00f3n Post Obligatoria: Bachillerato\/ Formaci\u00f3n Profesional Grado Medio.<\/p>\n\n\n\n<p><strong>Requisito:<\/strong>&nbsp;Acreditar que el ni\u00f1o o la ni\u00f1a est\u00e1 empadronada en el municipio donde vive.<\/p>\n\n\n\n<p><strong>Tr\u00e1mites necesarios para el acceso de personas migradas al Sistema Educativo:<\/strong>&nbsp;Informarse de los diferentes modelos ling\u00fc\u00edsticos existentes en Navarra (ver m\u00e1s abajo) y dirigirse al centro escolar que le corresponde para solicitar la matriculaci\u00f3n. Para conocer el centro que les corresponde, se puede llamar al tel\u00e9fono del Departamento de Educaci\u00f3n del Gobierno de Navarra. Calle Santo Domingo, s\/n. Pamplona. Tel\u00e9fono 848 426 500.<\/p>\n\n\n\n<p><a href=\"https:\/\/www.educacion.navarra.es\/web\/publicaciones\/catalogo\/-\/asset_publisher\/JONi5m8mCym2\/content\/guia-informativa-para-el-alumnado-inmigrante?inheritRedirect=false\"><u>Gu\u00eda informativa para el alumnado inmigrante<\/u><\/a>&nbsp;describe el sistema educativo. Editada en varios idiomas (castellano, franc\u00e9s, ingl\u00e9s, ruso, rumano, b\u00falgaro, \u00e1rabe, euskera). Est\u00e1 en el Departamento de Educaci\u00f3n y en la p\u00e1gina web de Educaci\u00f3n para uso en los centros, Comisiones Locales de Escolarizaci\u00f3n o de quien necesite realizar alg\u00fan tipo de consulta.<\/p>\n\n\n\n<p><strong>MODELOS LING\u00dc\u00cdSTICOS.&nbsp;<\/strong>En Navarra, hay dos lenguas oficiales: el euskera, hablado por una parte de la poblaci\u00f3n navarra, y el castellano, hablado por toda la poblaci\u00f3n navarra. El euskera es un idioma propio en proceso de recuperaci\u00f3n. Su aprendizaje contribuye a mantener la riqueza cultural.<\/p>\n\n\n\n<p><strong>Modelo D:<\/strong>&nbsp;Ense\u00f1anza en euskera. Garantiza el aprendizaje de euskera, castellano y una lengua extranjera.<\/p>\n\n\n\n<p><strong>Modelo G:&nbsp;<\/strong>Ense\u00f1anza en castellano. La mayor\u00eda de centros tiene el programa PAI, en el que varias asignaturas se imparten en ingl\u00e9s. Garantiza el aprendizaje de castellano e ingl\u00e9s.<\/p>\n\n\n\n<p><strong>Modelo A:&nbsp;<\/strong>Ense\u00f1anza en castellano con la asignatura de euskera. Garantiza el aprendizaje de castellano y se adquieren conocimientos b\u00e1sicos de euskera.<\/p>\n\n\n\n<p><strong>PLAZO DE MATRICULACI\u00d3N<\/strong>. El plazo ordinario de presentaci\u00f3n de solicitudes es en febrero. Las listas de personas admitidas se hacen p\u00fablicas en marzo y la matr\u00edcula se realiza entre los \u00faltimos d\u00edas de junio y los primeros de julio. Hay otro plazo extraordinario de presentaci\u00f3n de solicitudes a principios de septiembre. Es muy importante realizar siempre la matr\u00edcula en el plazo ordinario.&nbsp;<\/p>\n\n\n\n<p>Fuera de estos plazos, el alumnado que se incorpore tard\u00edamente ser\u00e1 admitido en los centros en los que existan plazas vacantes. Las Comisiones Locales de Escolarizaci\u00f3n asesoran al alumnado inmigrante de nueva incorporaci\u00f3n sobre su escolarizaci\u00f3n en un centro educativo, atendiendo equitativamente al inter\u00e9s de los padres y madres y a las posibilidades de admisi\u00f3n de los centros.<\/p>\n\n\n\n<p><a href=\"https:\/\/www.educacion.navarra.es\/documents\/27590\/27818\/GuiaEsp.pdf\/01c0f702-f4e2-4832-9eeb-68278f48f520\"><u>GU\u00cdA INFORMATIVA PARA EL ALUMNADO INMIGRANTE DE INCORPORACI\u00d3N TARD\u00cdA<\/u><\/a><\/p>\n\n\n\n<p><a href=\"https:\/\/www.educacion.navarra.es\/web\/dpto\/becas-y-ayudas\"><u><strong>BECAS Y AYUDAS DEL DEPARTAMENTO DE EDUCACI\u00d3N<\/strong><\/u><\/a><\/p>\n\n\n\n<p><a href=\"https:\/\/www.educacion.navarra.es\/web\/dpto\/plan-de-atencion-a-la-diversidad\"><u><strong>PLAN DE ATENCI\u00d3N A LA DIVERSIDAD<\/strong><\/u><\/a><\/p>\n\n\n\n<p><a href=\"https:\/\/www.educacion.navarra.es\/web\/dpto\/primer-ciclo-de-educacion-infantil\"><u><strong>PRIMER CICLO DE EDUCACI\u00d3N INFANTIL (0-3 a\u00f1os)<\/strong><\/u><\/a><\/p>\n\n\n\n<p><strong>ORGANISMOS QUE OFRECEN APOYO ESCOLAR Y ACTIVIDADES EDUCATIVAS PARA MENORES<\/strong><\/p>\n\n\n\n<p><u><strong><a href=\"https:\/\/lantxotegi.org\/\"><a href=\"https:\/\/lantxotegi.org\/\"><u><strong>Lantxotegi<\/strong><\/u><\/a><\/a><\/strong><\/u><strong>.<\/strong>\u00a0<strong>Programa de acogida dirigido a j\u00f3venes migrantes sin red de apoyo y con desconocimiento de la lengua.<\/strong> Presta un servicio de acompa\u00f1amiento socioeducativo y formaci\u00f3n para j\u00f3venes migrantes entre 14 y 30 a\u00f1os. Existen cuatro grupos en niveles progresivos en Pamplona y otro en Tudela. 60 plazas. Requisitos de acceso: tener entre 14 y 30 a\u00f1os y estar en una situaci\u00f3n de vulnerabilidad y exclusi\u00f3n social.<\/p>\n\n\n\n<p>Intervenci\u00f3n en la promoci\u00f3n \u2013 prevenci\u00f3n personal juvenil y de sectores con dificultades de integraci\u00f3n socio-laboral, intentando dar una respuesta socio-educativa y de integraci\u00f3n. Imparten diferentes programas educativos subvencionados dirigidos a&nbsp;j\u00f3venes con problemas para seguir el ritmo escolar que no han terminado la Educaci\u00f3n Secundaria Obligatoria: Programa Curricular Adaptado para j\u00f3venes de hasta 16 a\u00f1os,&nbsp;<strong>Formaci\u00f3n Profesional B\u00e1sica de Agro jardiner\u00eda<\/strong>&nbsp;y composiciones florales para j\u00f3venes de 15 a 17 a\u00f1os,&nbsp;<strong>Taller Profesional de Mantenimiento de Edificios<\/strong>&nbsp;para j\u00f3venes de 16 a 21 a\u00f1os. Programa de acogida y acompa\u00f1amiento<\/p>\n\n\n\n<p><strong><a rel=\"noreferrer noopener\" href=\"https:\/\/www.asociacionsei.org\/\" target=\"_blank\">Servicio Socioeducativo Intercultural (SEI)<\/a>:&nbsp;<\/strong>Asociaci\u00f3n especializada en acoger y acompa\u00f1ar procesos de Duelo Migratorio; el dolor de dejar atr\u00e1s la vida anterior y adaptarse a un nuevo entorno. Atiende a&nbsp; familias que reagrupan a sus hijos e hijas tras a\u00f1os de separaci\u00f3n, a familias que migran juntas y a personas menores no acompa\u00f1adas. Acompa\u00f1a en las dificultades acad\u00e9micas, emocionales y familiares, facilitando espacios donde poder hacer amistades y conocer Pamplona.&nbsp;Tel\u00e9fonos 673 329 449 y 948 239 739. Contacto:&nbsp;<a href=\"mailto:gestion@asociaccionsei.org\"><u>gestion@asociaccionsei.org<\/u><\/a>.<\/p>\n\n\n\n<p><a href=\"https:\/\/www.itakaescolapios.org\/que-hacemos\/centros-socio-educativos\/ikaskide-pamplona\/\"><u><strong>Fundaci\u00f3n ITAKA. Itaka Escolapios<\/strong><\/u><\/a><strong>.&nbsp;<\/strong>Apoyo escolar y campamentos urbanos. Contacto:&nbsp;<a href=\"mailto:ikaskide@itakaescolapios.org\"><u>ikaskide@itakaescolapios.org<\/u><\/a>. Tel\u00e9fono 948 203 891.&nbsp;<\/p>\n\n\n\n<p><a href=\"https:\/\/www.caritaspamplona.org\/services\/residential-design\/\"><u><strong>C\u00e1ritas Diocesana de Pamplona y Tudela<\/strong><\/u><\/a>. Animaci\u00f3n comunitaria.<\/p>\n\n\n\n<p><strong>DERECHO A LA RESIDENCIA Y A LA NACIONALIDAD&nbsp;<\/strong><\/p>\n\n\n\n<p>Es responsable de la persona menor extranjera la primera Comunidad Aut\u00f3noma en que haya estado acogida. Si siendo menor se traslada a otra Comunidad distinta, present\u00e1ndose ante las autoridades, \u00e9stas pueden asumir la responsabilidad de la menor o tratar de devolverle a la comunidad de origen, aunque \u00e9sto \u00faltimo ocurre raramente.&nbsp;<\/p>\n\n\n\n<p>A partir de los 2 a\u00f1os de estancia en un centro de menores, el o la menor extranjera puede solicitar la nacionalidad espa\u00f1ola si entr\u00f3 en el centro siendo menor de 16. Se aconseja pedir asesoramiento a los y las trabajadoras sociales, abogadas, etc.<\/p>\n\n\n\n<p>Es fundamental planificar la renovaci\u00f3n de la residencia -por contrato laboral, ciclo formativo en curso, etc.- antes de cumplir los 18, porque una vez que la residencia caduca es muy dif\u00edcil conseguirla de nuevo.<\/p>\n\n\n\n<p><strong>Normativa aplicable a las personas menores extranjeras:<\/strong><\/p>\n\n\n\n<p>Art\u00edculos 159 a 174 del Real Decreto 1155\/2024, de 19 de noviembre, por el que se aprueba el Reglamento de la Ley Org\u00e1nica 4\/2000, de 11 de enero, sobre derechos y libertades de los extranjeros en Espa\u00f1a y su integraci\u00f3n social:<\/p>\n\n\n\n<p><a href=\"https:\/\/www.boe.es\/buscar\/pdf\/2024\/BOE-A-2024-24099-consolidado.pdf\">https:\/\/www.boe.es\/buscar\/pdf\/2024\/BOE-A-2024-24099-consolidado.pdf<\/a><\/p>\n\n\n\n<h4 class=\"wp-block-heading\">SOLICITUDES DE NACIONALIDAD<\/h4>\n\n\n\n<p><strong>Registro Civil de Pamplona.&nbsp;<\/strong>Avda. Sancho el Fuerte, 8. 31007 Pamplona. Tel\u00e9fono 848 424 062.<\/p>\n\n\n\n<h2 class=\"wp-block-heading\"><strong>A PARTIR DE LOS 18 A\u00d1OS<\/strong><\/h2>\n\n\n\n<p>Cabe la posibilidad de seguir en centros o pisos para personas menores ex-tuteladas, especialmente si la conducta ha sido ejemplar o si est\u00e1 realizando una formaci\u00f3n acad\u00e9mica o profesional; estar haciendo un ciclo formativo facilita la renovaci\u00f3n de la residencia al cumplir la mayor\u00eda de edad. Es posible tambi\u00e9n alquilar un piso compartido con otras personas. Durante el \u201cproceso de autonom\u00eda\u201d se recibe una \u201cayuda de emancipaci\u00f3n\u201d del Gobierno de Navarra y el acompa\u00f1amiento de trabajadora social. Una vez transcurridos dos a\u00f1os seguidos de empadronamiento en Navarra, puede comenzar a percibirse la Renta B\u00e1sica Garantizada.&nbsp;<\/p>\n\n\n\n<h4 class=\"wp-block-heading\"><strong>ORGANIZACIONES QUE TRABAJAN CON MENORES Y J\u00d3VENES<\/strong><\/h4>\n\n\n\n<p><strong>SARETUZ<\/strong>. Red de Infancia y Adolescencia del Casco Viejo conformada por asociaciones y profesionales que trabajan con menores con el objetivo de fortalecer una red de comunicaci\u00f3n que permita constituir un espacio com\u00fan de acci\u00f3n colectiva al que puedan sumarse nuevas iniciativas, proyectos y l\u00edneas de trabajo. Tel\u00e9fono 948 420 762. Contacto:&nbsp;<a href=\"mailto:saretuz.cascoviejo@gmail.com\"><u>saretuz.cascoviejo@gmail.com<\/u><\/a>.<\/p>\n\n\n\n<p><strong>ASOCIACIONES DE INFANCIA Y JUVENTUD DE LOS BARRIOS DE PAMPLONA.&nbsp;<\/strong>Servicios municipales ubicados en diferentes barrios de Pamplona. Profesionales y voluntariado desarrollan actividades de ocio para la prevenci\u00f3n y promoci\u00f3n de la infancia y juventud en el tiempo libre.&nbsp;<a href=\"https:\/\/www.pamplona.es\/accion-comunitaria\/escuelas-comunitarias\"><u>Servicios de Acci\u00f3n Preventiva Comunitaria<\/u><\/a><em>.<\/em><\/p>\n\n\n\n<p><strong>Buztintxuri.&nbsp;<\/strong>Asociacion Buztintxureando Txuri. Tel\u00e9fonos 948 803 574\/ 637 598 485. Contacto: <a href=\"mailto:buztintxureando@gmail.com\" target=\"_blank\" rel=\"noreferrer noopener\">buztintxureando@gmail.com<\/a><\/p>\n\n\n\n<p><strong>Casco Viejo<\/strong>.&nbsp;<a href=\"https:\/\/www.aldezaharra.eus\/guia_colectivos\/aldezar\/\"><u>Asociaci\u00f3n Aldezar<\/u><\/a><\/p>\n\n\n\n<p><strong>Chantrea.&nbsp;<\/strong><a href=\"https:\/\/sinarzubi.org\/quehacemos\/\"><u>Federaci\u00f3n Si\u00f1arzubi<\/u><\/a><\/p>\n\n\n\n<p><strong>Echavacoiz.<\/strong>&nbsp;<a href=\"http:\/\/etxabakoitz.info\/\"><u>Asociaci\u00f3n ETXABAKOITZ BIZIRIK elkartea<\/u><\/a><\/p>\n\n\n\n<p><strong>Ermitaga\u00f1a- Mendebaldea.<\/strong>&nbsp;Asociaci\u00f3n Hazialdea.<strong>&nbsp;<\/strong>Contacto:&nbsp;<a href=\"mailto:hazialdea@gmail.com\"><u>hazialdea@gmail.com<\/u><\/a>. Tel\u00e9fono 623 195 155<\/p>\n\n\n\n<p><strong>Mendillorri- Ripagaina.&nbsp;<\/strong>Asociaci\u00f3n Bideberri. Contacto:&nbsp;<a href=\"mailto:asociacionbideberri@gmail.com\"><u>asociacionbideberri@gmail.com<\/u><\/a>. Tel\u00e9fonos 948 103 358\/ 622 096 415<\/p>\n\n\n\n<p><strong>Milagrosa- Azpilaga\u00f1a.&nbsp;<\/strong><a href=\"https:\/\/es-es.facebook.com\/Asociaci%C3%B3n-Juvenil-Yoar-Yoar-Gazte-Elkartea-279453272185641\/\"><u>Asociaci\u00f3n Juvenil Yoar<\/u><\/a><\/p>\n\n\n\n<p><strong>Rochapea.&nbsp;<\/strong><a href=\"https:\/\/federacionbatean.wixsite.com\/organisation\"><u>Federaci\u00f3n Batean<\/u><\/a><\/p>\n\n\n\n<p><strong>San Jorge:&nbsp;<\/strong><a href=\"http:\/\/umetxea.blogspot.com\/p\/blog-page_16.html\"><u>Umetxua Sanduzelai<\/u><\/a><\/p>\n\n\n\n<p><strong>FEDERACI\u00d3N SCOUTS CAT\u00d3LICOS DE NAVARRA- NAFARROAKO ESKAUT KATOLIKOAK (SCN-NEK):<\/strong>&nbsp;sietegrupos scout formadas por chicas y chicos de entre 7 y 18 a\u00f1os y equipos de monitoras y monitores ubicados en barrios de Pamplona y pueblos. Educan en el tiempo libre a personas libres, cr\u00edticas y comprometidas con el mundo. Actividades s\u00e1bados y domingos y campamentos en Navidad, Semana Santa y verano.&nbsp;<strong>Actividad gratuita seg\u00fan situaci\u00f3n econ\u00f3mica.<\/strong>&nbsp;<u><a href=\"https:\/\/www.facebook.com\/SCN.NEK\/\" target=\"_blank\" rel=\"noreferrer noopener\">Scouts Cat\u00f3licos de Navarra- Nafarroako Eskaut Katolikoak<\/a><\/u>. Contacto:&nbsp;<u><a href=\"mailto:pais.scn.nek@gmail.com\" target=\"_blank\" rel=\"noreferrer noopener\">pais.scn.nek@gmail.com<\/a><\/u>.<\/p>\n\n\n\n<p><strong>Ensanche.&nbsp;<\/strong><u><a rel=\"noreferrer noopener\" href=\"https:\/\/www.facebook.com\/ScoutMikael\/\" target=\"_blank\">Mikael<\/a><\/u>. Contacto:&nbsp;<a href=\"mailto:mikael@scoutmikael.com\"><u>mikael@scoutmikael.com<\/u><\/a>,&nbsp;<strong>Colegio Jesuitas.&nbsp;<\/strong><u><a rel=\"noreferrer noopener\" href=\"https:\/\/www.facebook.com\/scoutvtropa\/\" target=\"_blank\">V\u00aa Tropa Grupo Scout V\u00aa Tropa<\/a><\/u>. Contacto:&nbsp;<a href=\"mailto:web.scoutvtropa@gmail.com\" target=\"_blank\" rel=\"noreferrer noopener\"><u>scoutvtropa@gmail.com<\/u><\/a>,&nbsp;<strong>Ermitaga\u00f1a.&nbsp;<\/strong><u><a href=\"https:\/\/www.facebook.com\/dendarizar\/\" target=\"_blank\" rel=\"noreferrer noopener\">Grupo scout Dendari Izar<\/a><\/u>. Contacto:&nbsp;<u><a href=\"mailto:gsdendarizar@gmail.com\" target=\"_blank\" rel=\"noreferrer noopener\">gsdendarizar@gmail.com<\/a><\/u>,&nbsp;<strong>San Juan.&nbsp;<\/strong><u><a href=\"https:\/\/www.facebook.com\/grupo.scoutbaracea\/\" target=\"_blank\" rel=\"noreferrer noopener\">Grupo Scout Baracea<\/a><\/u>. Contacto:&nbsp;<u><a href=\"mailto:scoutbaracea@gmail.com\" target=\"_blank\" rel=\"noreferrer noopener\">scoutbaracea@gmail.com<\/a><\/u>,&nbsp;<strong>Marcilla.<\/strong>&nbsp;<u><a href=\"https:\/\/www.facebook.com\/gundemaro.marcilla\/\" target=\"_blank\" rel=\"noreferrer noopener\">Grupo Scout Gundemaro<\/a><\/u>. Contacto:&nbsp;<u><a href=\"mailto:coordinacion.gundemaro@gmail.com\" target=\"_blank\" rel=\"noreferrer noopener\">coordinacion.gundemaro@gmail.com<\/a><\/u>,&nbsp;<strong>Villava.&nbsp;<\/strong><u><a href=\"https:\/\/www.facebook.com\/ander.deuna.75\/\" target=\"_blank\" rel=\"noreferrer noopener\">Grupo Scout San Andr\u00e9s<\/a><\/u><a href=\"https:\/\/www.facebook.com\/ander.deuna.75\/\"><u>.<\/u><\/a>&nbsp;Contacto:&nbsp;<u><a href=\"mailto:anderdeuna@gmail.com\" target=\"_blank\" rel=\"noreferrer noopener\">anderdeuna@gmail.com<\/a><\/u>,&nbsp;<strong>No\u00e1in.<\/strong>&nbsp;<u><a href=\"https:\/\/www.facebook.com\/scout.lykos\" target=\"_blank\" rel=\"noreferrer noopener\">Grupo Scout Lykos<\/a><\/u>. Contacto:&nbsp;<u><a href=\"mailto:lykoscout@gmail.com\" target=\"_blank\" rel=\"noreferrer noopener\">lykoscout@gmail.com<\/a><\/u><\/p>\n\n\n\n<p><strong>BERRIOZAR.<\/strong> <strong>LANTXOTEGI<\/strong>. <strong>Oficina de acogida y acompa\u00f1amiento AHLAN BEK. <\/strong>Se acompa\u00f1a a la persona joven migrante en su proceso de inclusi\u00f3n social apoy\u00e1ndole en la realizaci\u00f3n de tr\u00e1mites y orient\u00e1ndole hacia los recursos disponibles para alcanzar los objetivos marcados en su proceso. Talleres de alfabetizaci\u00f3n en lengua castellana en grupos mixtos; transversalmente se trabajan competencias digitales y capacitaci\u00f3n y orientaci\u00f3n laboral. <u><a href=\"https:\/\/lantxotegi.org\/\" target=\"_blank\" rel=\"noreferrer noopener\">M\u00e1s informaci\u00f3n<\/a><\/u>.<\/p>\n\n\n\n<p><strong>BURLADA.<\/strong> <a href=\"https:\/\/eduso.net\/res\/wp-content\/uploads\/documentos\/959.pdf\">Red de profesionales de promoci\u00f3n del buen trato a la infancia y adolescencia en Burlada.<\/a><\/p>\n\n\n\n<p><strong>BURLADA.<\/strong> <strong>MEDICUS MUNDI.<\/strong> Grupos de Acci\u00f3n Social para j\u00f3venes de 14 a 17 a\u00f1os. Actividades semanales y campamentos en horario extraescolar; espacio de socializaci\u00f3n y ocio -reflexi\u00f3n, investigaci\u00f3n y acci\u00f3n con objeto de combatir las desigualdades que existen en nuestro planeta. Contacto: <a rel=\"noreferrer noopener\" href=\"mailto:yeray.carmona@medicusmundi.es\" target=\"_blank\">yeray.carmona@medicusmundi.es<\/a>; <a href=\"mailto:montxo.oroz@medicusmundi.es\" target=\"_blank\" rel=\"noreferrer noopener\">montxo.oroz@medicusmundi.es<\/a>. <a rel=\"noreferrer noopener\" href=\"http:\/\/medicusmundi.es\/es\/proyectos\/27\" target=\"_blank\">M\u00e1s informaci\u00f3n<\/a>. <\/p>\n\n\n\n<p><strong><em>El contenido de esta p\u00e1gina tiene car\u00e1cter meramente informativo. Te agradecemos si nos comunicas cualquier error o carencia en la informaci\u00f3n.<\/em><\/strong><\/p>\n","protected":false},"excerpt":{"rendered":"<p>La situaci\u00f3n de las personas extranjeras menores de edad es muy distinta a la de las mayores de 18 a\u00f1os, en cuanto a papeles, sanidad o educaci\u00f3n; todas las menores tienen permiso de residencia y no se les puede deportar. La Comunidad Aut\u00f3noma en la que se encuentra una persona menor no acompa\u00f1ada es responsable [&hellip;]<\/p>\n","protected":false},"author":1,"featured_media":347,"parent":0,"menu_order":0,"comment_status":"closed","ping_status":"closed","template":"templates\/template-cover.php","meta":{"footnotes":""},"class_list":["post-346","page","type-page","status-publish","has-post-thumbnail","hentry"],"jetpack_sharing_enabled":true,"_links":{"self":[{"href":"https:\/\/pim-mig.info\/index.php\/wp-json\/wp\/v2\/pages\/346","targetHints":{"allow":["GET"]}}],"collection":[{"href":"https:\/\/pim-mig.info\/index.php\/wp-json\/wp\/v2\/pages"}],"about":[{"href":"https:\/\/pim-mig.info\/index.php\/wp-json\/wp\/v2\/types\/page"}],"author":[{"embeddable":true,"href":"https:\/\/pim-mig.info\/index.php\/wp-json\/wp\/v2\/users\/1"}],"replies":[{"embeddable":true,"href":"https:\/\/pim-mig.info\/index.php\/wp-json\/wp\/v2\/comments?post=346"}],"version-history":[{"count":48,"href":"https:\/\/pim-mig.info\/index.php\/wp-json\/wp\/v2\/pages\/346\/revisions"}],"predecessor-version":[{"id":2995,"href":"https:\/\/pim-mig.info\/index.php\/wp-json\/wp\/v2\/pages\/346\/revisions\/2995"}],"wp:featuredmedia":[{"embeddable":true,"href":"https:\/\/pim-mig.info\/index.php\/wp-json\/wp\/v2\/media\/347"}],"wp:attachment":[{"href":"https:\/\/pim-mig.info\/index.php\/wp-json\/wp\/v2\/media?parent=346"}],"curies":[{"name":"wp","href":"https:\/\/api.w.org\/{rel}","templated":true}]}}