{"id":3132,"date":"2026-02-15T11:35:19","date_gmt":"2026-02-15T10:35:19","guid":{"rendered":"https:\/\/pim-mig.info\/?page_id=3132"},"modified":"2026-02-15T11:35:19","modified_gmt":"2026-02-15T10:35:19","slug":"logement-2","status":"publish","type":"page","link":"https:\/\/pim-mig.info\/index.php\/fr\/logement-2\/","title":{"rendered":"LOGEMENT"},"content":{"rendered":"\n<h2 class=\"wp-block-heading\"><strong>RESSOURCES PUBLIQUES CONCERNANT LE LOGEMENT TEMPORAIRE, LE LOGEMENT LOCATIF ET DES AIDES EXISTANTES<\/strong><\/h2>\n\n\n\n<h4 class=\"wp-block-heading\">URGENCE<\/h4>\n\n\n\n<p> <a href=\"https:\/\/www.pamplona.es\/entidades\/centro-de-atencion-personas-sin-hogar-psh\"><strong>Auberge Trinitarios \u00e0 PAMPLONA-IRU\u00d1A. Service d\u2019attention aux sans-abri. <\/strong> <\/a><\/p>\n\n\n\n<p>\nT\u00c9L.\n948 104 902.<\/p>\n\n\n\n<p>\nAvenue\nde Guip\u00fazcoa. \n<\/p>\n\n\n\n<p>\nService\ndestin\u00e9 aux personnes en situation d\u2019exclusion grave, aux\nsans-abri et aux personnes pr\u00e9sentant une grande vuln\u00e9rabilit\u00e9\nsociale. Une ressource municipale qui s&#8217;occupe des personnes qui\nvivent \u00e0 Pampelune ou qui sont de passage, qui n\u2019ont ni logement\nni travail et qui se trouvent dans une situation d&#8217;exclusion grave en\nraison de diff\u00e9rents facteurs : extr\u00eame pauvret\u00e9, toxicomanie,\nmanque de r\u00e9seau familial, probl\u00e8mes avec la justice, maladie,\nsituation de crise temporaire, etc. qui rendent difficile leur\nprocessus de r\u00e9incorporation sociale. \n<\/p>\n\n\n\n<p> G\u00e9r\u00e9 par : Fundaci\u00f3n Xilema Programas S.L.U,<\/p>\n\n\n\n<p>\nProgrammes<\/p>\n\n\n\n<ul class=\"wp-block-list\">\n<li><br>\titin\u00e9rants<br>\t(s\u00e9jour court) 35 places. S\u00e9jour maximum : 3 nuits par an. Les<br>\tmineurs ne sont pas autoris\u00e9s. <br>\t<br>\t<\/li>\n\n\n\n<li><br>\tInscrits<br>\tsur le registre de la mairie et AVEC RAPPORT D\u2019UN ASSISTANT SOCIAL<br>\t(s\u00e9jour de dur\u00e9e moyenne). 15 places. <br>\t<br><\/li>\n<\/ul>\n\n\n\n<p>\nCondition\n: \u00eatre inscrit sur le registre de la mairie de Pampelune. Les\nmineurs ne sont pas autoris\u00e9s. S\u00e9jour maximum : 6 mois. Service :\nles besoins de base sont pris en charge (logement, nourriture,\nhygi\u00e8ne). Des activit\u00e9s obligatoires, sont propos\u00e9es le matin,\nprincipalement \u00e0 vis\u00e9e occupationnelle, visant \u00e0 surmonter une\nsituation de forte exclusion. L&#8217;apr\u00e8s-midi, des activit\u00e9s de loisir\nfacultatives sont propos\u00e9es. \n<\/p>\n\n\n\n<ul class=\"wp-block-list\">\n<li> Accompagnement et attention directe dans la rue (environnement ouvert), dans toute la ville ; accompagnement social et sanitaire, etc. aux personnes sans domicile fixe qui n\u2019acc\u00e8dent pas au centre d&#8217;h\u00e9bergement ou qui en sortent et qui ont besoin d&#8217;un suivi et\/ou qui ont des probl\u00e8mes pour acc\u00e9der aux circuits normaux d&#8217;attention. Deux travailleurs du centre effectuent des trajets quotidiens pour localiser les personnes vivant dans la rue.  <\/li>\n\n\n\n<li> vague de froid du 1er novembre \u00e0 mars. Le centre augmente le nombre de places de 50 \u00e0 64 et, si elles sont toutes occup\u00e9es, des bons de pension sont fournis. Aucune condition d&#8217;entr\u00e9e. Les mineurs ne sont pas autoris\u00e9s.  <\/li>\n<\/ul>\n\n\n\n<p>\n<strong>AUBERGE DE ALSASUA<\/strong>, Calle\nF\u00e9lix Arano, 3. Tfno.: 948 467 662<\/p>\n\n\n\n<p>\n<strong>AUBERGE DE ARGUEDAS (C\u00c1RITAS\nDIOCESANA)<\/strong>, Calle Bardenas, s\/n. Tfno. 948 830 342<\/p>\n\n\n\n<p> <strong>AUBERGE DE TUDELA<\/strong>. Calle Terrapl\u00e9n s\/n. Tfno. 948 411 620<\/p>\n\n\n\n<p>\n<strong>Bons\nde pension &#8211; Service UPAS &#8211; Police municipal (Unit\u00e9 de protection et\nd&#8217;action sociale de la Mairie de Pamplona-Iru\u00f1a). T\u00e9l\u00e9phone 092 et\n948420640 et SERVICES SOCIAUX.<\/strong><\/p>\n\n\n\n<p> Des bons de pension sont fournis en cas d&#8217;absence d&#8217;alternative de logement et d&#8217;extr\u00eame n\u00e9cessit\u00e9, afin de pouvoir passer la nuit en pension. Le jour suivant, il est n\u00e9cessaire d\u2019aller voir l&#8217;assistant social pour prolonger le s\u00e9jour en pension, en recevant de nouveaux bons. S\u2019y rendre pendant les heures d&#8217;ouverture des Unit\u00e9s de Quartier.<\/p>\n\n\n\n<p> <strong>VIOLENCES SEXISTES<\/strong>. La mairie de Pampelune-Iru\u00f1a dispose d\u2019appartements de tutelle pour les femmes qui souffrent ou ont souffert de violence sexiste dans ce pays ou dans un autre. Service d&#8217;attention au SMAN (Edificio la Carbonilla \u00e0 C\/Marcelo Celayeta 51 \u00e0 Rotxapea). TFNO.948420940<\/p>\n\n\n\n<p> <strong>ACCUEIL DES MINEURS<\/strong>. Ce programme de G.N. dispose de centres et d&#8217;un r\u00e9seau d&#8217;appartements dans toute la Navarre. Il assure des soins, l&#8217;apprentissage de l&#8217;espagnol et la formation. D\u00e9partement de la Famille et des Mineurs Calle Abejeras 5-7-9, Pampelune. T\u00e9l. 848 421210<\/p>\n\n\n\n<p>\n<strong>LOCATIONS<\/strong><\/p>\n\n\n\n<p>\n<strong>NASUVINSA\ng\u00e8re une bourse de logements sociaux locatifs : <\/strong>\n<\/p>\n\n\n\n<p>\nT\u00e9l.\n948220819. \n<\/p>\n\n\n\n<p>\nConditions\n: situation administrative r\u00e9guli\u00e8re (avoir des papiers) et 3 000\neuros de revenus dans la D\u00e9claration d\u2019imp\u00f4ts de l\u2019ann\u00e9e\nant\u00e9rieure. Le programme de LOGEMENTS DE PARTICULIERS DONT LA\nGESTION DE LA LOCATION EST EFFECTU\u00c9E PAR NASUVINSA en fait\npartie.<\/p>\n\n\n\n<p>\nNavarra\nde Suelo y Vivienda SA, soci\u00e9t\u00e9 publique de logement et urbanisme\ndu Gouvernement de Navarre, situ\u00e9e \u00e0 l&#8217;Av. San Jorge 8, bajo. 31012\nPAMPLONA, dispose d&#8217;un Service de Location prot\u00e9g\u00e9 qui assure un\nservice et une gestion personnalis\u00e9s, depuis ses bureaux, pour\nl&#8217;attribution &#8211; entre le Recensement des Candidats et au moyen d&#8217;un\nbar\u00e8me &#8211; de logements locatifs dans le propre parc de Nasuvinsa ou\ndans la Bourse de Location, en r\u00e9alisant les contrats et les\nrenouvellements le cas \u00e9ch\u00e9ant, ainsi que leur entretien. \n<\/p>\n\n\n\n<p>\n<strong>Conditions\npour opter \u00e0 un logement en location de NASUVINSA<\/strong><\/p>\n\n\n\n<p><a href=\"http:\/\/www.navarra.es\/home_es\/Temas\/Vivienda\/Ciudadanos\/Censo+de+vivienda\/Que+es+el+censo\/\">http:\/\/www.navarra.es\/home_es\/Temas\/Vivienda\/Ciudadanos\/Censo+de+vivienda\/Que+es+el+censo\/<\/a><\/p>\n\n\n\n<p> <strong>APPARTEMENTS COMMUNAUTAIRES : Programme pour les personnes \u00e2g\u00e9es<\/strong>, de la Mairie de Pampelune. Faire la d\u00e9marche par l&#8217;interm\u00e9diaire d&#8217;un travailleur social. Calle Zapater\u00eda 40, t\u00e9l. 420509<\/p>\n\n\n\n<p>\n<strong>LOGEMENTS\nD&#8217;URGENCE DE LA MUNICIPALIT\u00c9 DE PAMPLONA IRU\u00d1A. <\/strong>\n<\/p>\n\n\n\n<p>\nOffice\ndu Logement de la rue Descalzos. T\u00e9l. 948 420095<\/p>\n\n\n\n<ul class=\"wp-block-list\">\n<li> Les demandes doivent \u00eatre pr\u00e9sent\u00e9es \u00e0 l&#8217;Office du logement de Pampelune. Les logements sont attribu\u00e9s selon un bar\u00e8me et pour une dur\u00e9e de trois ans. Un rapport d\u2019un assistant social doit \u00eatre pr\u00e9sent\u00e9. <\/li>\n\n\n\n<li> Il est n\u00e9cessaire de prouver que l&#8217;on r\u00e9side \u00e0 Pampelune depuis deux ans et que l&#8217;on ne d\u00e9passe pas un plafond de revenu familial, en plus de ne pas poss\u00e9der de logement en propre.  <\/li>\n\n\n\n<li> Se trouver dans une situation d&#8217;urgence en mati\u00e8re de logement.  <\/li>\n<\/ul>\n\n\n\n<p>\n<strong>LOGEMENTS\nSOCIAUX D&#8217;URGENCE DES AUTRES MAIRIES DE NAVARRE<\/strong>. Les Mairies de\nBaztan, Berriozar, Huarte, Tafalla, Tudela et Noain disposent de\nquelques logements d&#8217;urgence. Obtenez des informations dans chaque\nconseil municipal par le biais du service social de base.<\/p>\n\n\n\n<ul class=\"wp-block-list\">\n<li> La dur\u00e9e maximale de la concession de logement de la Mairie de Baztan est d&#8217;un an et peut \u00eatre prolong\u00e9e pour un maximum de 4 ann\u00e9es suppl\u00e9mentaires.  <\/li>\n\n\n\n<li> La p\u00e9riode maximale de concession de logement de la Mairie de Huarte est de 6 mois et ne peut \u00eatre prolong\u00e9e qu&#8217;une seule fois de 6 mois suppl\u00e9mentaires.  <\/li>\n\n\n\n<li> La concession d\u2019un logement lou\u00e9 par la Mairie de Tafalla est maintenue tant que dure la situation de la personne \u00e0 laquelle il a \u00e9t\u00e9 lou\u00e9.  <\/li>\n\n\n\n<li> La dur\u00e9e maximale de la concession d&#8217;un logement par la Mairie de Tudela est de 2 ans et peut \u00eatre prolong\u00e9e de 2 ans au maximum, si les conditions sont remplies, sauf pour les personnes de plus de 65 ans et les personnes handicap\u00e9es.  <\/li>\n\n\n\n<li> La dur\u00e9e initiale du s\u00e9jour dans les appartements sociaux de location de la Communaut\u00e9 de Services Sociaux de  la Zone de Noain est de 3 mois, qui peut \u00eatre prolong\u00e9e pour une dur\u00e9e maximale d&#8217;un an.  <\/li>\n<\/ul>\n\n\n\n<p>\n<strong>Ressources\nsp\u00e9cifiques d\u2019accompagnement dans l\u2019acc\u00e8s au logement :<\/strong><\/p>\n\n\n\n<p>\n<strong>EISOVI.\n\u00c9quipe d\u2019insertion sociale par le logement.<\/strong> Avenue San Jorge,\n75. 1, T\u00e9l. 948 30 26 27<\/p>\n\n\n\n<p>\nIl\ns&#8217;agit d&#8217;un service d&#8217;insertion sociale par le logement qui vise \u00e0\nfaciliter l&#8217;inclusion sociale des personnes touch\u00e9es par une grave\nexclusion r\u00e9sidentielle. Il faut y \u00eatre orient\u00e9 par les Unit\u00e9s de\nQuartier de Pampelune-Iru\u00f1a ou les Services Sociaux de base de la\nr\u00e9gion. Le service est g\u00e9r\u00e9 par Adsis-Santa Lucia et les\nappartements d\u00e9pendent du Fond Foral du Gouvernement de Navarre.<\/p>\n\n\n\n<p>\nIl\nvise l\u2019int\u00e9gration des personnes \u00e0 leur environnement et \u00e0\nassurer une am\u00e9lioration effective du groupe familial, par le biais\nd&#8217;un soutien et d&#8217;une m\u00e9diation dans l&#8217;acc\u00e8s au logement.&nbsp;<\/p>\n\n\n\n<p> Il s&#8217;agit d&#8217;une ressource sp\u00e9cialis\u00e9e pour soutenir et renforcer les services sociaux de base.<\/p>\n\n\n\n<p>\nMissions\n:<\/p>\n\n\n\n<ul class=\"wp-block-list\">\n<li> \u00c9valuation de l\u2019usager et de son environnement.  <\/li>\n\n\n\n<li> Elaboration d&#8217;un plan d&#8217;attention individualis\u00e9.  <\/li>\n\n\n\n<li> Accompagnement social.  <\/li>\n\n\n\n<li> Aide \u00e0 la recherche de logement.  <\/li>\n\n\n\n<li> M\u00e9diation dans l&#8217;acc\u00e8s au logement.  <\/li>\n\n\n\n<li> Prospection d&#8217;offres immobili\u00e8res.  <\/li>\n\n\n\n<li> Conseils en la mati\u00e8re, adress\u00e9s autant aux services sociaux de base qu&#8217;aux usagers qu\u2019ils leur ont envoy\u00e9.  <\/li>\n<\/ul>\n\n\n\n<p>\n<strong>VIVIENDAS\nVAIS (Int\u00e9gration sociale, g\u00e9r\u00e9e par les entit\u00e9s suivantes)<\/strong><\/p>\n\n\n\n<ul class=\"wp-block-list\">\n<li> <strong>CARITAS<\/strong> &#8211; Caritas g\u00e8re certains de ces logements. Responsable du service du logement de Caritas, Eva Arrese. T\u00e9l. 948 225 909  <\/li>\n\n\n\n<li> <strong>Paris 365<\/strong> &#8211; Dispose de plusieurs logements pour les familles en situation d&#8217;exclusion r\u00e9sidentielle s\u00e9v\u00e8re. Calle Mayor 75 rez-de-chauss\u00e9e. T\u00e9l. 948 222 425 &#8211; <a href=\"mailto:paris365@paris365.org\">paris365@paris365.org<\/a> <\/li>\n\n\n\n<li> <strong>Le SECRETARIAT GITAN<\/strong>, dispose \u00e9galement de plusieurs logements c\u00e9d\u00e9s par G.N. pour aider \u00e0 l&#8217;int\u00e9gration des personnes de l&#8217;ethnie gitane. Calle San Blas 2. 948 38 26 80 ; Courriel : <a href=\"mailto:fsgpamplona@gitanos.org\">fsgpamplona@gitanos.org<\/a> <\/li>\n\n\n\n<li> <strong>CHALET DE CAPARROSO<\/strong> dans la c\u00f4te du LABRIT, c\u00e9d\u00e9 par la ville d&#8217;Iru\u00f1a au CEAR, pour l&#8217;accueil des r\u00e9fugi\u00e9s.  <\/li>\n\n\n\n<li> <strong><a href=\"http:\/\/www.salhaketa-nafarroa.com\/\">SALHAKETA<\/a><\/strong> &#8211; L&#8217;Association Salhaketa de soutien aux prisonniers et prisonni\u00e8res de Pampelune g\u00e8re plusieurs logements dans le cadre d&#8217;un programme subventionn\u00e9 par le Gouvernement de Navarre. 1 appartement est d\u00e9di\u00e9 \u00e0 l\u2019accueil des prisonniers. Ils peuvent \u00e9galement s&#8217;occuper des personnes qui ont d\u00e9j\u00e0 \u00e9t\u00e9 lib\u00e9r\u00e9es de prison, au troisi\u00e8me degr\u00e9, en libert\u00e9 conditionnelle ou d\u00e9finitive, et qui manquent de soutien social et familial. Calle Irunlarrea 59, T\u00e9l. 625.17.55.56 <a href=\"mailto:salhaketa.nafarroa@gmail.com\">salhaketa.nafarroa@gmail.com<\/a><\/li>\n<\/ul>\n\n\n\n<p><strong>RESSOURCES PRIV\u00c9ES \/ R\u00e9sidences ou logements de l\u2019\u00c9glise<\/strong><\/p>\n\n\n\n<ul class=\"wp-block-list\">\n<li><br>\t<strong>RESIDENCIA<br>\tCARITAS<\/strong> dans le quartier de Milagrosa, Calle Rio Urederra 14, \u00e0<br>\tPampelune. \u00c9valuation pr\u00e9alable par l\u2019assistant(e) social de<br>\tCaritas. Elle peut accueillir 8 \u00e0 10 familles. Comprend une<br>\t\u00e9valuation, un plan d\u2019accompagnement et une aide \u00e0 l&#8217;acc\u00e8s au<br>\tlogement. Caritas se trouve \u00e0 San Ant\u00f3n, 8 &#8211; 1\u00ba- PAMPLONA Tfno.<br>\t948 225 909 <br>\t<br>\t<\/li>\n\n\n\n<li><br>\t<strong>CASA<br>\tDE ACOGIDA HOGAR ZOE<\/strong>. Il s\u2019agit d\u2019un centre des Filles de la<br>\tCharit\u00e9 de Saint Vincent de Paul pour l&#8217;accueil des personnes<br>\tatteintes du VIH\/SIDA, sans ressources r\u00e9sidentielles. Il poss\u00e8de<br>\tune convention avec le Gouvernement de Navarre. Route d&#8217;Etxauri \u00e0<br>\tOrorbia. T\u00e9l. 925 21 63 77 <br>\t<br>\t<\/li>\n\n\n\n<li><br>\t<strong>CENTRO<br>\tVIDA NUEVA<\/strong> \u00e0 Ciriza (Navarre). Il s&#8217;agit d&#8217;une r\u00e9sidence<br>\tpriv\u00e9e chr\u00e9tienne. Elle b\u00e9n\u00e9ficie de subventions d&#8217;entit\u00e9s<br>\ttelles que la Caixa, Triodos, Innova et Gob.Navarra. Elle compte 30<br>\t\u00e0 40 places. Rue Ubaten, 31174 Ciriza, Navarra. T\u00e9l\u00e9phone : 948<br>\t32 22 01 <br>\t<br>\t<\/li>\n\n\n\n<li><br>\t<strong>CUARTICOS<br>\tDE SAN MARTIN<\/strong>, situ\u00e9 dans la Calle Calderer\u00eda 15 bajo. Le<br>\tcentre est g\u00e9r\u00e9 par une Confr\u00e9rie li\u00e9e \u00e0 l&#8217;\u00c9glise de San<br>\tAgust\u00edn. Il dispose de 18 appartements pour les femmes \u00e2g\u00e9es.<br>\tTfno.948 225275 <br>\t<br>\t<\/li>\n\n\n\n<li><br>\t<strong>VILLA<br>\tTERESITA<\/strong>, situ\u00e9e \u00e0 Beloso Alto. Elle dispose de quelques<br>\tplaces en r\u00e9sidence pour les femmes en situation d&#8217;exclusion<br>\tsociale. <br>\t<br>\t<\/li>\n\n\n\n<li><br>\t<strong>RESIDENCIA<br>\tDE TERESIANAS<\/strong>, situ\u00e9e Calle Mayor \u00e0 Pampelune, elle accueille<br>\tles femmes avec enfants n\u00e9cessitant un h\u00e9bergement d\u2019urgence. Un<br>\trapport d\u2019un(e) assistant(e) social est n\u00e9cessaire. Elle d\u00e9tient<br>\tune convention avec le Gouvernement de Navarre. Esperanza 657035 309<br>\t<br>\t<br>\t<\/li>\n\n\n\n<li><br>\t<strong>RESIDENCIA<br>\tNAZARET de CARITAS DIOCESANA<\/strong>. Il s&#8217;agit d&#8217;une r\u00e9sidence pour<br>\tles hommes sans domicile fixe, inscrits sur les registres d\u2019une<br>\tmairie de Navarre depuis au moins deux ans. C&#8217;est un service qui<br>\tcompl\u00e8te celui du Centro San Francisco. <br>\t<br><\/li>\n<\/ul>\n\n\n\n<p>\n<strong>AUTRES\n: <\/strong>\n<\/p>\n\n\n\n<p>\n<strong>Informations\nsur les ressources publiques en mati\u00e8re de logement :<\/strong><\/p>\n\n\n\n<p><a href=\"http:\/\/www.navarra.es\/home_es\/Temas\/Vivienda\/Ciudadanos\/\">http:\/\/www.navarra.es\/home_es\/Temas\/Vivienda\/Ciudadanos\/<\/a><\/p>\n\n\n\n<p>\n<strong>Informations\net conseils sur le logement<\/strong><\/p>\n\n\n\n<p>\nService\ndu logement (Direction g\u00e9n\u00e9rale de l&#8217;inclusion et de la protection\nsociales. D\u00e9partement des droits sociaux &#8211; Gouvernement de Navarre)<\/p>\n\n\n\n<p>\nC\/Alh\u00f3ndiga,\n1 &#8211; 1\u00ba. 31002 PAMPLONA T\u00e9l\u00e9phone : 848 426 812<\/p>\n\n\n\n<p> <strong>Soutien aux personnes expuls\u00e9s OU R\u00c9SIDANT EN CHAMBRE<\/strong><\/p>\n\n\n\n<p>\n<strong>PAH\ndu Casco Viejo<\/strong><\/p>\n\n\n\n<p>\nT\u00e9l\u00e9phone\n: <strong>695049511<\/strong> 648265920<\/p>\n\n\n\n<p>\nCourriel\n: <a href=\"mailto:pahvivienda@gmail.com\">pahvivienda@gmail.com<\/a><\/p>\n\n\n\n<p>\nR\u00e9unions\nle jeudi \u00e0 18h00 \u00e0 C\/ Calderer\u00eda 11, bajo, Pamplona-Iru\u00f1a. \n<\/p>\n\n\n\n<p>\n<strong>PAH\nBerriozar <\/strong>c\/Etxaburua (Casa de Cultura) Assembl\u00e9e  le lundi,\n18h30 \n<\/p>\n\n\n\n<p>\nT\u00e9l\u00e9phone\n: 644214354 \n<\/p>\n\n\n\n<p>\nMail\n: <a href=\"mailto:pah.berriozar@gmail.com\">pah.berriozar@gmail.com<\/a><\/p>\n\n\n\n<p>\n<strong>PAH\nSan Jorge &#8211; Sanduzelai <\/strong>Accueil\nle mardi de 17h30 \u00e0 18h30, Assembl\u00e9e de 18h30 \u00e0 20h Association de\nquartier<br>C\/Labaien, 17 bajo (salle 3 du Centre Communautaire San\nJorge &#8211; Sanduzelai) Mail : <a href=\"mailto:pahsanduzelai@gmail.com\">pahsanduzelai@gmail.com<\/a><\/p>\n\n\n\n<p>\nT\u00e9l\u00e9phone\n: 628 645 850<\/p>\n\n\n\n<p>\n<strong>PAH\nTafalla<\/strong><\/p>\n\n\n\n<p>\nAssembl\u00e9e\n: lundi \u00e0 19h au Centre Civique Tafalla, Accueil \u00e0 18h \n<\/p>\n\n\n\n<p>\nEmail\n: <a href=\"mailto:pahtafalla@gmail.com\">pahtafalla@gmail.com<\/a>\n\n<\/p>\n\n\n\n<p>\nT\u00e9l\u00e9phone\n: 619 117 397<\/p>\n\n\n\n<p><strong>PAH Ribera de Navarra<\/strong> : Assembl\u00e9e le lundi 18h Centre Lasa (district de Lourdes) accueille les nouveaux cas et se r\u00e9unit \u00e0 20h.<br>Mail : <a href=\"mailto:pah.riberanavarra@hotmail.com\">pah.riberanavarra@hotmail.com<\/a> T\u00e9l\u00e9phone : 654 92 99 32<\/p>\n","protected":false},"excerpt":{"rendered":"<p>RESSOURCES PUBLIQUES CONCERNANT LE LOGEMENT TEMPORAIRE, LE LOGEMENT LOCATIF ET DES AIDES EXISTANTES URGENCE Auberge Trinitarios \u00e0 PAMPLONA-IRU\u00d1A. Service d\u2019attention aux sans-abri. T\u00c9L. 948 104 902. Avenue de Guip\u00fazcoa. Service destin\u00e9 aux personnes en situation d\u2019exclusion grave, aux sans-abri et aux personnes pr\u00e9sentant une grande vuln\u00e9rabilit\u00e9 sociale. Une ressource municipale qui s&#8217;occupe des personnes qui [&hellip;]<\/p>\n","protected":false},"author":1,"featured_media":202,"parent":0,"menu_order":0,"comment_status":"closed","ping_status":"closed","template":"templates\/template-cover.php","meta":{"footnotes":""},"class_list":["post-3132","page","type-page","status-publish","has-post-thumbnail","hentry"],"jetpack_sharing_enabled":true,"_links":{"self":[{"href":"https:\/\/pim-mig.info\/index.php\/wp-json\/wp\/v2\/pages\/3132","targetHints":{"allow":["GET"]}}],"collection":[{"href":"https:\/\/pim-mig.info\/index.php\/wp-json\/wp\/v2\/pages"}],"about":[{"href":"https:\/\/pim-mig.info\/index.php\/wp-json\/wp\/v2\/types\/page"}],"author":[{"embeddable":true,"href":"https:\/\/pim-mig.info\/index.php\/wp-json\/wp\/v2\/users\/1"}],"replies":[{"embeddable":true,"href":"https:\/\/pim-mig.info\/index.php\/wp-json\/wp\/v2\/comments?post=3132"}],"version-history":[{"count":1,"href":"https:\/\/pim-mig.info\/index.php\/wp-json\/wp\/v2\/pages\/3132\/revisions"}],"predecessor-version":[{"id":3133,"href":"https:\/\/pim-mig.info\/index.php\/wp-json\/wp\/v2\/pages\/3132\/revisions\/3133"}],"wp:featuredmedia":[{"embeddable":true,"href":"https:\/\/pim-mig.info\/index.php\/wp-json\/wp\/v2\/media\/202"}],"wp:attachment":[{"href":"https:\/\/pim-mig.info\/index.php\/wp-json\/wp\/v2\/media?parent=3132"}],"curies":[{"name":"wp","href":"https:\/\/api.w.org\/{rel}","templated":true}]}}