{"id":2773,"date":"2025-11-27T11:12:20","date_gmt":"2025-11-27T10:12:20","guid":{"rendered":"https:\/\/pim-mig.info\/?page_id=2773"},"modified":"2025-11-27T11:21:24","modified_gmt":"2025-11-27T10:21:24","slug":"emploi-2","status":"publish","type":"page","link":"https:\/\/pim-mig.info\/index.php\/fr\/emploi-2\/","title":{"rendered":"Emploi"},"content":{"rendered":"\n<h4 class=\"wp-block-heading has-text-align-center\"><strong><mark style=\"background-color:rgba(0, 0, 0, 0)\" class=\"has-inline-color has-accent-color\"><strong>Si vous \u00eates en situation administrative irr\u00e9guli\u00e8re<\/strong><\/mark><\/strong><\/h4>\n\n\n\n<p>Le fait d&#8217;\u00eatre sans papiers vous emp\u00eache de travailler l\u00e9galement. Profitez de cette p\u00e9riode pour suivre une formation qui vous permettra d&#8217;obtenir un titre de s\u00e9jour. Voir les sections&nbsp;<strong><a href=\"https:\/\/pim-mig.info\/index.php\/fr\/demande-dasile\/\" target=\"_blank\" rel=\"noreferrer noopener\"><strong>enracinement et asile<\/strong>.<\/a><\/strong><\/p>\n\n\n\n<p><strong>Centre d&#8217;insertion professionnelle San Francisco (<a href=\"https:\/\/www.caritaspamplona.org\/que-hacemos\/accion-social\/\" target=\"_blank\" rel=\"noreferrer noopener\">C\u00e1ritas Diocesana<\/a>)<\/strong>: propose des services et activit\u00e9s d&#8217;insertion professionnelle, de formation et de d\u00e9veloppement personnel aux personnes en difficult\u00e9 d&#8217;insertion sociale. Il ne s&#8217;agit pas d&#8217;un contrat de travail. Les rendez-vous peuvent \u00eatre pris par t\u00e9l\u00e9phone le lundi matin au 608&nbsp;608&nbsp;089 (veuillez r\u00e9essayer si la ligne est occup\u00e9e). Paroisse San Miguel: les rendez-vous peuvent \u00eatre pris \u00e0 l&#8217;adresse suivante: Calle Francisco Bergam\u00edn, 17-1\u00ba, Pampelune. T\u00e9l\u00e9phone: 643&nbsp;875&nbsp;310 (veuillez prendre rendez-vous et envoyer un message WhatsApp \u00e0 Marisa avec votre CV et votre objectif professionnel).<\/p>\n\n\n\n<p><strong>Mar\u00eda Inmaculada:<\/strong>&nbsp;rendez-vous requis \u00e0 Avda. Roncesvalles, 1. T\u00e9l\u00e9phone: 948 225 008 (\u00e0 partir du 3 mai, les rendez-vous sont donn\u00e9s de 9h00 \u00e0 13h30).<\/p>\n\n\n\n<p><strong><a href=\"https:\/\/fundacioncore.org\/\" target=\"_blank\" rel=\"noreferrer noopener\">Fundaci\u00f3n Core<\/a><\/strong>&nbsp;.<\/p>\n\n\n\n<h4 class=\"wp-block-heading has-text-align-center\"><strong><mark style=\"background-color:rgba(0, 0, 0, 0)\" class=\"has-inline-color has-accent-color\">si vous \u00eates dans une situation normale<\/mark><\/strong><\/h4>\n\n\n\n<p>Pour travailler l\u00e9galement, vous avez besoin d&#8217;un permis de s\u00e9jour et d&#8217;un permis de travail.<\/p>\n\n\n\n<h4 class=\"wp-block-heading\"><strong>RECHERCHE D&#8217;EMPLOI<\/strong><\/h4>\n\n\n\n<p><a rel=\"noreferrer noopener\" href=\"https:\/\/www.koine-aequalitas.org\/agencia-de-colocacion\/\" target=\"_blank\"><strong>Koine<\/strong><\/a>&nbsp;propose des services sp\u00e9cifiques aux personnes salari\u00e9es et aux demandeurs d&#8217;emploi&nbsp;: placement, d\u00e9veloppement professionnel et am\u00e9lioration de l&#8217;employabilit\u00e9. L&#8217;organisme est sp\u00e9cialis\u00e9 dans l&#8217;accompagnement des travailleurs en situation de risque d&#8217;exclusion sociale.<\/p>\n\n\n\n<p><a href=\"http:\/\/www.navarra.es\/home_es\/Temas\/Empleo+y+Economia\/Empleo\/Empleo\/Ofertas+de+empleo\/\" target=\"_blank\" rel=\"noreferrer noopener\"><strong>Les offres d\u2019emploi en Navarre<\/strong><\/a>&nbsp;vous permet de consulter les postes vacants, de postuler et de suivre l\u2019\u00e9volution de vos candidatures. L\u2019inscription est obligatoire pour postuler. En cas de probl\u00e8me, veuillez appeler le 848 42 01 00 (du lundi au vendredi, de 8h30 \u00e0 14h30).<\/p>\n\n\n\n<p><a href=\"https:\/\/www.navarra.es\/es\/tramites\/on\/-\/line\/Cita-previa-empleo?pageBackId=6529020\" target=\"_blank\" rel=\"noreferrer noopener\"><strong>Rendez-vous au P\u00f4le emploi de Navarre<\/strong><\/a><\/p>\n\n\n\n<p><strong>Les agences d&#8217;emploi<\/strong>&nbsp;ont pour mission de fournir un emploi aux personnes sans emploi. Pour ce faire, elles \u00e9valuent les profils, les comp\u00e9tences et les connaissances des candidats, et proposent des conseils, des informations sur les carri\u00e8res et participent au recrutement.<\/p>\n\n\n\n<p><strong>Agences de travail temporaire (ATE):<\/strong>&nbsp;Ces agences embauchent des travailleurs pour les mettre temporairement \u00e0 disposition d\u2019une autre entreprise. Le salaire doit \u00eatre stipul\u00e9 dans la convention collective de l\u2019entreprise employeuse.<\/p>\n\n\n\n<p><a rel=\"noreferrer noopener\" href=\"https:\/\/moveonjobs.es\/provincia\/navarra\/\" target=\"_blank\"><strong>Liste des bureaux de placement et des agences d&#8217;emploi en Navarre<\/strong><\/a><\/p>\n\n\n\n<h4 class=\"wp-block-heading\"><strong>AUTRES MOYENS DE TROUVER UN EMPLOI<\/strong><\/h4>\n\n\n\n<p><strong>Les contacts personnels ou associatifs (<\/strong>&nbsp;connaissances, famille, amis, membres d&#8217;associations) jouent un r\u00f4le important dans la recherche d&#8217;emploi. Certaines entreprises ne publient pas leurs offres d&#8217;emploi aupr\u00e8s du P\u00f4le emploi de Navarre ni en ligne; seuls leurs employ\u00e9s en ont connaissance.<\/p>\n\n\n\n<p><strong><br>ASSOCIATION DES ENTREPRISES D&#8217;INT\u00c9GRATION DE NAVARRE<\/strong>: Organismes et entreprises \u0153uvrant pour l&#8217;insertion sociale et professionnelle des personnes en difficult\u00e9 d&#8217;acc\u00e8s \u00e0 l&#8217;emploi.&nbsp;<a href=\"https:\/\/www.einavarra.org\/empresas\/\" target=\"_blank\" rel=\"noreferrer noopener\">Liste des organismes et entreprises<\/a>.<\/p>\n\n\n\n<p><strong>R\u00e9seau Navarre d&#8217;Aide \u00e0 l&#8217;Entrepreneuriat:<\/strong>&nbsp;fournit des informations, de la diffusion, des formations, des orientations, des conseils et des services de soutien pour la mise en \u0153uvre de projets entrepreneuriaux.&nbsp;<\/p>\n\n\n\n<p><strong>Red Conecta:<\/strong>&nbsp;un r\u00e9seau de t\u00e9l\u00e9centres con\u00e7u pour favoriser l&#8217;inclusion sociale de tous. Il accompagne les personnes qui n&#8217;ont pas d&#8217;ordinateur ou d&#8217;acc\u00e8s \u00e0 Internet, ou qui ont besoin d&#8217;aide pour trouver un emploi en ligne.&nbsp;<a href=\"http:\/\/www.gaztelan.org\/busqueda-empleo\/busco-empleo\/conecta-para-quien-busca-empleo\" target=\"_blank\" rel=\"noreferrer noopener\">Des ordinateurs sont disponibles<\/a>.<\/p>\n\n\n\n<h4 class=\"wp-block-heading\"><strong>AUTRES<\/strong><\/h4>\n\n\n\n<p>Pour trouver un emploi, il est important&nbsp;<strong><a href=\"http:\/\/pim-mig.info\/index.php\/fr\/education\/\" target=\"_blank\" rel=\"noreferrer noopener\">d&#8217;apprendre l&#8217;espagnol<\/a><\/strong>.<\/p>\n\n\n\n<p><strong>Reconnaissance des dipl\u00f4mes \u00e9trangers:&nbsp;<\/strong>vous permet d\u2019exercer la profession pour laquelle vous avez obtenu votre dipl\u00f4me dans votre pays d\u2019origine. Plus d\u2019informations dans la section Formation.<\/p>\n\n\n\n<p><strong>Proc\u00e9dures relatives aux permis de travail pour les ressortissants \u00e9trangers:<\/strong>&nbsp;demande, modification et renouvellement des permis de travail et de s\u00e9jour, autorisations d\u2019emploi.&nbsp;<strong><a href=\"https:\/\/extranjeros.inclusion.gob.es\/es\/InformacionInteres\/InformacionProcedimientos\/Ciudadanosnocomunitarios\/hoja017\/index.html\" target=\"_blank\" rel=\"noreferrer noopener\">Autorisation initiale de s\u00e9jour temporaire et d\u2019emploi.<\/a><\/strong>&nbsp;Bureau unique de l\u2019immigration. Av. Guip\u00fazcoa, 40. 31011 Pampelune. T\u00e9l.: 948&nbsp;979&nbsp;200 \/ 948&nbsp;979&nbsp;203.<\/p>\n\n\n\n<h4 class=\"wp-block-heading\"><strong>AIDE ET PRESTATIONS<\/strong><\/h4>\n\n\n\n<p>Ces services sont offerts aux personnes dont les besoins fondamentaux ne sont pas satisfaits.&nbsp;<a href=\"https:\/\/pim-mig.info\/index.php\/fr\/informations-de-base\/\" target=\"_blank\" rel=\"noreferrer noopener\">En savoir plus<\/a>.<\/p>\n\n\n\n<p><em><strong>Le contenu de cette page est \u00e0 titre informatif uniquement.&nbsp;Nous vous remercions si vous nous communiquez une erreur ou un manque d\u2019informations.<\/strong><\/em><\/p>\n","protected":false},"excerpt":{"rendered":"<p>Si vous \u00eates en situation administrative irr\u00e9guli\u00e8re Le fait d&#8217;\u00eatre sans papiers vous emp\u00eache de travailler l\u00e9galement. Profitez de cette p\u00e9riode pour suivre une formation qui vous permettra d&#8217;obtenir un titre de s\u00e9jour. Voir les sections&nbsp;enracinement et asile. Centre d&#8217;insertion professionnelle San Francisco (C\u00e1ritas Diocesana): propose des services et activit\u00e9s d&#8217;insertion professionnelle, de formation et [&hellip;]<\/p>\n","protected":false},"author":2,"featured_media":2267,"parent":0,"menu_order":0,"comment_status":"closed","ping_status":"closed","template":"templates\/template-cover.php","meta":{"footnotes":""},"class_list":["post-2773","page","type-page","status-publish","has-post-thumbnail","hentry"],"jetpack_sharing_enabled":true,"_links":{"self":[{"href":"https:\/\/pim-mig.info\/index.php\/wp-json\/wp\/v2\/pages\/2773","targetHints":{"allow":["GET"]}}],"collection":[{"href":"https:\/\/pim-mig.info\/index.php\/wp-json\/wp\/v2\/pages"}],"about":[{"href":"https:\/\/pim-mig.info\/index.php\/wp-json\/wp\/v2\/types\/page"}],"author":[{"embeddable":true,"href":"https:\/\/pim-mig.info\/index.php\/wp-json\/wp\/v2\/users\/2"}],"replies":[{"embeddable":true,"href":"https:\/\/pim-mig.info\/index.php\/wp-json\/wp\/v2\/comments?post=2773"}],"version-history":[{"count":2,"href":"https:\/\/pim-mig.info\/index.php\/wp-json\/wp\/v2\/pages\/2773\/revisions"}],"predecessor-version":[{"id":2778,"href":"https:\/\/pim-mig.info\/index.php\/wp-json\/wp\/v2\/pages\/2773\/revisions\/2778"}],"wp:featuredmedia":[{"embeddable":true,"href":"https:\/\/pim-mig.info\/index.php\/wp-json\/wp\/v2\/media\/2267"}],"wp:attachment":[{"href":"https:\/\/pim-mig.info\/index.php\/wp-json\/wp\/v2\/media?parent=2773"}],"curies":[{"name":"wp","href":"https:\/\/api.w.org\/{rel}","templated":true}]}}