{"id":2264,"date":"2025-03-30T15:25:55","date_gmt":"2025-03-30T13:25:55","guid":{"rendered":"https:\/\/pim-mig.info\/?page_id=2264"},"modified":"2026-01-04T11:30:54","modified_gmt":"2026-01-04T10:30:54","slug":"empleo-2","status":"publish","type":"page","link":"https:\/\/pim-mig.info\/index.php\/empleo-2\/","title":{"rendered":"Empleo"},"content":{"rendered":"\n<h2 class=\"wp-block-heading has-text-align-center\"><span class=\"has-inline-color has-accent-color\"><strong>si est\u00e1s en situaci\u00f3n irregular<\/strong><\/span><\/h2>\n\n\n\n<p>Estando en situaci\u00f3n irregular no puedes trabajar legalmente. Ver <a href=\"https:\/\/pim-mig.info\/index.php\/extranjeria-y-asilo\/\" data-type=\"page\" data-id=\"339\" target=\"_blank\" rel=\"noreferrer noopener\"><strong>Arraigo y asilo<\/strong><\/a>. Aprovecha para hacer una formaci\u00f3n que te ayude con el arraigo. Ver <a href=\"https:\/\/pim-mig.info\/index.php\/empleo\/\" target=\"_blank\" rel=\"noreferrer noopener\"><strong>Formaci\u00f3n<\/strong><\/a>.<\/p>\n\n\n\n<p><strong>Centro Ocupacional San Francisco (<a href=\"https:\/\/www.caritaspamplona.org\/que-hacemos\/accion-social\/\" data-type=\"URL\" data-id=\"https:\/\/www.caritaspamplona.org\/que-hacemos\/accion-social\/\" target=\"_blank\" rel=\"noreferrer noopener\">C\u00e1ritas Diocesana<\/a>)<\/strong>: ofrece servicios y actividades ocupacionales, formativas y de desarrollo personal a personas que no pueden integrarse en los procesos socio-laborales normalizados. No se trata de una relaci\u00f3n laboral. Cita previa por tel\u00e9fono los lunes a la ma\u00f1ana en el tel\u00e9fono 608 608 089 (si el n\u00famero est\u00e1 ocupado insistir). Parroquia San Miguel: cita previa en calle Francisco Bergam\u00edn, 17-1\u00ba. Pamplona. Tel\u00e9fono: 643 875 310 (pedir cita y enviar whatsapp a la atenci\u00f3n de Marisa enviando Curr\u00edculum y objetivo laboral).<\/p>\n\n\n\n<p><strong>Mar\u00eda Inmaculada:<\/strong> cita previa en Avda. Roncesvalles, 1. Tel\u00e9fono: 948 225 008 (desde el 3 de mayo dan cita de 9:00 a 13:30h).<\/p>\n\n\n\n<p><strong><a rel=\"noreferrer noopener\" href=\"https:\/\/fundacioncore.org\/\" data-type=\"URL\" data-id=\"https:\/\/fundacioncore.org\/\" target=\"_blank\">Fundaci\u00f3n Core<\/a><\/strong>.<\/p>\n\n\n\n<h2 class=\"wp-block-heading has-text-align-center\"><strong><span class=\"has-inline-color has-accent-color\">si est\u00e1s en situaci\u00f3n regular<\/span><\/strong><\/h2>\n\n\n\n<p>Para poder trabajar legalmente necesitas autorizaci\u00f3n de residencia y autorizaci\u00f3n de trabajo. <\/p>\n\n\n\n<h4 class=\"wp-block-heading\"><strong>B\u00daSQUEDA DE EMPLEO<\/strong><\/h4>\n\n\n\n<p><a rel=\"noreferrer noopener\" href=\"https:\/\/www.koine-aequalitas.org\/agencia-de-colocacion\/\" target=\"_blank\"><strong>Koine<\/strong><\/a> ofrece servicios espec\u00edficos para personas trabajadoras o demandantes de empleo: colocaci\u00f3n, desarrollo profesional y mejora de la empleabilidad. Especializada en ofrecer servicios a las personas trabajadoras con riesgo de exclusi\u00f3n social<\/p>\n\n\n\n<p><a rel=\"noreferrer noopener\" href=\"http:\/\/www.navarra.es\/home_es\/Temas\/Empleo+y+Economia\/Empleo\/Empleo\/Ofertas+de+empleo\/\" target=\"_blank\"><strong>Ofertas de empleo en Navarra<\/strong><\/a> permite consultar las ofertas, inscribirte en ellas y hacer un seguimiento de tus inscripciones.&nbsp;Para poder inscribirte  es necesario registrarse previamente. En caso de problemas llama al tel\u00e9fono 848 42 01 00 (de lunes a viernes, de 8:30 a 14:30 horas).<\/p>\n\n\n\n<p><a rel=\"noreferrer noopener\" href=\"https:\/\/www.navarra.es\/es\/tramites\/on\/-\/line\/Cita-previa-empleo?pageBackId=6529020\" target=\"_blank\"><strong>Cita previa en el Servicio Navarro de Emple<\/strong><\/a><a href=\"https:\/\/www.navarra.es\/es\/tramites\/on\/-\/line\/Cita-previa-empleo?pageBackId=6529020\" target=\"_blank\" rel=\"noreferrer noopener\"><strong>o<\/strong><\/a><\/p>\n\n\n\n<p><strong>Agencias de colocaci\u00f3n: <\/strong>su fin es proporcionar un trabajo a las personas desempleadas. Para ello valoran perfiles, aptitudes o conocimientos y orientan, dan informaci\u00f3n profesional o seleccionan personal.<\/p>\n\n\n\n<p><strong>Empresas de Trabajo Temporal (ETTs): <\/strong>contratan a personas trabajadoras para cederlas temporalmente a otra empresa. Se debe pagar el salario fijado por el convenio de la empresa en la que se va a trabajar.<\/p>\n\n\n\n<p><a rel=\"noreferrer noopener\" href=\"https:\/\/moveonjobs.es\/provincia\/navarra\/\" target=\"_blank\"><strong>Listado de oficinas de empleo y agencias de colocaci\u00f3n en Navarra<\/strong><\/a><\/p>\n\n\n\n<h3 class=\"wp-block-heading\"><strong>OTRAS FORMAS DE BUSCAR EMPLEO<\/strong><\/h3>\n\n\n\n<p><strong>Contactos personales o de asociaciones: <\/strong>para encontrar empleo juegan un importante papel las personas conocidas, familiares, amistades o de asociaciones. Hay empresas que no publican sus ofertas de empleo ni en el Servicio Navarro de Empleo ni en internet y solo las conocen quienes trabajan en ellas.<\/p>\n\n\n\n<p><strong>ASOCIACI\u00d3N DE EMPRESAS DE INSERCI\u00d3N DE NAVARRA<\/strong>: Organizaciones y empresas que trabajan para lograr la integraci\u00f3n social y laboral de personas con dificultades para acceder al empleo. <a rel=\"noreferrer noopener\" href=\"https:\/\/www.einavarra.org\/empresas\/\" target=\"_blank\">Listado de organizaciones y empresas<\/a>.<\/p>\n\n\n\n<p><strong>Red Navarra de Apoyo al Emprendimiento:<\/strong> facilita&nbsp; servicios de informaci\u00f3n, divulgaci\u00f3n, formaci\u00f3n, orientaci\u00f3n, asesoramiento y apoyo en la puesta en marcha de proyectos de emprendimiento.&nbsp;<\/p>\n\n\n\n<p><strong>Red Conecta: <\/strong>red de telecentros promovida para fomentar la inclusi\u00f3n social de todas las personas. Apoya a quien no tiene ordenador o internet o necesita ayuda para buscar empleo por internet. <a rel=\"noreferrer noopener\" href=\"http:\/\/www.gaztelan.org\/busqueda-empleo\/busco-empleo\/conecta-para-quien-busca-empleo\" target=\"_blank\">Ordenadores a tu disposici\u00f3n<\/a>.<\/p>\n\n\n\n<h4 class=\"wp-block-heading\"><strong>OTROS<\/strong><\/h4>\n\n\n\n<p>Para acceder a un empleo es importante <strong><a rel=\"noreferrer noopener\" href=\"https:\/\/pim-mig.info\/index.php\/educacion\/\" target=\"_blank\">aprender castellano<\/a><\/strong><\/p>\n\n\n\n<p><strong><strong>Homologaci\u00f3n de t\u00edtulos acad\u00e9micos extranjeros:<\/strong> <\/strong>permite ejercer la profesi\u00f3n para la que te titulaste en tu pa\u00eds. M\u00e1s informaci\u00f3n en el apartado de Formaci\u00f3n.<\/p>\n\n\n\n<p><strong>Tr\u00e1mites relacionados con permisos de trabajo para personas extranjeras: <\/strong>Solicitud, modificaci\u00f3n y renovaci\u00f3n de los permisos de trabajo y residencia, autorizaciones laborales.<strong> <a rel=\"noreferrer noopener\" href=\"https:\/\/extranjeros.inclusion.gob.es\/es\/InformacionInteres\/InformacionProcedimientos\/Ciudadanosnocomunitarios\/hoja017\/index.html\" target=\"_blank\">Autorizaci\u00f3n inicial de residencia temporal y trabajo por cuenta ajena.<\/a><a rel=\"noreferrer noopener\" href=\"http:\/\/extranjeros.mitramiss.gob.es\/es\/InformacionInteres\/InformacionProcedimientos\/Ciudadanosnocomunitarios\/hoja017\/index.html\" target=\"_blank\"> <\/a><\/strong>Oficina \u00danica de Extranjer\u00eda. Av. Guip\u00fazcoa 40. 31011 Pamplona. Tfno. 948 979 200 \/ 948 979 203.<\/p>\n\n\n\n<h4 class=\"wp-block-heading\"><strong><strong>AYUDAS Y PRESTACIONES <\/strong><\/strong><\/h4>\n\n\n\n<p>Pueden acceder a ellas personas que no tienen cubiertas sus necesidades b\u00e1sicas. <a rel=\"noreferrer noopener\" href=\"http:\/\/pim-mig.info\/index.php\/ayudas-y-servicios-sociales\/\" target=\"_blank\">M\u00e1s informaci\u00f3n<\/a>.<\/p>\n","protected":false},"excerpt":{"rendered":"<p>si est\u00e1s en situaci\u00f3n irregular Estando en situaci\u00f3n irregular no puedes trabajar legalmente. Ver Arraigo y asilo. Aprovecha para hacer una formaci\u00f3n que te ayude con el arraigo. Ver Formaci\u00f3n. Centro Ocupacional San Francisco (C\u00e1ritas Diocesana): ofrece servicios y actividades ocupacionales, formativas y de desarrollo personal a personas que no pueden integrarse en los procesos [&hellip;]<\/p>\n","protected":false},"author":1,"featured_media":2267,"parent":0,"menu_order":0,"comment_status":"closed","ping_status":"closed","template":"templates\/template-cover.php","meta":{"footnotes":""},"class_list":["post-2264","page","type-page","status-publish","has-post-thumbnail","hentry"],"jetpack_sharing_enabled":true,"_links":{"self":[{"href":"https:\/\/pim-mig.info\/index.php\/wp-json\/wp\/v2\/pages\/2264","targetHints":{"allow":["GET"]}}],"collection":[{"href":"https:\/\/pim-mig.info\/index.php\/wp-json\/wp\/v2\/pages"}],"about":[{"href":"https:\/\/pim-mig.info\/index.php\/wp-json\/wp\/v2\/types\/page"}],"author":[{"embeddable":true,"href":"https:\/\/pim-mig.info\/index.php\/wp-json\/wp\/v2\/users\/1"}],"replies":[{"embeddable":true,"href":"https:\/\/pim-mig.info\/index.php\/wp-json\/wp\/v2\/comments?post=2264"}],"version-history":[{"count":24,"href":"https:\/\/pim-mig.info\/index.php\/wp-json\/wp\/v2\/pages\/2264\/revisions"}],"predecessor-version":[{"id":2805,"href":"https:\/\/pim-mig.info\/index.php\/wp-json\/wp\/v2\/pages\/2264\/revisions\/2805"}],"wp:featuredmedia":[{"embeddable":true,"href":"https:\/\/pim-mig.info\/index.php\/wp-json\/wp\/v2\/media\/2267"}],"wp:attachment":[{"href":"https:\/\/pim-mig.info\/index.php\/wp-json\/wp\/v2\/media?parent=2264"}],"curies":[{"name":"wp","href":"https:\/\/api.w.org\/{rel}","templated":true}]}}