{"id":217,"date":"2020-02-13T13:48:18","date_gmt":"2020-02-13T12:48:18","guid":{"rendered":"http:\/\/pim-mig.info\/?page_id=217"},"modified":"2026-02-15T11:27:12","modified_gmt":"2026-02-15T10:27:12","slug":"violencia-de-genero","status":"publish","type":"page","link":"https:\/\/pim-mig.info\/index.php\/violencia-de-genero\/","title":{"rendered":"Violencia machista, igualdad y LGTBIQ+"},"content":{"rendered":"\n<h2 class=\"wp-block-heading\">VIOLENCIA MACHISTA<\/h2>\n\n\n\n<p>Si crees que est\u00e1s siendo v\u00edctima de violencia de g\u00e9nero tienes la posibilidad de acceder de forma urgente a asesoramiento y ayuda, aun sin haber puesto denuncia, y aunque te encuentres en situaci\u00f3n administrativa irregular. <strong>Todos los servicios son GRATUITOS.<\/strong> <a href=\"https:\/\/www.navarra.es\/es\/igualdad-y-violencia-de-genero\" target=\"_blank\" rel=\"noreferrer noopener\">Recursos Violencia de G\u00e9nero<\/a>.<\/p>\n\n\n\n<p><strong>TEL\u00c9FONO PARA URGENCIAS: 112 (SOS Navarra)<\/strong>. Atiende a todas las mujeres en situaci\u00f3n de urgencia por violencia de g\u00e9nero, tanto en situaci\u00f3n regular como en situaci\u00f3n irregular.&nbsp;Desde all\u00ed se pone en marcha el <a href=\"http:\/\/www.navarra.es\/NR\/rdonlyres\/C4809194-6312-455C-AA07-07F9394B3522\/107517\/ProtocoloActuacionINAM1.pdf\" target=\"_blank\" rel=\"noreferrer noopener\">Protocolo de Actuaci\u00f3n coordinada en la asistencia a V\u00edctimas de Violencia de G\u00e9nero<\/a>. Coordinan los servicios intervinientes de manera unificada, gratuita, r\u00e1pida e integral.<\/p>\n\n\n\n<p>NO es necesario haber interpuesto denuncia.<\/p>\n\n\n\n<p><strong>TEL\u00c9FONO 016: ATENCI\u00d3N A V\u00cdCTIMAS DE MALOS TRATOS POR VIOLENCIA DE G\u00c9NERO<\/strong>. Ofrece informaci\u00f3n 24 horas del d\u00eda en 52 idiomas a trav\u00e9s de un servicio de teletraducci\u00f3n.&nbsp;<\/p>\n\n\n\n<p>Las llamadas al 016 <strong>NO<\/strong> dejan rastro en la factura del tel\u00e9fono pero <strong> HAY QUE BORRARLAS DEL TEL\u00c9FONO.<\/strong> <a href=\"https:\/\/violenciagenero.igualdad.gob.es\/informacionUtil\/recursos\/telefono016\/home.htm\" target=\"_blank\" rel=\"noreferrer noopener\">M\u00e1s informaci\u00f3n.<\/a><\/p>\n\n\n\n<p><strong>DENUNCIA ANTE EL JUZGADO<\/strong>. Ante una situaci\u00f3n de violencia de g\u00e9nero, puedes acudir al Palacio de Justicia de Navarra a interponer una denuncia en el Juzgado de Violencia sobre la Mujer para que se inicien actuaciones penales por delito o falta.&nbsp;<\/p>\n\n\n\n<p>Puedes pedir apoyo en la <a href=\"https:\/\/www.navarra.es\/es\/tramites\/on\/-\/line\/Asistencia-a-las-victimas-de-delitos-en-Navarra\" target=\"_blank\" rel=\"noreferrer noopener\">Oficina de Asistencia a las V\u00edctimas del Delito de Navarra<\/a><\/p>\n\n\n\n<p>Si se demuestra que sufres violencia de g\u00e9nero &#8211; se reconoce tu condici\u00f3n de v\u00edctima de violencia de g\u00e9nero -se dictar\u00e1 una <strong>ORDEN DE PROTECCI\u00d3N TEMPORAL E INMEDIATA.<\/strong>&nbsp;La Protecci\u00f3n tambi\u00e9n incluir\u00e1 a tus hijos e hijas si se encuentran en peligro.<\/p>\n\n\n\n<p>Si est\u00e1s en <strong>situaci\u00f3n administrativa irregular,<\/strong> la Orden de Protecci\u00f3n te permite solicitar una autorizaci\u00f3n de residencia y trabajo por circunstancias excepcionales.<\/p>\n\n\n\n<p>Si est\u00e1s con <strong>autorizaci\u00f3n de residencia por re-agrupaci\u00f3n familiar<\/strong> que depende de la de tu agresor,&nbsp; puedes obtener una autorizaci\u00f3n de residencia y trabajo independiente&nbsp;<\/p>\n\n\n\n<p>Terminado el procedimiento penal, si tu agesor es condenado, se te conceder\u00e1 la autorizaci\u00f3n de residencia temporal y trabajo de 5 a\u00f1os. Si no se ha podido demostrar la situaci\u00f3n de violencia de g\u00e9nero, la autorizaci\u00f3n de residencia temporal y trabajo se te denegar\u00e1.<\/p>\n\n\n\n<h4 class=\"wp-block-heading\"><strong>SERVICIOS EN NAVARRA<\/strong><\/h4>\n\n\n\n<p><strong>SERVICIO DE ATENCI\u00d3N JUR\u00cdDICA<\/strong> <strong>A LAS MUJERES (SAM). <\/strong>Presta asistencia jur\u00eddica en la interposici\u00f3n de denuncias por violencia de g\u00e9nero y en todo el proceso judicial. Asimismo, asesora a las mujeres sobre los temas legales que le afectan (violencia, derechos laborales, de familia, etc).&nbsp; <a href=\"https:\/\/www.navarra.es\/home_es\/Temas\/Igualdad+de+genero\/Violencia+de+genero\/Recursos\/san.htm\">M\u00e1s in<\/a><a rel=\"noreferrer noopener\" href=\"https:\/\/www.navarra.es\/home_es\/Temas\/Igualdad+de+genero\/Violencia+de+genero\/Recursos\/san.htm\" target=\"_blank\">f<\/a><a href=\"https:\/\/www.navarra.es\/home_es\/Temas\/Igualdad+de+genero\/Violencia+de+genero\/Recursos\/san.htm\" target=\"_blank\" rel=\"noreferrer noopener\">ormaci\u00f3n.<\/a> <a rel=\"noreferrer noopener\" href=\"http:\/\/www.navarra.es\/home_es\/Servicios\/ficha\/4054\/Servicio-de-asistencia-juridica-gratuita-a-mujeres-victimas-de-violencia-de-genero-(SAM)\" target=\"_blank\">Tr\u00e1mites para acceder.<\/a><\/p>\n\n\n\n<p><strong>EQUIPOS DE ATENCI\u00d3N INTEGRAL A V\u00cdCTIMAS DE VIOLENCIA DE G\u00c9NERO (EAIVs)<\/strong>. Tratan de responder de forma integral a las necesidades de las mujeres en situaci\u00f3n de violencia de g\u00e9nero y a las de sus familiares a su cargo. Profesionales de distintas disciplinas valoran a la persona y su entorno y dise\u00f1an un plan personalizado de atenci\u00f3n, que comprende atenci\u00f3n social, psicol\u00f3gica y jur\u00eddica. Tambi\u00e9n prestan atenci\u00f3n grupal.&nbsp;Informan sobre ayudas econ\u00f3micas y, en su caso, acompa\u00f1an a solicitarlas o derivan a otros servicios como Cruz Roja o C\u00e1ritas.&nbsp;<\/p>\n\n\n\n<p><strong>No importa si est\u00e1s en situaci\u00f3n irregular.<\/strong> <strong>No importa que no est\u00e9s empadronada.<\/strong><\/p>\n\n\n\n<p><strong>D\u00f3nde:<\/strong> Pueden derivarte desde el <a rel=\"noreferrer noopener\" href=\"https:\/\/www.navarra.es\/home_es\/Temas\/Asuntos+sociales\/Servicios+sociales+de+base\/Buscador\/\" target=\"_blank\">Servicio Social de Base o Unidad de Barrio<\/a> que te corresponde en funci\u00f3n del lugar donde vives, desde los recursos de acogida, o profesionales de otros recursos (por ejemplo de salud\u2026). Tambi\u00e9n puedes acudir presencialmente a los Equipos de Atenci\u00f3n Integral a V\u00edctimas de Violencia de G\u00e9nero del Gobierno de Navarra. <a rel=\"noreferrer noopener\" href=\"https:\/\/www.navarra.es\/home_es\/Servicios\/ficha\/3818\/Equipo-de-atencion-integral-a-victimas-de-violencia-de-genero\" target=\"_blank\">M\u00e1s informaci\u00f3n<\/a>.<\/p>\n\n\n\n<p><strong>SERVICIO TELEF\u00d3NICO DE ATENCI\u00d3N Y PROTECCI\u00d3N A LAS V\u00cdCTIMAS DE VIOLENCIA DE G\u00c9NERO (ATENPRO)<\/strong>. Dispositivo m\u00f3vil que permite a las v\u00edctimas de violencia de g\u00e9nero entrar en contacto en cualquier momento con un Centro atendido por personal especializado, preparado para responder adecuadamente en situaciones de emergencia a la crisis planteada, pudiendo movilizar otros recursos humanos y materiales.&nbsp;<\/p>\n\n\n\n<p>Desde el Centro de Atenci\u00f3n se da seguimiento permanente a la situaci\u00f3n de las usuarias, contactando peri\u00f3dicamente con ellas para acompa\u00f1arlas en el proceso de recuperaci\u00f3n integral.<\/p>\n\n\n\n<p><strong>Tramitaci\u00f3n y requisitos:<\/strong> Los equipos se coordinan con los Servicios Sociales de Base para solicitarlo. Es requisito no convivir con el maltratador y participar en los programas de atenci\u00f3n especializada para v\u00edctimas de la violencia de g\u00e9nero existentes en Navarra. <a rel=\"noreferrer noopener\" href=\"https:\/\/violenciagenero.igualdad.gob.es\/informacionUtil\/recursos\/servicioTecnico\/home.htm\" target=\"_blank\">M\u00e1s informaci\u00f3n<\/a>.<\/p>\n\n\n\n<h4 class=\"wp-block-heading\"><strong>RECURSOS DE ACOGIDA DEL GOBIERNO DE NAVARRA&nbsp;<\/strong><\/h4>\n\n\n\n<p>Recursos para proteger y atender a aquellas mujeres en situaci\u00f3n de violencia de g\u00e9nero que se ven forzadas a abandonar su domicilio habitual, as\u00ed como a sus hijas e hijos o personas dependientes. Adem\u00e1s de acogida se presta acompa\u00f1amiento y seguimiento individualizado dirigido a lograr la normalizaci\u00f3n de la situaci\u00f3n personal.&nbsp;<\/p>\n\n\n\n<p><strong>CENTRO DE URGENCIAS<\/strong>. El objetivo es proporcionar un alojamiento seguro e inmediato (7 d\u00edas ampliable hasta un mes). Personal&nbsp;especializado ofrece acogida, alojamiento,&nbsp;manutenci\u00f3n, orientaci\u00f3n, asesoramiento, acompa\u00f1amiento y apoyo psicosocial inmediato. <strong>Es un recurso gratuito.<\/strong><\/p>\n\n\n\n<p><strong>D\u00f3nde tramitar:<\/strong> A trav\u00e9s de S.O.S. Navarra, tel\u00e9fono 112. Condiciones de admisi\u00f3n orientadas por los criterios de urgencia y necesidad. <a rel=\"noreferrer noopener\" href=\"https:\/\/www.navarra.es\/home_es\/Servicios\/ficha\/2584\/Centro-de-urgencias-para-mujeres-victimas-de-violencia-de-genero\" target=\"_blank\">M\u00e1<\/a><a href=\"https:\/\/www.navarra.es\/home_es\/Servicios\/ficha\/2584\/Centro-de-urgencias-para-mujeres-victimas-de-violencia-de-genero\" target=\"_blank\" rel=\"noreferrer noopener\">s informaci\u00f3n<\/a>. <\/p>\n\n\n\n<p><strong>CASA DE ACOGIDA PARA V\u00cdCTIMAS DE VIOLENCIA DE G\u00c9NERO<\/strong>. Recurso residencial de media estancia &#8211; 6 meses prorrogables 3 m\u00e1s. Ofrece alojamiento, apoyo, acompa\u00f1amiento y seguimiento individualizado. Se elabora un Plan de recuperaci\u00f3n individualizado. <strong>Es un recurso gratuito.<\/strong><\/p>\n\n\n\n<p><strong>D\u00f3nde tramitar:<\/strong> Presentar solicitud ante el Instituto Navarro de Igualdad (INAI), con informe de los Recursos de Acogida o Servicios Sociales o Equipos de Atenci\u00f3n a V\u00edctimas de Violencia (EAIV). <a href=\"https:\/\/www.navarra.es\/home_es\/Servicios\/ficha\/2586\/Casa-de-acogida-para-victimas-de-violencia-de-genero\" target=\"_blank\" rel=\"noreferrer noopener\">M\u00e1s informaci\u00f3n<\/a><\/p>\n\n\n\n<p><strong>PISO TUTELADO<\/strong>. Recurso residencial de larga estancia &#8211; un a\u00f1o ampliable a un m\u00e1ximo de dos- atendido por personal t\u00e9cnico de Casa de Acogida para mujeres que finalizado su estancia en la Casa de Acogida necesiten m\u00e1s apoyo para lograr su recuperaci\u00f3n.&nbsp;<\/p>\n\n\n\n<p>El Gobierno de Navarra cubre los costes y suministros de las viviendas, pero <strong>los gastos de manutenci\u00f3n los afrontan las mujeres usuarias.<\/strong><\/p>\n\n\n\n<p><strong>D\u00f3nde tramitar:<\/strong> Finalizada la estancia de la mujer en Casa de Acogida, el equipo t\u00e9cnico de Casa de Acogida y el Instituto Navarro para la&nbsp;Igualdad valoran la idoneidad de que la mujer pueda acceder a este recurso para continuar su recuperaci\u00f3n. <a rel=\"noreferrer noopener\" href=\"https:\/\/www.navarra.es\/home_es\/Servicios\/ficha\/2587\/Piso-tutelado-para-victimas-de-violencia-de-genero\" target=\"_blank\">M\u00e1s informaci\u00f3n<\/a>.<\/p>\n\n\n\n<p><strong>ACCESO A<\/strong> <strong>VIVIENDA PROTEGIDA<\/strong>. En las promociones de vivienda p\u00fablica se reservan viviendas, en alquiler y en propiedad, para quienes acrediten su condici\u00f3n de v\u00edctimas de violencia de g\u00e9nero.<\/p>\n\n\n\n<p><strong>D\u00f3nde tramitar:<\/strong> La acreditaci\u00f3n como v\u00edctima de violencia de g\u00e9nero para el acceso a dicha reserva se tramita en el Instituto Navarro para la Igualdad. <strong><a rel=\"noreferrer noopener\" href=\"https:\/\/www.navarra.es\/home_es\/Servicios\/ficha\/2585\/Reconocimiento-como-victima-de-violencia-de-genero-para-acceder-a-vivienda-protegida\" target=\"_blank\">M\u00e1s informaci\u00f3n<\/a><\/strong>.<\/p>\n\n\n\n<h4 class=\"wp-block-heading\"><strong>AYUDAS ECON\u00d3MICAS<\/strong><\/h4>\n\n\n\n<p><strong>AYUDAS DE EMERGENCIA<\/strong>. Se ofrece a mujeres v\u00edctimas de violencia de g\u00e9nero que deben abandonar su residencia habitual por situaci\u00f3n de grave riesgo personal y carecen de medios econ\u00f3micos para hacer frente a necesidades b\u00e1sicas puntuales.&nbsp;<a href=\"https:\/\/www.navarra.es\/home_es\/Servicios\/ficha\/3542\/Ayuda-de-emergencia-social-para-victimas-de-violencia-de-genero\" target=\"_blank\" rel=\"noreferrer noopener\">M\u00e1s informaci\u00f3n<\/a>.<\/p>\n\n\n\n<p><strong>AYUDAS A V\u00cdCTIMAS DE VIOLENCIA DE G\u00c9NERO QUE ACREDITEN INSUFICIENCIA DE RECURSOS ECON\u00d3MICOS Y ESPECIALES DIFICULTADES PARA OBTENER EMPLEO<\/strong>. Dirigida a que las v\u00edctimas de violencia de g\u00e9nero, que tengan a su favor medidas de protecci\u00f3n vigentes, dispongan de medios econ\u00f3micos y tiempo para afrontar las dificultades que impiden la incorporaci\u00f3n laboral.&nbsp;<a href=\"https:\/\/www.navarra.es\/home_es\/Servicios\/ficha\/2470\/Ayuda-a-victimas-de-violencia-de-genero-con-dificultades-para-la-obtencion-de-un-empleo\" target=\"_blank\" rel=\"noreferrer noopener\">M\u00e1s informaci\u00f3n<\/a>.<\/p>\n\n\n\n<h4 class=\"wp-block-heading\"><strong>RECURSOS GRATUITOS PARA MUJERES EN SITUACI\u00d3N DE PROSTITUCI\u00d3N<\/strong>. <\/h4>\n\n\n\n<p>Son recursos de informaci\u00f3n, acompa\u00f1amiento y atenci\u00f3n para mujeres en situaci\u00f3n de prostituci\u00f3n y\/o que se plantean el abandono de la misma. <a rel=\"noreferrer noopener\" href=\"https:\/\/www.navarra.es\/NR\/rdonlyres\/3AA9053D-6EF0-4817-A752-EBD167303885\/427307\/Tarjeta.pdf\" target=\"_blank\">M\u00e1s informaci\u00f3n.<\/a><a href=\"https:\/\/www.navarra.es\/NR\/rdonlyres\/3AA9053D-6EF0-4817-A752-EBD167303885\/427307\/Tarjeta.pdf\"><strong><br><\/strong><br><\/a><strong>INFORMACI\u00d3N SOBRE TRATA DE MUJERES CON FINES DE EXPLOTACI\u00d3N SEXUAL&nbsp;<\/strong><\/p>\n\n\n\n<p>En muchas ocasiones resulta dif\u00edcil la identificaci\u00f3n de esta manifestaci\u00f3n de la violencia contra las mujeres. Esta hoja informativa facilita su reconocimiento as\u00ed como los derechos&nbsp; de las v\u00edctimas. Informaci\u00f3n&nbsp; sobre la trata de mujeres con fines de explotaci\u00f3n sexual.<\/p>\n\n\n\n<p><strong>&nbsp;&nbsp;&nbsp;&nbsp;&nbsp;&nbsp;&nbsp;&nbsp;&nbsp;&nbsp;&nbsp;&nbsp;<\/strong><a href=\"https:\/\/www.navarra.es\/NR\/rdonlyres\/3AA9053D-6EF0-4817-A752-EBD167303885\/427220\/FLYERCAST2.pdf\" target=\"_blank\" rel=\"noreferrer noopener\"><strong>Castellano<\/strong><\/a><strong>&nbsp; &nbsp; &nbsp; &nbsp; <\/strong><a href=\"https:\/\/www.navarra.es\/NR\/rdonlyres\/3AA9053D-6EF0-4817-A752-EBD167303885\/425446\/FLYEREUSK1.pdf\" target=\"_blank\" rel=\"noreferrer noopener\"><strong>Euskera<\/strong><\/a><strong> &nbsp; &nbsp; &nbsp; <\/strong><a href=\"https:\/\/www.navarra.es\/NR\/rdonlyres\/3AA9053D-6EF0-4817-A752-EBD167303885\/425555\/FLYERING.pdf\" target=\"_blank\" rel=\"noreferrer noopener\"><strong>Ingl\u00e9s<\/strong><\/a><\/p>\n\n\n\n<h4 class=\"wp-block-heading\"><strong>ASOCIACIONES DE MUJERES QUE&nbsp; PRESTAN ATENCI\u00d3N DIRECTA EN EL \u00c1MBITO DE LA VIOLENCIA DE G\u00c9NERO<\/strong><\/h4>\n\n\n\n<p><strong>ABIATZE. <\/strong>Promoci\u00f3n de la salud. Atenci\u00f3n socio- sanitaria a personas en el \u00e1mbito de la prostituci\u00f3n. Contacto: abiatzeprograma@gmail.com. Tel\u00e9fono 619 800 692.<\/p>\n\n\n\n<p><strong>ACCI\u00d3N CONTRA LA TRATA.<\/strong> Luchan contra la Trata de mujeres y ni\u00f1as con fines de explotaci\u00f3n sexual desde su dimensi\u00f3n local, nacional e internacional. Promueven valores de igualdad que permitan alcanzar una sociedad y una ciudadan\u00eda sana en las relaciones entre personas. <a rel=\"noreferrer noopener\" href=\"http:\/\/accioncontralatrata.com\/que-contamos\/#trata-y-prostitucion\" target=\"_blank\">M\u00e1s informaci\u00f3n<\/a><a href=\"http:\/\/accioncontralatrata.com\/que-contamos\/#trata-y-prostitucion\" target=\"_blank\" rel=\"noreferrer noopener\">.<\/a><\/p>\n\n\n\n<p><strong>LUNES LILAS. <\/strong>Asesoramiento y acompa\u00f1amiento a supervivientes de violencia de g\u00e9nero. Organizan actividades relacionadas con la igualdad de oportunidades para hombres y mujeres. La primera consulta es gratuita. Facilitan cursos grupales de autodefensa, autoestima, t\u00e9cnicas para hablar en p\u00fablico, etc.&nbsp;Contacto: luneslilasnavarra@gmail.com. Tel\u00e9fono 661 797 140.<\/p>\n\n\n\n<p><strong>EHULEAK. Comisi\u00f3n para la Investigaci\u00f3n de Malos Tratos a Mujeres en Navarra<\/strong>. Trabajan para educar en igualdad y prevenir y actuar contra la violencia machista en las relaciones de pareja y la violencia sexual, incluyendo la prostituci\u00f3n como una forma de violencia sexual. Contacto: ehuleaknafarroa@malostratos.org. Tel\u00e9fono 646 640 000. <a rel=\"noreferrer noopener\" href=\"http:\/\/www.malostratos.org\" target=\"_blank\">M\u00e1s informaci\u00f3n.<\/a><\/p>\n\n\n\n<p><strong>ITXAROPEN GUNE \u2013&nbsp; Lugar de Esperanza (AIGLE)<\/strong>. Asociaci\u00f3n sin \u00e1nimo de lucro formada por personas profesionales y voluntarias comprometidos con las realidades humanas en riesgo de exclusi\u00f3n social que atiende, en especial, a mujeres inmigrantes y a mujeres abocadas al ejercicio de la prostituci\u00f3n.<strong>&nbsp;<\/strong><a rel=\"noreferrer noopener\" href=\"http:\/\/www.itxaropengune.org\/\" target=\"_blank\"><\/a><a href=\"http:\/\/www.itxaropengune.org\/\" target=\"_blank\" rel=\"noreferrer noopener\">M\u00e1s informaci\u00f3n.<\/a><\/p>\n\n\n\n<p><strong>M\u00c9DICOS DEL MUNDO. <\/strong>Proyecto de Atenci\u00f3n a mujeres en situaci\u00f3n de prostituci\u00f3n: informaci\u00f3n sobre derechos y recursos socio-sanitarios ofreciendo atenci\u00f3n individualizada en un ambiente de confianza. Proyecto de Prevenci\u00f3n de la Mutilaci\u00f3n Genital Femenina: informaci\u00f3n a las mujeres africanas sobre sus derechos y los recursos socio-sanitarios, ofreciendo atenci\u00f3n individualizada en un ambiente de confianza de la mano de mujeres africanas. Se ofrece formaci\u00f3n a hombres y mujeres sobre salud, violencia de g\u00e9nero, derechos, etc. desde una perspectiva intercultural. <a href=\"http:\/\/www.medicosdelmundo.es\/blogosfera\/navarra\/que-hacemos\/\" target=\"_blank\" rel=\"noreferrer noopener\"><br><a href=\"https:\/\/www.medicosdelmundo.org\/\" target=\"_blank\" rel=\"noreferrer noopener\">M\u00e1s informaci\u00f3n.<\/a><\/a><\/p>\n\n\n\n<p><strong>VILLA TERESITA<\/strong>. Ofrecen orientaci\u00f3n y  talleres para la integraci\u00f3n social, de autoconocimiento, castellano, alimentaci\u00f3n, educaci\u00f3n de hijas e hijos, salud, etc. Tel\u00e9fono 948 239 199. <a rel=\"noreferrer noopener\" href=\"https:\/\/villateresita.org\/quienes-somos\/\" target=\"_blank\"><\/a><a href=\"https:\/\/villateresita.org\/quienes-somos\/\" target=\"_blank\" rel=\"noreferrer noopener\">M\u00e1s informaci\u00f3n.<\/a><\/p>\n\n\n\n<h2 class=\"wp-block-heading\"><strong>IGUALDAD<\/strong><\/h2>\n\n\n\n<p><strong>LA CASA DE LAS MUJERES<\/strong>: Quiere ser un lugar de encuentro y referencia para todas las mujeres de la ciudad desde el que tejer alianzas y generar las fortalezas y sinergias necesarias para conseguir la igualdad real entre mujeres y hombres. Nace para ser un espacio de referencia feminista, interseccional e intergeneracional que permita llevar a cabo estrategias conjuntas de incidencia pol\u00edtica.&nbsp;<a rel=\"noreferrer noopener\" href=\"https:\/\/www.pamplona.es\/la-casa-de-las-mujeres\" target=\"_blank\"><\/a><a href=\"https:\/\/www.pamplona.es\/la-casa-de-las-mujeres\" target=\"_blank\" rel=\"noreferrer noopener\">M\u00e1s informaci\u00f3n.<\/a><\/p>\n\n\n\n<p><strong>MAPA DE LA RUTA VIOLETA. <\/strong>Es una herramienta digital sencilla y eficaz que permite conocer y localizar a las distintas asociaciones de mujeres por la igualdad participantes &#8211; 29- de forma online. El mapa las ubica y visibiliza poniendo en valor su trabajo por la igualdad, facilitando el contacto entre las asociaciones de mujeres, el conocimiento de su trabajo y fortaleciendo el tejido asociativo que trabaja la Igualdad en Navarra. <a href=\"https:\/\/comfinavarra.wordpress.com\/proyectos\/mapa-de-la-ruta-violeta\/\" target=\"_blank\" rel=\"noreferrer noopener\">M\u00e1s informaci\u00f3n.<\/a><\/p>\n\n\n\n<p><strong>BIBLIOTECA DE MUJERES DE IPES<\/strong>. Fondo especializado de documentaci\u00f3n relacionada con los estudios de las mujeres as\u00ed como de literatura y otros formatos de ficci\u00f3n escrita por \u00e9stas. El prop\u00f3sito es recuperar y hacer accesible la aportaci\u00f3n de las mujeres -ideas, artes y cultura- a la historia de la humanidad y conocer la situaci\u00f3n de las mujeres y su diversidad para tener m\u00e1s cercano un futuro donde la igualdad de oportunidades sea real. Accesible a mujeres, estudiantes, investigadoras\/es, colectivos y p\u00fablico en general. <a href=\"https:\/\/fundacionipes.org\/biblioteca\/\" target=\"_blank\" rel=\"noreferrer noopener\">Centro de Documentaci\u00f3n &#8211; Biblioteca de Mujeres<\/a><\/p>\n\n\n\n<h4 class=\"wp-block-heading\"><strong>OTRAS ASOCIACIONES<\/strong><\/h4>\n\n\n\n<p><a href=\"https:\/\/www.igualdadnavarra.es\/es\/asociaciones-de-mujeres-y-otras-entidades-con-programas-de-igualdad\" target=\"_blank\" rel=\"noreferrer noopener\">Asociaciones de mujeres y otras entidades con programas de igualdad<\/a><\/p>\n\n\n\n<h2 class=\"wp-block-heading\"><strong>LGTBIQ+<\/strong><\/h2>\n\n\n\n<p><strong><strong>KATTALINGUNE. <\/strong><\/strong>Servicio P\u00fablico de Informaci\u00f3n y Atenci\u00f3n LGTBI+ del Gobierno de Navarra atendido por personal especializado en sexolog\u00eda y g\u00e9nero. Presta servicio a toda Navarra desde sus sedes de Pamplona- Iru\u00f1ea y Tudela. <a rel=\"noreferrer noopener\" href=\"https:\/\/kattalingune.org\/\" target=\"_blank\"><\/a><a href=\"https:\/\/www.igualdadnavarra.es\/es\/kattalingune\">M\u00e1s informaci\u00f3n.<\/a><\/p>\n\n\n\n<p><strong>CENTRO HARROTU<\/strong>. Servicio del Ayuntamiento de Pamplona gestionado por Kattalingorri. Presta&nbsp; atenci\u00f3n sexol\u00f3gica y psicosocial individual y grupal y encuentros para apoyo mutuo a personas lesbianas, gays, transexuales, transg\u00e9nero, bisexuales e intersexuales que sufren desigualdad y discriminaci\u00f3n. <a href=\"https:\/\/www.pamplona.es\/fr\/node\/7580\" target=\"_blank\" rel=\"noreferrer noopener\">M\u00e1s informaci\u00f3n.<\/a><\/p>\n\n\n\n<p><strong><strong>Centro de Atenci\u00f3n a la Salud Sexual y Reproductiva &#8211; CASSyR-  TXANTREA ANDRAIZE. <\/strong><\/strong>Avenida San Cristobal, s\/n. Parque del Mundo. Txantrea. Pamplona. Tel\u00e9fono 848 422 766. <strong><strong><strong>Programa especializado para personas trans y intersexuales.&nbsp;<\/strong><\/strong><\/strong><a rel=\"noreferrer noopener\" href=\"https:\/\/administracionelectronica.navarra.es\/gdn.recess.web\/MtoCentrosSanitarios.aspx?id=605\" target=\"_blank\">M\u00e1s informaci\u00f3n.<\/a><\/p>\n\n\n\n<p><strong><em>El contenido de esta p\u00e1gina tiene car\u00e1cter meramente informativo. Te agradecemos si nos comunicas cualquier error o carencia en la informaci\u00f3n.<\/em><\/strong><\/p>\n","protected":false},"excerpt":{"rendered":"<p>VIOLENCIA MACHISTA Si crees que est\u00e1s siendo v\u00edctima de violencia de g\u00e9nero tienes la posibilidad de acceder de forma urgente a asesoramiento y ayuda, aun sin haber puesto denuncia, y aunque te encuentres en situaci\u00f3n administrativa irregular. Todos los servicios son GRATUITOS. Recursos Violencia de G\u00e9nero. TEL\u00c9FONO PARA URGENCIAS: 112 (SOS Navarra). Atiende a todas [&hellip;]<\/p>\n","protected":false},"author":1,"featured_media":223,"parent":0,"menu_order":0,"comment_status":"closed","ping_status":"closed","template":"templates\/template-cover.php","meta":{"footnotes":""},"class_list":["post-217","page","type-page","status-publish","has-post-thumbnail","hentry"],"jetpack_sharing_enabled":true,"_links":{"self":[{"href":"https:\/\/pim-mig.info\/index.php\/wp-json\/wp\/v2\/pages\/217","targetHints":{"allow":["GET"]}}],"collection":[{"href":"https:\/\/pim-mig.info\/index.php\/wp-json\/wp\/v2\/pages"}],"about":[{"href":"https:\/\/pim-mig.info\/index.php\/wp-json\/wp\/v2\/types\/page"}],"author":[{"embeddable":true,"href":"https:\/\/pim-mig.info\/index.php\/wp-json\/wp\/v2\/users\/1"}],"replies":[{"embeddable":true,"href":"https:\/\/pim-mig.info\/index.php\/wp-json\/wp\/v2\/comments?post=217"}],"version-history":[{"count":58,"href":"https:\/\/pim-mig.info\/index.php\/wp-json\/wp\/v2\/pages\/217\/revisions"}],"predecessor-version":[{"id":2979,"href":"https:\/\/pim-mig.info\/index.php\/wp-json\/wp\/v2\/pages\/217\/revisions\/2979"}],"wp:featuredmedia":[{"embeddable":true,"href":"https:\/\/pim-mig.info\/index.php\/wp-json\/wp\/v2\/media\/223"}],"wp:attachment":[{"href":"https:\/\/pim-mig.info\/index.php\/wp-json\/wp\/v2\/media?parent=217"}],"curies":[{"name":"wp","href":"https:\/\/api.w.org\/{rel}","templated":true}]}}