{"id":1650,"date":"2021-10-04T10:18:49","date_gmt":"2021-10-04T08:18:49","guid":{"rendered":"https:\/\/pim-mig.info\/?page_id=1650"},"modified":"2026-02-09T01:43:11","modified_gmt":"2026-02-09T00:43:11","slug":"demande-dasile","status":"publish","type":"page","link":"https:\/\/pim-mig.info\/index.php\/fr\/demande-dasile\/","title":{"rendered":"Enracinement et Asile"},"content":{"rendered":"\n<h3 class=\"wp-block-heading has-text-align-center\"><strong>PERSONNES EN SITUATION IRR\u00c9GULI\u00c8RE<\/strong><\/h3>\n\n\n\n<p>La l\u00e9gislation sur l\u2019immigration stipule que de nombreuses personnes \u2013 selon leur lieu de naissance \u2013 peuvent se retrouver en situation administrative irr\u00e9guli\u00e8re (sans papiers, dans le langage courant). Si vous \u00eates dans cette situation, vous ne pourrez pas obtenir de permis de s\u00e9jour ni de permis de travail pendant un certain temps. Par cons\u00e9quent, vous ne pourrez pas travailler l\u00e9galement.<\/p>\n\n\n\n<h4 class=\"wp-block-heading\"><strong><mark style=\"background-color:rgba(0, 0, 0, 0)\" class=\"has-inline-color has-accent-color\">IMPORTANT: Ne portez pas votre passeport ou d\u2019autres documents originaux sur vous ! Ayez toujours une photocopie!<\/mark><\/strong><\/h4>\n\n\n\n<h4 class=\"wp-block-heading\"><strong><mark style=\"background-color:rgba(0, 0, 0, 0)\" class=\"has-inline-color has-accent-color\">Si vous \u00eates arr\u00eat\u00e9 pour situation irr\u00e9guli\u00e8re, vous avez droit \u00e0 un avocat commis d\u2019office.<\/mark><\/strong><\/h4>\n\n\n\n<p>Le chemin vers la r\u00e9gularisation est complexe et long. La premi\u00e8re \u00e9tape consiste \u00e0 obtenir une autorisation de s\u00e9jour.<\/p>\n\n\n\n<h4 class=\"wp-block-heading has-text-align-center\"><strong>Autorisation de s\u00e9jour temporaire pour circonstances exceptionnelles<\/strong><\/h4>\n\n\n\n<p><strong>Sections r\u00e9dig\u00e9es conform\u00e9ment au nouveau R\u00e8glement sur l\u2019immigration, entr\u00e9 en vigueur le 20 mai 2025.<\/strong><\/p>\n\n\n\n<h4 class=\"wp-block-heading\"><strong>POUR RAISONS D\u2019ENRACINEMENT<\/strong><\/h4>\n\n\n\n<p>Il s\u2019agit d\u2019une autorisation d\u2019un an \u2013 sauf pour l\u2019enracinement familial, qui est de cinq ans \u2013 permettant de travailler en tant que salari\u00e9 ou ind\u00e9pendant. Dans les cas d\u2019enracinement socio-professionnel et socio-formatif, la dur\u00e9e maximale de travail est de 30 heures par semaine.<\/p>\n\n\n\n<p>Elle est accord\u00e9e lorsqu\u2019il existe des liens \u00e9conomiques, sociaux, familiaux, professionnels ou de formation avec le lieu de r\u00e9sidence, \u00e0 condition de remplir et de prouver les exigences g\u00e9n\u00e9rales et sp\u00e9cifiques.<\/p>\n\n\n\n<p>Si vous avez r\u00e9sid\u00e9 hors d\u2019Espagne, vous devez \u00e9galement pr\u00e9senter un certificat de casier judiciaire couvrant les cinq derni\u00e8res ann\u00e9es.<\/p>\n\n\n\n<p>Aucun visa n\u2019est requis.<\/p>\n\n\n\n<p><strong><mark style=\"background-color:rgba(0, 0, 0, 0)\" class=\"has-inline-color has-accent-color\">CONDITIONS COMMUNES AUX CINQ TYPES D\u2019ENRACINEMENT<\/mark><\/strong> pr\u00e9vus dans le nouveau r\u00e8glement:<\/p>\n\n\n\n<ul class=\"wp-block-list\">\n<li>Avoir r\u00e9sid\u00e9 de mani\u00e8re continue en Espagne pendant au moins deux ans (sauf pour l\u2019enracinement familial), sans \u00eatre demandeur d\u2019asile ou de protection internationale au moment de la demande ni pendant son traitement. Tout document prouvant la r\u00e9sidence est valable, de pr\u00e9f\u00e9rence une inscription au registre municipal (padr\u00f3n), mais aussi des preuves de soins m\u00e9dicaux, etc.<\/li>\n\n\n\n<li>Ne pas repr\u00e9senter une menace pour l\u2019ordre public, la s\u00e9curit\u00e9 ou la sant\u00e9 publique, ni avoir de casier judiciaire en Espagne ou dans les pays o\u00f9 vous avez r\u00e9sid\u00e9 au cours des cinq ann\u00e9es pr\u00e9c\u00e9dant votre arriv\u00e9e en Espagne. Ne pas figurer comme expulsable dans les pays ayant sign\u00e9 un accord avec l\u2019Espagne. Ne pas \u00eatre soumis \u00e0 un engagement de non-retour.<\/li>\n\n\n\n<li>Avoir pay\u00e9 les frais correspondants.<\/li>\n<\/ul>\n\n\n\n<p><strong><mark style=\"background-color:rgba(0, 0, 0, 0)\" class=\"has-inline-color has-accent-color\">ENRACINEMENT SOCIO-FORMATIF<\/mark><\/strong> <strong>(anciennement Enracinement par la formation)<\/strong>.<\/p>\n\n\n\n<p><strong>Conditions sp\u00e9cifiques<\/strong>: \u00eatre inscrit (ou avoir finalis\u00e9 l\u2019inscription) \u00e0 une formation visant \u00e0 obtenir un Certificat de Professionnalit\u00e9 (CP) de niveau 1, 2 ou 3, le baccalaur\u00e9at, des cycles de formation professionnelle de niveau moyen ou sup\u00e9rieur, ou toute autre formation officielle. Il est \u00e9galement possible de s\u2019engager \u00e0 suivre une formation promue par les Services Publics de l\u2019Emploi pour des postes figurant dans le Catalogue des postes difficiles \u00e0 pourvoir, ou de pr\u00e9senter un rapport d\u2019int\u00e9gration similaire \u00e0 celui exig\u00e9 pour l\u2019enracinement social.<\/p>\n\n\n\n<p><strong>Ce type d\u2019enracinement permet de travailler jusqu\u2019\u00e0 30 heures par semaine dans n\u2019importe quel secteur<\/strong> \u2013 pas n\u00e9cessairement celui \u00e9tudi\u00e9 \u2013 avec un salaire minimum \u00e9quivalent au Salaire Minimum Interprofessionnel ou au salaire pr\u00e9vu par la convention collective applicable. Il est renouvelable et modifiable avec tout contrat de travail, m\u00eame si ce n\u2019est pas dans le domaine \u00e9tudi\u00e9. Il peut \u00e9galement \u00eatre transform\u00e9 en permis pour travail ind\u00e9pendant.<\/p>\n\n\n\n<p><strong><mark style=\"background-color:rgba(0, 0, 0, 0)\" class=\"has-inline-color has-accent-color\">ENRACINEMENT SOCIO-PROFESSIONNEL<\/mark><\/strong>. <strong>Conditions sp\u00e9cifiques<\/strong>: fournir un ou plusieurs contrats de travail garantissant le Salaire Minimum Interprofessionnel ou le salaire pr\u00e9vu par la convention collective, pour une dur\u00e9e minimale de 20 heures par semaine.<\/p>\n\n\n\n<p><strong><mark style=\"background-color:rgba(0, 0, 0, 0)\" class=\"has-inline-color has-accent-color\">ENRACINEMENT SOCIAL<\/mark><\/strong>. <strong>Conditions sp\u00e9cifiques<\/strong>: justifier de ressources \u00e9conomiques suffisantes pour subvenir \u00e0 vos besoins, avoir des liens familiaux avec des personnes \u00e9trang\u00e8res titulaires d\u2019un permis de s\u00e9jour, ou d\u00e9montrer votre int\u00e9gration sociale.<\/p>\n\n\n\n<p><strong><mark style=\"background-color:rgba(0, 0, 0, 0)\" class=\"has-inline-color has-accent-color\">ENRACINEMENT FAMILIAL<\/mark><\/strong>. <strong>Conditions sp\u00e9cifiques<\/strong>: \u00eatre p\u00e8re, m\u00e8re ou tuteur d\u2019un mineur ressortissant d\u2019un autre \u00c9tat membre de l\u2019Union europ\u00e9enne, de l\u2019Espace \u00e9conomique europ\u00e9en ou de la Suisse, et prouver que vous r\u00e9sidez en Espagne, que vous avez la charge du mineur, que vous vivez avec lui et que vous \u00eates \u00e0 jour de vos obligations parentales.<\/p>\n\n\n\n<p><strong><mark style=\"background-color:rgba(0, 0, 0, 0)\" class=\"has-inline-color has-accent-color\">ENRACINEMENT DE SECONDE CHANCE<\/mark><\/strong>. <strong>Conditions sp\u00e9cifiques<\/strong>: avoir \u00e9t\u00e9 titulaire (dans les deux ann\u00e9es pr\u00e9c\u00e9dant la demande) d\u2019un permis de s\u00e9jour qui n\u2019avait pas \u00e9t\u00e9 accord\u00e9 pour circonstances exceptionnelles, et ne pas avoir renouvel\u00e9 ce permis pour des raisons autres que l\u2019ordre public, la s\u00e9curit\u00e9 ou la sant\u00e9 publique. Il peut \u00eatre demand\u00e9 en cas de jugement d\u00e9favorable, de classement sans suite ou d\u2019acquittement.<\/p>\n\n\n\n<p><strong>R\u00e9sidence temporaire pour circonstances exceptionnelles pour RAISONS HUMANITAIRES, COLLABORATION AVEC LES AUTORIT\u00c9S, S\u00c9CURIT\u00c9 NATIONALE OU INT\u00c9R\u00caT PUBLIC<\/strong>.<\/p>\n\n\n\n<p><strong>VIOLENCE DE GENRE<\/strong>. Une ordonnance de protection pour violence de genre ou un rapport du minist\u00e8re public indiquant des signes de violence permet d\u2019obtenir un permis de s\u00e9jour provisoire.<\/p>\n\n\n\n<p><strong>VICTIMES DE TRAITE D\u2019\u00caTRES HUMAINS<\/strong>. La collaboration de la victime dans l\u2019enqu\u00eate sur le d\u00e9lit est requise.<\/p>\n\n\n\n<p><strong>COLLABORATION CONTRE LES R\u00c9SEAUX ORGANIS\u00c9S<\/strong> avec les autorit\u00e9s administratives, polici\u00e8res, fiscales ou judiciaires, en tant que victime, t\u00e9moin ou personne l\u00e9s\u00e9e d\u2019un acte de trafic d\u2019\u00eatres humains, d\u2019immigration ill\u00e9gale, d\u2019exploitation professionnelle ou de traite de main-d\u2019\u0153uvre, ou d\u2019exploitation dans la prostitution en abusant de la situation de vuln\u00e9rabilit\u00e9.<\/p>\n\n\n\n<p><strong>COLLABORATION AVEC LES AUTORIT\u00c9S PUBLIQUES, POUR DES RAISONS DE S\u00c9CURIT\u00c9 NATIONALE OU D\u2019ORDRE PUBLIC<\/strong> dans des affaires non li\u00e9es \u00e0 la lutte contre les r\u00e9seaux organis\u00e9s, ou lorsqu\u2019il existe des raisons d\u2019int\u00e9r\u00eat public ou de s\u00e9curit\u00e9 nationale.<\/p>\n\n\n\n<h4 class=\"wp-block-heading\"><strong>CONSEILS JURIDIQUES D\u2019AUTRES ORGANISMES<\/strong><\/h4>\n\n\n\n<p><strong><a href=\"https:\/\/www.navarra.es\/es\/tramites\/on\/-\/line\/servicio-de-orientacion-e-informacion-basica-en-materia-de-migraciones\" target=\"_blank\" rel=\"noreferrer noopener\">Service d\u2019Orientation et d\u2019Information de base sur les migrations (SIOB)<\/a><\/strong>. Informations et conseils sur les d\u00e9marches administratives et la r\u00e9alit\u00e9 culturelle et administrative de la Navarre.<br>Pampelune: Avda. Roncesvalles, 4, rez-de-chauss\u00e9e<br>Tudela: C\/ Estanca s\/n, rez-de-chauss\u00e9e<br>Du lundi au vendredi de 9h \u00e0 17h30<br><strong>Prise de rendez-vous<\/strong>:<br>Pampelune: 848 420 972 \/ 678 508 243<br>Tudela: 848 433 661 \/ 678 508 286<\/p>\n\n\n\n<p><strong>CONSEILS JURIDIQUES D\u2019AUTRES ORGANISMES<\/strong><\/p>\n\n\n\n<ul class=\"wp-block-list\">\n<li><strong><a href=\"https:\/\/www.asociacionsei.org\/que-hacemos\/programas\/asesoria-legal\/\" target=\"_blank\" rel=\"noreferrer noopener\">Service Socio\u00e9ducatif Interculturel (SEI)<\/a><\/strong><br>Orientation et accompagnement pour les personnes migrantes et les professionnels.<br>C\/ Cipriano Olaso, 4. Pamplona.<br>948 239 739 (lundi de 9h30 \u00e0 13h30 sur rendez-vous)<\/li>\n\n\n\n<li><strong>Bidean<\/strong><br>C\/ Emiliana Zubeldia, 5. Pampelune.<br>679 983 392<\/li>\n\n\n\n<li><a href=\"https:\/\/www.caritaspamplona.org\/que-hacemos\/accion-social\/\" target=\"_blank\" rel=\"noreferrer noopener\"><strong>C\u00e1ritas Diocesanas<\/strong><\/a><br>C\/ San Ant\u00f3n, 8. Pampelune.<br>948 225 909<\/li>\n\n\n\n<li><strong>Ikaskide<\/strong><br>C\/ Mayor, 70 \u2013 1er \u00e9tage. Pampelune.<br>948 227 611 \/ 948 203 891<br>Mardi et jeudi : 11h-12h30 \/ Vendredi : 18h-19h30<br><a href=\"mailto:ikaskide@itakaescolapios.org\" target=\"_blank\" rel=\"noreferrer noopener\">ikaskide@itakaescolapios.org<\/a><\/li>\n<\/ul>\n\n\n\n<p><strong>PLAINTES ANTIRACISTES<\/strong><\/p>\n\n\n\n<p><a rel=\"noreferrer noopener\" href=\"https:\/\/www.navarra.es\/es\/tramites\/on\/-\/line\/servicio-de-atencion-frente-al-racismo-y-la-xenofobia\" target=\"_blank\"><strong>Service d\u2019Assistance contre le Racisme et la X\u00e9nophobie (SARX)<\/strong><\/a>.<br>Accompagnement et conseils en cas de discrimination raciale ou x\u00e9nophobe.<br>Pampelune: Avda. Roncesvalles, 4<br>Tudela: C\/ Estanca s\/n.<br>Lundi \u00e0 vendredi : 8h30-17h30 (juillet-ao\u00fbt : jusqu\u2019\u00e0 15h30)<br>Pampelune: 848 420 785 \/ 686 570 517<br>Tudela: 848 433 664 \/ 696 262 644<br><a rel=\"noreferrer noopener\" href=\"mailto:SARX@navarra.es\" target=\"_blank\">SARX@navarra.es<\/a><\/p>\n\n\n\n<p><strong><a rel=\"noreferrer noopener\" href=\"https:\/\/sosracismonafarroa.es\/\" target=\"_blank\">SOS Racismo Nafarroa<\/a><\/strong><br>C\/ Zapater\u00eda 31. Pampelune.<br>948 211 521<br><a rel=\"noreferrer noopener\" href=\"mailto:sosarrazakeria.nafarroa@gmail.com\" target=\"_blank\">sosarrazakeria.nafarroa@gmail.com<\/a><\/p>\n\n\n\n<h4 class=\"wp-block-heading\"><strong>R\u00c9GLEMENTATION<\/strong><\/h4>\n\n\n\n<ul class=\"wp-block-list\">\n<li><strong><a href=\"https:\/\/www.boe.es\/buscar\/act.php?id=BOE-A-2000-544\" target=\"_blank\" rel=\"noreferrer noopener\">Loi organique 4\/2000 du 11 janvier sur les droits et libert\u00e9s des \u00e9trangers en Espagne et leur int\u00e9gration sociale<\/a><\/strong>.<\/li>\n\n\n\n<li><strong><a href=\"https:\/\/www.boe.es\/buscar\/act.php?id=BOE-A-2024-24099\" target=\"_blank\" rel=\"noreferrer noopener\">D\u00e9cret royal 1155\/2024 du 19 novembre approuvant le r\u00e8glement de la loi organique 4\/2000<\/a><\/strong>.<\/li>\n<\/ul>\n\n\n\n<h3 class=\"wp-block-heading\">D<strong>EMANDEURS DE PROTECTION INTERNATIONALE<\/strong><\/h3>\n\n\n\n<p>Si tu envisages de demander l\u2019asile, <strong><mark style=\"background-color:rgba(0, 0, 0, 0)\" class=\"has-inline-color has-accent-color\">sache que l\u2019octroi de l\u2019asile en Espagne est tr\u00e8s exceptionnel<\/mark><\/strong>. De plus, le nouveau r\u00e8glement stipule que<strong> <mark style=\"background-color:rgba(0, 0, 0, 0)\" class=\"has-inline-color has-accent-color\">le temps de r\u00e9sidence en Espagne en tant que demandeur d\u2019asile ne compte pas pour l\u2019enracinement<\/mark><\/strong>.<\/p>\n\n\n\n<h4 class=\"wp-block-heading\"><strong>CONSEILS SUR L\u2019ASILE EN NAVARRE<\/strong><\/h4>\n\n\n\n<p>La Croix-Rouge et la Commission espagnole d\u2019aide aux r\u00e9fugi\u00e9s (CEAR) offrent un service juridique d\u2019information et de conseil sur la proc\u00e9dure de protection internationale aux personnes sans ressources \u00e9conomiques.<\/p>\n\n\n\n<ul class=\"wp-block-list\">\n<li><strong>Croix-Rouge<\/strong><br>C\/ Leire, 6. Pampelune.<br>948 206 570<br>Il existe des antennes de la Croix-Rouge dans 17 autres localit\u00e9s de Navarre. Il est n\u00e9cessaire de prendre rendez-vous en se pr\u00e9sentant sur place.<\/li>\n\n\n\n<li><strong>CEAR<\/strong><br>C\/ Sandoval, 2 local. Pampelune.<br>848 480 818<br><a href=\"https:\/\/www.cear.es\/\" target=\"_blank\" rel=\"noreferrer noopener\">Commission espagnole d\u2019aide aux r\u00e9fugi\u00e9s<\/a><\/li>\n<\/ul>\n\n\n\n<h4 class=\"wp-block-heading\"><strong>PROC\u00c9DURE POUR DEMANDER L\u2019ASILE<\/strong><\/h4>\n\n\n\n<p><strong>QUI ET QUAND<\/strong>: Toute personne \u00e9trang\u00e8re majeure non communautaire ou apatride peut demander la protection internationale en Espagne. La demande peut \u00eatre pr\u00e9sent\u00e9e personnellement ou, en cas d\u2019impossibilit\u00e9 physique ou l\u00e9gale, par un repr\u00e9sentant. Les mineurs peuvent faire la demande avec leur p\u00e8re, m\u00e8re ou tuteur l\u00e9gal. Il est conseill\u00e9 de demander la protection internationale le plus t\u00f4t possible.<\/p>\n\n\n\n<p><strong>O\u00d9 ET COMMENT:<\/strong><br>Le rendez-vous pour demander l\u2019asile est donn\u00e9 par le Bureau des \u00e9trangers (Avda. de Guip\u00fazcoa, 40, Buztintxuri. Pampelune) \u00e0 toute personne exprimant sa volont\u00e9 de demander la protection internationale.<br><strong>Il est important de conserver et de porter sur soi le document indiquant la date de l\u2019entretien, car il autorise \u00e0 rester sur le territoire espagnol jusqu\u2019\u00e0 la pr\u00e9sentation officielle de la demande<\/strong> et garantit le droit de non-refoulement.<br>Le d\u00e9lai d\u2019attente pour l\u2019entretien est d\u2019environ un an.<\/p>\n\n\n\n<p><strong>La demande d\u2019asile<\/strong> se pr\u00e9sente en personne au Bureau des \u00e9trangers.<\/p>\n\n\n\n<p><strong>Entretien:<\/strong> Il est essentiel de bien le pr\u00e9parer et recommand\u00e9 de recevoir des conseils juridiques d\u2019une organisation sp\u00e9cialis\u00e9e (en Navarre : CEAR et Croix-Rouge). Il est pertinent d\u2019avoir subi des pers\u00e9cutions personnelles (attaques, menaces en raison de l\u2019appartenance \u00e0 un groupe politique, ethnique, religieux ou en raison de l\u2019orientation sexuelle, conflits arm\u00e9s ou maladies non traitables dans le pays d\u2019origine), en apportant des preuves si possible.<br>Apr\u00e8s l\u2019entretien, un \u00ab<strong>Resguardo Blanco<\/strong>\u00bb est remis, justificatif de d\u00e9p\u00f4t de la demande, valable 6 mois.<\/p>\n\n\n\n<p><strong>D\u00c9CISION D\u2019ADMISSION DE LA DEMANDE:<\/strong> Les autorit\u00e9s disposent d\u2019un mois apr\u00e8s l\u2019entretien pour d\u00e9cider si la demande est recevable.<\/p>\n\n\n\n<ul class=\"wp-block-list\">\n<li><strong>Si la demande n\u2019est pas admise<\/strong>: contacte un avocat ou une organisation sp\u00e9cialis\u00e9e pour envisager un recours.<\/li>\n\n\n\n<li><strong>Si elle est admise<\/strong>: le \u00ab<strong>Resguardo Blanco<\/strong>\u00bb est automatiquement prolong\u00e9 jusqu\u2019\u00e0 la date indiqu\u00e9e (6 mois apr\u00e8s l\u2019entretien). Une fois expir\u00e9, il faut demander une \u00ab<strong>Carte Rouge<\/strong>\u00bb en ligne, qui atteste du statut de demandeur d\u2019asile et donne droit au travail. Elle doit \u00eatre renouvel\u00e9e tous les 6 mois.<\/li>\n<\/ul>\n\n\n\n<p><strong>D\u00c9CISION SUR LA DEMANDE DE PROTECTION INTERNATIONALE<\/strong><\/p>\n\n\n\n<ul class=\"wp-block-list\">\n<li>D\u00e9cision n\u00e9gative: refus de la protection internationale. La personne reste en situation irr\u00e9guli\u00e8re. Il est essentiel de consulter un avocat ou une organisation sp\u00e9cialis\u00e9e pour analyser la d\u00e9cision et envisager un recours.<\/li>\n\n\n\n<li>D\u00e9cision n\u00e9gative avec octroi d\u2019un permis de s\u00e9jour\/travail d\u2019un an pour <strong>RAISONS HUMANITAIRES<\/strong>: une carte correspondante est d\u00e9livr\u00e9e.<\/li>\n\n\n\n<li>D\u00e9cision positive: <strong>octroi de l\u2019asile ou de la protection subsidiaire<\/strong>. Une carte correspondante est d\u00e9livr\u00e9e.<\/li>\n<\/ul>\n\n\n\n<p><strong>SOUTIEN \u00c0 L\u2019ACCUEIL ET \u00c0 L\u2019INT\u00c9GRATION<\/strong>. Le Gouvernement de Navarre assure la coordination et la communication avec les autres d\u00e9partements, les collectivit\u00e9s locales, les initiatives citoyennes, les personnes r\u00e9fugi\u00e9es, etc. En collaboration avec des organisations sociales, un <a href=\"http:\/\/www.navarra.es\/NR\/rdonlyres\/9A7317D6-B52B-4E55-AADB-BDF74911CF65\/0\/ProtocoloAcogidaRefugiadosNavarra.pdf\" target=\"_blank\" rel=\"noreferrer noopener\">PROTOCOLE<\/a> sp\u00e9cifique a \u00e9t\u00e9 \u00e9labor\u00e9.<\/p>\n\n\n\n<p><strong>PROGRAMME D\u2019ACCUEIL POUR LES DEMANDEURS D\u2019ASILE<\/strong>. Programme national financ\u00e9 par le Minist\u00e8re du Travail, des Migrations et de la S\u00e9curit\u00e9 sociale (MITRAMISS), destin\u00e9 \u00e0 soutenir les personnes en cours de proc\u00e9dure ou ayant demand\u00e9 l\u2019asile et se trouvant en situation de vuln\u00e9rabilit\u00e9. Le minist\u00e8re coordonne l\u2019attribution des places pour les demandeurs d\u2019asile sur tout le territoire espagnol.<\/p>\n\n\n\n<p>En Navarre, le programme est g\u00e9r\u00e9 par la Croix-Rouge et CEAR. La demande d\u2019admission ne peut \u00eatre faite que par l\u2019interm\u00e9diaire de la Croix-Rouge, apr\u00e8s une \u00e9valuation sociale.<\/p>\n\n\n\n<h3 class=\"wp-block-heading\"><strong>OBTENTION DE LA NATIONALIT\u00c9 ESPAGNOLE<\/strong><\/h3>\n\n\n\n<h4 class=\"wp-block-heading\"><strong>NATIONALIT\u00c9 PAR R\u00c9SIDENCE<\/strong><\/h4>\n\n\n\n<p>Il faut prouver une r\u00e9sidence l\u00e9gale, continue et imm\u00e9diatement ant\u00e9rieure \u00e0 la demande pendant dix ans en Espagne.<br>Cinq ans suffisent pour les personnes ayant obtenu le statut de r\u00e9fugi\u00e9.<br>Deux ans suffisent pour les ressortissants de pays ib\u00e9ro-am\u00e9ricains, d\u2019Andorre, des Philippines, de Guin\u00e9e \u00e9quatoriale, du Portugal ou les personnes d\u2019origine s\u00e9farade.<\/p>\n\n\n\n<p>Dans certaines circonstances, une r\u00e9sidence d\u2019un an suffit, comme pour les personnes n\u00e9es en Espagne, mari\u00e9es (et non s\u00e9par\u00e9es) \u00e0 un(e) Espagnol(e), ou veuves\/veufs d\u2019un(e) Espagnol(e).<\/p>\n\n\n\n<p>Il est n\u00e9cessaire de r\u00e9ussir deux examens:<\/p>\n\n\n\n<ul class=\"wp-block-list\">\n<li>Le test de connaissances constitutionnelles et socioculturelles d\u2019Espagne (<a href=\"https:\/\/examenes.cervantes.es\/es\/ccse\/que-es\" target=\"_blank\" rel=\"noreferrer noopener\">CCSE<\/a>).<\/li>\n\n\n\n<li>Le test de langue espagnole (<a href=\"https:\/\/examenes.cervantes.es\/es\/dele\/que-es\" target=\"_blank\" rel=\"noreferrer noopener\">DELE<\/a>).<\/li>\n<\/ul>\n\n\n\n<p><em><strong>Le contenu de cette page est purement informatif. Nous vous remercions si vous nous communiquez des erreurs ou des lacunes dans l\u2019information.<\/strong><\/em><\/p>\n\n\n\n<p><\/p>\n","protected":false},"excerpt":{"rendered":"<p>PERSONNES EN SITUATION IRR\u00c9GULI\u00c8RE La l\u00e9gislation sur l\u2019immigration stipule que de nombreuses personnes \u2013 selon leur lieu de naissance \u2013 peuvent se retrouver en situation administrative irr\u00e9guli\u00e8re (sans papiers, dans le langage courant). Si vous \u00eates dans cette situation, vous ne pourrez pas obtenir de permis de s\u00e9jour ni de permis de travail pendant un [&hellip;]<\/p>\n","protected":false},"author":2,"featured_media":241,"parent":0,"menu_order":0,"comment_status":"closed","ping_status":"closed","template":"templates\/template-cover.php","meta":{"footnotes":""},"class_list":["post-1650","page","type-page","status-publish","has-post-thumbnail","hentry"],"jetpack_sharing_enabled":true,"_links":{"self":[{"href":"https:\/\/pim-mig.info\/index.php\/wp-json\/wp\/v2\/pages\/1650","targetHints":{"allow":["GET"]}}],"collection":[{"href":"https:\/\/pim-mig.info\/index.php\/wp-json\/wp\/v2\/pages"}],"about":[{"href":"https:\/\/pim-mig.info\/index.php\/wp-json\/wp\/v2\/types\/page"}],"author":[{"embeddable":true,"href":"https:\/\/pim-mig.info\/index.php\/wp-json\/wp\/v2\/users\/2"}],"replies":[{"embeddable":true,"href":"https:\/\/pim-mig.info\/index.php\/wp-json\/wp\/v2\/comments?post=1650"}],"version-history":[{"count":6,"href":"https:\/\/pim-mig.info\/index.php\/wp-json\/wp\/v2\/pages\/1650\/revisions"}],"predecessor-version":[{"id":3101,"href":"https:\/\/pim-mig.info\/index.php\/wp-json\/wp\/v2\/pages\/1650\/revisions\/3101"}],"wp:featuredmedia":[{"embeddable":true,"href":"https:\/\/pim-mig.info\/index.php\/wp-json\/wp\/v2\/media\/241"}],"wp:attachment":[{"href":"https:\/\/pim-mig.info\/index.php\/wp-json\/wp\/v2\/media?parent=1650"}],"curies":[{"name":"wp","href":"https:\/\/api.w.org\/{rel}","templated":true}]}}