{"id":1647,"date":"2021-10-04T10:17:41","date_gmt":"2021-10-04T08:17:41","guid":{"rendered":"https:\/\/pim-mig.info\/?page_id=1647"},"modified":"2026-02-09T01:29:01","modified_gmt":"2026-02-09T00:29:01","slug":"mineurs-etrangers","status":"publish","type":"page","link":"https:\/\/pim-mig.info\/index.php\/fr\/mineurs-etrangers\/","title":{"rendered":"Mineurs \u00e9trangers"},"content":{"rendered":"\n<p>La situation des personnes \u00e9trang\u00e8res mineures est tr\u00e8s diff\u00e9rente de celle des personnes majeures (plus de 18 ans), notamment en ce qui concerne les papiers, la sant\u00e9 ou l\u2019\u00e9ducation. Tous les mineurs ont un permis de s\u00e9jour et ne peuvent pas \u00eatre expuls\u00e9s.<\/p>\n\n\n\n<p>La communaut\u00e9 autonome dans laquelle se trouve un mineur non accompagn\u00e9 est responsable de lui jusqu\u2019\u00e0 ses 18 ans.<\/p>\n\n\n\n<p><strong>D\u00c9TERMINATION DE L\u2019\u00c2GE<\/strong><\/p>\n\n\n\n<p>Lorsqu\u2019une personne d\u00e9clare \u00eatre mineure et que les autorit\u00e9s doutent de la v\u00e9racit\u00e9 de son \u00e2ge \u2014 faute de documents justificatifs comme un acte de naissance original ou un passeport \u2014 elles peuvent ordonner un test osseux pour d\u00e9terminer son \u00e2ge. Le r\u00e9sultat de ce test, m\u00eame s\u2019il est erron\u00e9, sera consid\u00e9r\u00e9 comme son \u00e2ge officiel \u00e0 partir de ce moment.<\/p>\n\n\n\n<p><strong>ASSISTANCE SOCIALE<\/strong><\/p>\n\n\n\n<p>La communaut\u00e9 autonome o\u00f9 se trouve le mineur non accompagn\u00e9 est tenue de l\u2019accueillir jusqu\u2019\u00e0 ses 18 ans. D\u00e8s qu\u2019une personne d\u00e9clare et prouve \u00eatre mineure non accompagn\u00e9e, ou que sa minorit\u00e9 est confirm\u00e9e par un test osseux, elle est envoy\u00e9e dans un centre de protection pour mineurs.<\/p>\n\n\n\n<p><strong>D\u00e9marches:<\/strong><br><strong>Sous-direction de la Famille et des Mineurs (Gouvernement de Navarre)<\/strong><br>Adresse: Calle Abejeras 5 Bis, 7 et 9. 31008 Pampelune<br>T\u00e9l\u00e9phones: 848 421 210 \/ 848 421 260<\/p>\n\n\n\n<p><strong>SANT\u00c9<\/strong><\/p>\n\n\n\n<p>Les mineurs ont droit, d\u00e8s leur arriv\u00e9e en Navarre, \u00e0 une assistance sanitaire gratuite. Ils doivent demander la Carte Individuelle de Sant\u00e9. <a href=\"https:\/\/pim-mig.info\/index.php\/salud\/\" target=\"_blank\" rel=\"noreferrer noopener\">Plus d\u2019informations<\/a>.<\/p>\n\n\n\n<p><strong><a href=\"https:\/\/pim-mig.info\/index.php\/empleo-2\/\" target=\"_blank\" rel=\"noreferrer noopener\">EMPLOI<\/a> ET <a href=\"https:\/\/pim-mig.info\/index.php\/empleo\/\" target=\"_blank\" rel=\"noreferrer noopener\">FORMATION \u00c0 L\u2019EMPLOI<\/a><\/strong><\/p>\n\n\n\n<p>(Informations \u00e0 compl\u00e9ter selon les programmes disponibles)<\/p>\n\n\n\n<p><strong>\u00c9DUCATION<\/strong><\/p>\n\n\n\n<p>La scolarisation est un droit et une obligation pour tous les enfants de 6 \u00e0 16 ans, quelle que soit leur situation administrative.<br>Entre 16 et 18 ans, les mineurs migrants ont le droit d\u2019acc\u00e9der au syst\u00e8me public de bourses et d\u2019aides dans les m\u00eames conditions que les jeunes navarrais, avec l\u2019accompagnement de travailleuses sociales et d\u2019\u00e9ducatrices. <a href=\"http:\/\/pim-mig.info\/index.php\/fr\/education\/\" target=\"_blank\" rel=\"noreferrer noopener\">Plus d\u2019informations<\/a>.<\/p>\n\n\n\n<p>\u00c9tapes du syst\u00e8me \u00e9ducatif:<\/p>\n\n\n\n<ul class=\"wp-block-list\">\n<li>0 \u2013 6 ans: \u00c9ducation infantile<\/li>\n\n\n\n<li>6 \u2013 12 ans: \u00c9ducation primaire (obligatoire)<\/li>\n\n\n\n<li>12 \u2013 16 ans: \u00c9ducation secondaire obligatoire (ESO)<\/li>\n\n\n\n<li>16 \u2013 18 ans: \u00c9ducation post-obligatoire: Baccalaur\u00e9at \/ Formation professionnelle de niveau interm\u00e9diaire<\/li>\n<\/ul>\n\n\n\n<p><strong>Condition<\/strong>: Justifier que l\u2019enfant est inscrit au registre municipal (empadronamiento) du lieu de r\u00e9sidence.<\/p>\n\n\n\n<p><strong>D\u00e9marches pour l\u2019acc\u00e8s des personnes migrantes au syst\u00e8me \u00e9ducatif<\/strong>:<\/p>\n\n\n\n<ul class=\"wp-block-list\">\n<li>Se renseigner sur les diff\u00e9rents mod\u00e8les linguistiques existants en Navarre (voir plus bas)<\/li>\n\n\n\n<li>Se rendre au centre scolaire correspondant pour demander l\u2019inscription<\/li>\n\n\n\n<li>Pour conna\u00eetre le centre scolaire de r\u00e9f\u00e9rence, appeler le D\u00e9partement de l\u2019\u00c9ducation du Gouvernement de Navarre<br>Calle Santo Domingo, s\/n. Pampelune<br>T\u00e9l\u00e9phone: 848 426 500<\/li>\n<\/ul>\n\n\n\n<p><a href=\"https:\/\/www.educacion.navarra.es\/web\/publicaciones\/catalogo\/-\/asset_publisher\/JONi5m8mCym2\/content\/guia-informativa-para-el-alumnado-inmigrante?inheritRedirect=false\" target=\"_blank\" rel=\"noreferrer noopener\">Un guide informatif pour les \u00e9l\u00e8ves immigr\u00e9s d\u00e9crit le syst\u00e8me \u00e9ducatif<\/a>. Il est \u00e9dit\u00e9 en plusieurs langues (espagnol, fran\u00e7ais, anglais, russe, roumain, bulgare, arabe, basque).<br>Ce guide est disponible au D\u00e9partement de l\u2019\u00c9ducation et sur le site web officiel, \u00e0 destination des \u00e9tablissements scolaires, des Commissions Locales de Scolarisation ou de toute personne ayant besoin d\u2019informations.<\/p>\n\n\n\n<p><strong>MOD\u00c8LES LINGUISTIQUES<\/strong><\/p>\n\n\n\n<p>En Navarre, il existe deux langues officielles: l\u2019euskera, parl\u00e9 par une partie de la population navarraise, et le castillan, parl\u00e9 par toute la population. L\u2019euskera est une langue propre en cours de revitalisation. Son apprentissage contribue \u00e0 pr\u00e9server la richesse culturelle.<\/p>\n\n\n\n<ul class=\"wp-block-list\">\n<li><strong>Mod\u00e8le D<\/strong>: Enseignement en euskera. Il garantit l\u2019apprentissage de l\u2019euskera, du castillan et d\u2019une langue \u00e9trang\u00e8re.<\/li>\n\n\n\n<li><strong>Mod\u00e8le G<\/strong>: Enseignement en castillan. La majorit\u00e9 des \u00e9tablissements proposent le programme PAI, dans lequel plusieurs mati\u00e8res sont enseign\u00e9es en anglais. Il garantit l\u2019apprentissage du castillan et de l\u2019anglais.<\/li>\n\n\n\n<li><strong>Mod\u00e8le A<\/strong>: Enseignement en castillan avec la mati\u00e8re euskera. Il garantit l\u2019apprentissage du castillan et permet d\u2019acqu\u00e9rir des connaissances de base en euskera.<\/li>\n<\/ul>\n\n\n\n<p><strong>D\u00c9LAIS D\u2019INSCRIPTION<\/strong><\/p>\n\n\n\n<p>Le d\u00e9lai ordinaire de d\u00e9p\u00f4t des demandes est en f\u00e9vrier. Les listes des personnes admises sont publi\u00e9es en mars, et l\u2019inscription se fait entre fin juin et d\u00e9but juillet. Un d\u00e9lai extraordinaire est pr\u00e9vu d\u00e9but septembre. Il est tr\u00e8s important de s\u2019inscrire pendant le d\u00e9lai ordinaire.<\/p>\n\n\n\n<p>En dehors de ces d\u00e9lais, les \u00e9l\u00e8ves arrivant tardivement seront admis dans les \u00e9tablissements disposant de places vacantes. Les Commissions Locales de Scolarisation conseillent les \u00e9l\u00e8ves immigr\u00e9s nouvellement arriv\u00e9s sur leur int\u00e9gration dans un \u00e9tablissement scolaire, en tenant compte \u00e9quitablement des souhaits des familles et des possibilit\u00e9s d\u2019admission des centres.<\/p>\n\n\n\n<p><a rel=\"noreferrer noopener\" href=\"https:\/\/www.educacion.navarra.es\/documents\/27590\/27818\/GuiaEsp.pdf\/01c0f702-f4e2-4832-9eeb-68278f48f520\" target=\"_blank\">GUIDE INFORMATIF POUR LES \u00c9L\u00c8VES IMMIGR\u00c9S ARRIV\u00c9S TARDIVEMENT<\/a><\/p>\n\n\n\n<p><a href=\"https:\/\/www.educacion.navarra.es\/web\/dpto\/becas-y-ayudas\" target=\"_blank\" rel=\"noreferrer noopener\">BOURSES ET AIDES DU D\u00c9PARTEMENT DE L\u2019\u00c9DUCATION<\/a><\/p>\n\n\n\n<p><a href=\"https:\/\/www.educacion.navarra.es\/web\/dpto\/plan-de-atencion-a-la-diversidad\" target=\"_blank\" rel=\"noreferrer noopener\">PLAN D\u2019ATTENTION \u00c0 LA DIVERSIT\u00c9<\/a><\/p>\n\n\n\n<p><a href=\"https:\/\/www.educacion.navarra.es\/web\/dpto\/primer-ciclo-de-educacion-infantil\" target=\"_blank\" rel=\"noreferrer noopener\">PREMIER CYCLE DE L\u2019\u00c9DUCATION INFANTILE (0\u20133 ANS)<\/a><\/p>\n\n\n\n<p><strong>ORGANISMES OFFRANT UN SOUTIEN SCOLAIRE ET DES ACTIVIT\u00c9S \u00c9DUCATIVES POUR MINEURS<\/strong><\/p>\n\n\n\n<p><a href=\"https:\/\/lantxotegi.org\/\" target=\"_blank\" rel=\"noreferrer noopener\">Lantxotegi<\/a><\/p>\n\n\n\n<p><strong>Programme d\u2019accueil destin\u00e9 aux jeunes migrants sans r\u00e9seau de soutien et ne ma\u00eetrisant pas la langue<\/strong>. Il propose un accompagnement socio-\u00e9ducatif et une formation pour les jeunes migrants \u00e2g\u00e9s de 14 \u00e0 30 ans.<br>Quatre groupes \u00e0 niveaux progressifs \u00e0 Pampelune et un autre \u00e0 Tudela<br>60 places disponibles<br>Conditions d\u2019acc\u00e8s: avoir entre 14 et 30 ans et \u00eatre en situation de vuln\u00e9rabilit\u00e9 ou d\u2019exclusion sociale<\/p>\n\n\n\n<p>Intervention en promotion et pr\u00e9vention personnelle des jeunes et des groupes ayant des difficult\u00e9s d\u2019int\u00e9gration socio-professionnelle<\/p>\n\n\n\n<p>Objectif: offrir une r\u00e9ponse socio-\u00e9ducative et d\u2019int\u00e9gration.<br>Programmes \u00e9ducatifs subventionn\u00e9s pour les jeunes ayant des difficult\u00e9s \u00e0 suivre le rythme scolaire et n\u2019ayant pas termin\u00e9 l\u2019enseignement secondaire obligatoire:<\/p>\n\n\n\n<ul class=\"wp-block-list\">\n<li><strong>Programme Curriculaire Adapt\u00e9<\/strong> pour jeunes jusqu\u2019\u00e0 16 ans<\/li>\n\n\n\n<li><strong>Formation Professionnelle de base en agro-jardinage<\/strong> et compositions florales pour jeunes de 15 \u00e0 17 ans<\/li>\n\n\n\n<li><strong>Atelier Professionnel de Maintenance des B\u00e2timents<\/strong> pour jeunes de 16 \u00e0 21 ans<\/li>\n\n\n\n<li>Programme d\u2019accueil et d\u2019accompagnement<\/li>\n<\/ul>\n\n\n\n<p><strong><a rel=\"noreferrer noopener\" href=\"https:\/\/www.asociacionsei.org\/\" target=\"_blank\">Servicio Socioeducativo Intercultural (SEI)<\/a><\/strong>: Association sp\u00e9cialis\u00e9e dans l\u2019accueil et l\u2019accompagnement des processus de deuil migratoire \u2014 la douleur de quitter sa vie ant\u00e9rieure et de s\u2019adapter \u00e0 un nouvel environnement.<br>Elle accompagne les familles qui regroupent leurs enfants apr\u00e8s des ann\u00e9es de s\u00e9paration, celles qui migrent ensemble, et les mineurs non accompagn\u00e9s.<br>Elle soutient face aux difficult\u00e9s scolaires, \u00e9motionnelles et familiales, et facilite des espaces pour se faire des amis et d\u00e9couvrir Pampelune. T\u00e9l\u00e9phone: 673 329 449 \/ 948 239 739. Contacto: <a rel=\"noreferrer noopener\" href=\"mailto:gestion@asociaccionsei.org\" target=\"_blank\">gestion@asociaccionsei.org<\/a><\/p>\n\n\n\n<p><a rel=\"noreferrer noopener\" href=\"https:\/\/www.itakaescolapios.org\/que-hacemos\/centros-socio-educativos\/ikaskide-pamplona\/\" target=\"_blank\">Fondation ITAKA \u2013 Itaka Escolapios<\/a>: Soutien scolaire et camps urbains.T\u00e9l\u00e9phone: 948 203 891. Contacto: <a rel=\"noreferrer noopener\" href=\"mailto:ikaskide@itakaescolapios.org\" target=\"_blank\">ikaskide@itakaescolapios.org<\/a><\/p>\n\n\n\n<p><a rel=\"noreferrer noopener\" href=\"https:\/\/www.caritaspamplona.org\/services\/residential-design\/\" target=\"_blank\">C\u00e1ritas Dioc\u00e9saine de Pampelune et Tudela<\/a>. Animation communautaire<\/p>\n\n\n\n<p><strong>DROIT AU S\u00c9JOUR ET \u00c0 LA NATIONALIT\u00c9<\/strong><\/p>\n\n\n\n<p>La premi\u00e8re communaut\u00e9 autonome dans laquelle le mineur \u00e9tranger a \u00e9t\u00e9 accueilli est responsable de lui.<br>Si le mineur est transf\u00e9r\u00e9 dans une autre communaut\u00e9 et se pr\u00e9sente aux autorit\u00e9s, celles-ci peuvent assumer la responsabilit\u00e9 ou tenter de le renvoyer dans la communaut\u00e9 d\u2019origine \u2014 bien que cela soit rare.<\/p>\n\n\n\n<p><strong>Demande de nationalit\u00e9 et r\u00e9sidence pour les mineurs \u00e9trangers<\/strong><\/p>\n\n\n\n<p>Apr\u00e8s deux ann\u00e9es de s\u00e9jour dans un centre pour mineurs, un mineur \u00e9tranger peut demander la nationalit\u00e9 espagnole s\u2019il est entr\u00e9 dans le centre avant l\u2019\u00e2ge de 16 ans.<br>Il est recommand\u00e9 de demander conseil aux travailleurs sociaux, avocats, etc.<\/p>\n\n\n\n<p>Il est essentiel de planifier le renouvellement du permis de s\u00e9jour \u2014 par contrat de travail, formation en cours, etc. \u2014 avant d\u2019atteindre 18 ans, car une fois expir\u00e9, il est tr\u00e8s difficile de l\u2019obtenir \u00e0 nouveau.<\/p>\n\n\n\n<p><strong>R\u00e9glementation applicable aux mineurs \u00e9trangers<\/strong><\/p>\n\n\n\n<p>Articles 159 \u00e0 174 du D\u00e9cret Royal 1155\/2024 du 19 novembre, qui approuve le r\u00e8glement de la Loi Organique 4\/2000 du 11 janvier sur les droits et libert\u00e9s des \u00e9trangers en Espagne et leur int\u00e9gration sociale : <a href=\"https:\/\/www.boe.es\/buscar\/pdf\/2024\/BOE-A-2024-24099-consolidado.pdf\" target=\"_blank\" rel=\"noreferrer noopener\">Consulter le texte officiel<\/a><\/p>\n\n\n\n<h4 class=\"wp-block-heading\"><strong>Demandes de nationalit\u00e9<\/strong><\/h4>\n\n\n\n<p><strong>Registre Civil de Pampelune:<\/strong><br>Adresse : Avda. Sancho el Fuerte, 8. 31007 Pampelune. T\u00e9l\u00e9phone: 848 424 062<\/p>\n\n\n\n<h4 class=\"wp-block-heading\">\u00c0 PARTIR DE 18 ANS<\/h4>\n\n\n\n<p>Il est possible de rester dans des centres ou appartements pour jeunes ex-tutor\u00e9s, surtout si la conduite a \u00e9t\u00e9 exemplaire ou si une formation acad\u00e9mique ou professionnelle est en cours.<br>Suivre un cycle de formation facilite le renouvellement du permis de s\u00e9jour \u00e0 la majorit\u00e9.<\/p>\n\n\n\n<p>Il est \u00e9galement possible de louer un appartement partag\u00e9 avec d\u2019autres personnes.<br>Pendant le \u00ab processus d\u2019autonomie \u00bb, une \u00ab aide \u00e0 l\u2019\u00e9mancipation \u00bb est vers\u00e9e par le Gouvernement de Navarre, accompagn\u00e9e d\u2019un suivi par une travailleuse sociale.<br>Apr\u00e8s deux ann\u00e9es cons\u00e9cutives d\u2019inscription au registre municipal (empadronamiento) en Navarre, il est possible de commencer \u00e0 percevoir la Rente de Base Garantie.<\/p>\n\n\n\n<h4 class=\"wp-block-heading\"><strong>ORGANISATIONS QUI TRAVAILLENT AVEC DES MINEURS ET DES JEUNES<\/strong><\/h4>\n\n\n\n<p><strong>SARETUZ<\/strong>. R\u00e9seau de l\u2019Enfance et de l\u2019Adolescence du Casco Viejo, compos\u00e9 d\u2019associations et de professionnels travaillant avec des mineurs. Son objectif est de renforcer un r\u00e9seau de communication permettant de cr\u00e9er un espace commun d\u2019action collective, ouvert \u00e0 de nouvelles initiatives, projets et axes de travail. T\u00e9l\u00e9phone: 948 420 762 Contact : <a rel=\"noreferrer noopener\" href=\"mailto:saretuz.cascoviejo@gmail.com\" target=\"_blank\">saretuz.cascoviejo@gmail.com<\/a><\/p>\n\n\n\n<p><strong>ASSOCIATIONS DE L\u2019ENFANCE ET DE LA JEUNESSE DANS LES QUARTIERS DE PAMPLOUNE<\/strong>. Services municipaux situ\u00e9s dans diff\u00e9rents quartiers de Pampelune. Des professionnels et des b\u00e9n\u00e9voles y d\u00e9veloppent des activit\u00e9s de loisirs pour la pr\u00e9vention et la promotion de l\u2019enfance et de la jeunesse pendant le temps libre.<br><a href=\"https:\/\/www.pamplona.es\/accion-comunitaria\/escuelas-comunitarias\" target=\"_blank\" rel=\"noreferrer noopener\">Services d\u2019Action Pr\u00e9ventive Communautaire<\/a><\/p>\n\n\n\n<ul class=\"wp-block-list\">\n<li><strong>Buztintxuri<\/strong>: Asociaci\u00f3n Buztintxureando Txuri. T\u00e9l\u00e9phone: 948 803 574 \/ 637 598 485 Contacto: <a href=\"mailto:buztintxureando@gmail.com\" target=\"_blank\" rel=\"noreferrer noopener\">buztintxureando@gmail.com<\/a><\/li>\n\n\n\n<li><strong>Casco Viejo<\/strong>: <a href=\"https:\/\/www.aldezaharra.eus\/guia_colectivos\/aldezar\/\" target=\"_blank\" rel=\"noreferrer noopener\">Asociaci\u00f3n Aldezar<\/a><\/li>\n\n\n\n<li><strong>Chantrea<\/strong>: <a href=\"https:\/\/sinarzubi.org\/quehacemos\/\" target=\"_blank\" rel=\"noreferrer noopener\">Federaci\u00f3n Si\u00f1arzubi<\/a><\/li>\n\n\n\n<li><strong>Echavacoiz<\/strong>: <a href=\"http:\/\/etxabakoitz.info\/\" target=\"_blank\" rel=\"noreferrer noopener\">Asociaci\u00f3n ETXABAKOITZ BIZIRIK elkartea<\/a><\/li>\n\n\n\n<li><strong>Ermitaga\u00f1a \u2013 Mendebaldea<\/strong>: Asociaci\u00f3n Hazialdea. T\u00e9l\u00e9phone: 623 195 155. Contact: <a href=\"mailto:hazialdea@gmail.com\" target=\"_blank\" rel=\"noreferrer noopener\">hazialdea@gmail.com<\/a><\/li>\n\n\n\n<li><strong>Mendillorri \u2013 Ripagaina<\/strong>: Asociaci\u00f3n Bideberri<br>T\u00e9l\u00e9phone: 948 103 358 \/ 622 096 415. Contact: <a href=\"mailto:asociacionbideberri@gmail.com\" target=\"_blank\" rel=\"noreferrer noopener\">asociacionbideberri@gmail.com<\/a><\/li>\n\n\n\n<li><strong>Milagrosa \u2013 Azpilaga\u00f1a<\/strong>: <a href=\"https:\/\/es-es.facebook.com\/Asociaci%C3%B3n-Juvenil-Yoar-Yoar-Gazte-Elkartea-279453272185641\/\" target=\"_blank\" rel=\"noreferrer noopener\">Asociaci\u00f3n Juvenil Yoar<\/a><\/li>\n\n\n\n<li><strong>Rochapea<\/strong>: <a href=\"https:\/\/federacionbatean.wixsite.com\/organisation\" target=\"_blank\" rel=\"noreferrer noopener\">Federaci\u00f3n Batean<\/a><\/li>\n\n\n\n<li><strong>San Jorge<\/strong>: <a href=\"http:\/\/umetxea.blogspot.com\/p\/blog-page_16.html\" target=\"_blank\" rel=\"noreferrer noopener\">Umetxua Sanduzelai<\/a><\/li>\n<\/ul>\n\n\n\n<p><strong><a href=\"https:\/\/www.facebook.com\/SCN.NEK\/\" target=\"_blank\" rel=\"noreferrer noopener\">F\u00c9D\u00c9RATION DES SCOUTS CATHOLIQUES DE NAVARRE \u2013 NAFARROAKO ESKAUT KATOLIKOAK (SCN-NEK)<\/a><\/strong><\/p>\n\n\n\n<p>Sept groupes scouts compos\u00e9s de filles et de gar\u00e7ons \u00e2g\u00e9s de 7 \u00e0 18 ans, encadr\u00e9s par des \u00e9quipes d\u2019animatrices et d\u2019animateurs r\u00e9partis dans les quartiers de Pampelune et les villages.<br>Ils \u00e9duquent pendant le temps libre des personnes libres, critiques et engag\u00e9es dans le monde.<br>Activit\u00e9s les samedis et dimanches, et camps pendant No\u00ebl, P\u00e2ques et l\u2019\u00e9t\u00e9.<br><strong>Activit\u00e9 gratuite selon la situation \u00e9conomique<\/strong>. Contact: <a rel=\"noreferrer noopener\" href=\"mailto:pais.scn.nek@gmail.com\" target=\"_blank\">pais.scn.nek@gmail.com<\/a><\/p>\n\n\n\n<p><strong>Groupes locaux:<\/strong><\/p>\n\n\n\n<ul class=\"wp-block-list\">\n<li>Ensanche: <a href=\"https:\/\/www.facebook.com\/ScoutMikael\/\" target=\"_blank\" rel=\"noreferrer noopener\">Mikael<\/a>. Contact: <a href=\"mailto:mikael@scoutmikael.com\" target=\"_blank\" rel=\"noreferrer noopener\">mikael@scoutmikael.com<\/a><\/li>\n\n\n\n<li>Coll\u00e8ge des J\u00e9suites: <a href=\"https:\/\/www.facebook.com\/scoutvtropa\/\" target=\"_blank\" rel=\"noreferrer noopener\">V\u00aa Tropa Groupe Scout V\u00aa Tropa<\/a>. Contact: <a href=\"mailto:web.scoutvtropa@gmail.com\" target=\"_blank\" rel=\"noreferrer noopener\">web.scoutvtropa@gmail.com<\/a><\/li>\n\n\n\n<li>Ermitaga\u00f1a: <a href=\"https:\/\/www.facebook.com\/dendarizar\/\" target=\"_blank\" rel=\"noreferrer noopener\">Groupe scout Dendari Izar<\/a>.Contact: <a href=\"mailto:gsdendarizar@gmail.com\" target=\"_blank\" rel=\"noreferrer noopener\">gsdendarizar@gmail.com<\/a><\/li>\n\n\n\n<li>San Juan: <a href=\"https:\/\/www.facebook.com\/grupo.scoutbaracea\/\" target=\"_blank\" rel=\"noreferrer noopener\">Groupe Scout Baracea<\/a>. Contact: <a href=\"mailto:scoutbaracea@gmail.com\" target=\"_blank\" rel=\"noreferrer noopener\">scoutbaracea@gmail.com<\/a><\/li>\n\n\n\n<li>Marcilla: <a href=\"https:\/\/www.facebook.com\/gundemaro.marcilla\/\" target=\"_blank\" rel=\"noreferrer noopener\">Groupe Scout Gundemaro<\/a>. Contact: <a href=\"mailto:coordinacion.gundemaro@gmail.com\" target=\"_blank\" rel=\"noreferrer noopener\">coordinacion.gundemaro@gmail.com<\/a><\/li>\n\n\n\n<li>Villava: <a href=\"https:\/\/www.facebook.com\/ander.deuna.75\/\" target=\"_blank\" rel=\"noreferrer noopener\">Groupe Scout San Andr\u00e9s<\/a>. Contact: <a href=\"mailto:anderdeuna@gmail.com\" target=\"_blank\" rel=\"noreferrer noopener\">anderdeuna@gmail.com<\/a><\/li>\n\n\n\n<li>No\u00e1in: <a href=\"https:\/\/www.facebook.com\/scout.lykos\" target=\"_blank\" rel=\"noreferrer noopener\">Groupe Scout Lykos<\/a>. Contact: <a href=\"mailto:lykoscout@gmail.com\" target=\"_blank\" rel=\"noreferrer noopener\">lykoscout@gmail.com<\/a><\/li>\n<\/ul>\n\n\n\n<p><strong><a rel=\"noreferrer noopener\" href=\"https:\/\/lantxotegi.org\/\" target=\"_blank\">BERRIOZAR \u2013 LANTXOTEGI<\/a><\/strong>. <strong>Bureau d\u2019accueil et d\u2019accompagnement AHLAN BEK<\/strong><br>Accompagnement des jeunes migrants dans leur processus d\u2019inclusion sociale, soutien dans les d\u00e9marches administratives et orientation vers les ressources disponibles pour atteindre les objectifs fix\u00e9s.<br>Ateliers d\u2019alphab\u00e9tisation en espagnol en groupes mixtes ; d\u00e9veloppement transversal de comp\u00e9tences num\u00e9riques, de formation et d\u2019orientation professionnelle.<\/p>\n\n\n\n<p><strong>BURLADA<\/strong>. R\u00e9seau de professionnels pour la promotion du bon traitement envers l\u2019enfance et l\u2019adolescence \u00e0 Burlada<\/p>\n\n\n\n<p><strong><a rel=\"noreferrer noopener\" href=\"http:\/\/medicusmundi.es\/es\/proyectos\/27\" target=\"_blank\">MEDICUS MUNDI \u2013 Burlada<\/a><\/strong>. Groupes d\u2019action sociale pour les jeunes de 14 \u00e0 17 ans.<br>Activit\u00e9s hebdomadaires et camps en dehors des horaires scolaires.<br>Un espace de socialisation et de loisirs \u2014 r\u00e9flexion, recherche et action \u2014 visant \u00e0 combattre les in\u00e9galit\u00e9s pr\u00e9sentes dans notre monde. Contacts : <a rel=\"noreferrer noopener\" href=\"mailto:yeray.carmona@medicusmundi.es\" target=\"_blank\">yeray.carmona@medicusmundi.es<\/a> ; <a rel=\"noreferrer noopener\" href=\"mailto:montxo.oroz@medicusmundi.es\" target=\"_blank\">montxo.oroz@medicusmundi.es<\/a>.<\/p>\n\n\n\n<p><strong><em>Le contenu de cette page est purement informatif. Nous vous remercions si vous nous communiquez des erreurs ou des lacunes dans l\u2019information.<\/em><\/strong><\/p>\n\n\n\n<p><\/p>\n","protected":false},"excerpt":{"rendered":"<p>La situation des personnes \u00e9trang\u00e8res mineures est tr\u00e8s diff\u00e9rente de celle des personnes majeures (plus de 18 ans), notamment en ce qui concerne les papiers, la sant\u00e9 ou l\u2019\u00e9ducation. Tous les mineurs ont un permis de s\u00e9jour et ne peuvent pas \u00eatre expuls\u00e9s. La communaut\u00e9 autonome dans laquelle se trouve un mineur non accompagn\u00e9 est [&hellip;]<\/p>\n","protected":false},"author":2,"featured_media":347,"parent":0,"menu_order":0,"comment_status":"closed","ping_status":"closed","template":"templates\/template-cover.php","meta":{"footnotes":""},"class_list":["post-1647","page","type-page","status-publish","has-post-thumbnail","hentry"],"jetpack_sharing_enabled":true,"_links":{"self":[{"href":"https:\/\/pim-mig.info\/index.php\/wp-json\/wp\/v2\/pages\/1647","targetHints":{"allow":["GET"]}}],"collection":[{"href":"https:\/\/pim-mig.info\/index.php\/wp-json\/wp\/v2\/pages"}],"about":[{"href":"https:\/\/pim-mig.info\/index.php\/wp-json\/wp\/v2\/types\/page"}],"author":[{"embeddable":true,"href":"https:\/\/pim-mig.info\/index.php\/wp-json\/wp\/v2\/users\/2"}],"replies":[{"embeddable":true,"href":"https:\/\/pim-mig.info\/index.php\/wp-json\/wp\/v2\/comments?post=1647"}],"version-history":[{"count":8,"href":"https:\/\/pim-mig.info\/index.php\/wp-json\/wp\/v2\/pages\/1647\/revisions"}],"predecessor-version":[{"id":2793,"href":"https:\/\/pim-mig.info\/index.php\/wp-json\/wp\/v2\/pages\/1647\/revisions\/2793"}],"wp:featuredmedia":[{"embeddable":true,"href":"https:\/\/pim-mig.info\/index.php\/wp-json\/wp\/v2\/media\/347"}],"wp:attachment":[{"href":"https:\/\/pim-mig.info\/index.php\/wp-json\/wp\/v2\/media?parent=1647"}],"curies":[{"name":"wp","href":"https:\/\/api.w.org\/{rel}","templated":true}]}}