{"id":133,"date":"2020-01-07T18:57:09","date_gmt":"2020-01-07T17:57:09","guid":{"rendered":"http:\/\/pim-mig.info\/?page_id=133"},"modified":"2020-01-07T18:57:10","modified_gmt":"2020-01-07T17:57:10","slug":"preguntas-frecuentes","status":"publish","type":"page","link":"https:\/\/pim-mig.info\/index.php\/preguntas-frecuentes\/","title":{"rendered":"Preguntas frecuentes"},"content":{"rendered":"\n<p>Pr\u00f3ximamente podr\u00e1s consultar esta secci\u00f3n, hasta entonces, paciencia.<\/p>\n","protected":false},"excerpt":{"rendered":"<p>Pr\u00f3ximamente podr\u00e1s consultar esta secci\u00f3n, hasta entonces, paciencia.<\/p>\n","protected":false},"author":1,"featured_media":56,"parent":0,"menu_order":0,"comment_status":"closed","ping_status":"closed","template":"templates\/template-full-width.php","meta":{"footnotes":""},"class_list":["post-133","page","type-page","status-publish","has-post-thumbnail","hentry"],"jetpack_sharing_enabled":true,"_links":{"self":[{"href":"https:\/\/pim-mig.info\/index.php\/wp-json\/wp\/v2\/pages\/133","targetHints":{"allow":["GET"]}}],"collection":[{"href":"https:\/\/pim-mig.info\/index.php\/wp-json\/wp\/v2\/pages"}],"about":[{"href":"https:\/\/pim-mig.info\/index.php\/wp-json\/wp\/v2\/types\/page"}],"author":[{"embeddable":true,"href":"https:\/\/pim-mig.info\/index.php\/wp-json\/wp\/v2\/users\/1"}],"replies":[{"embeddable":true,"href":"https:\/\/pim-mig.info\/index.php\/wp-json\/wp\/v2\/comments?post=133"}],"version-history":[{"count":1,"href":"https:\/\/pim-mig.info\/index.php\/wp-json\/wp\/v2\/pages\/133\/revisions"}],"predecessor-version":[{"id":134,"href":"https:\/\/pim-mig.info\/index.php\/wp-json\/wp\/v2\/pages\/133\/revisions\/134"}],"wp:featuredmedia":[{"embeddable":true,"href":"https:\/\/pim-mig.info\/index.php\/wp-json\/wp\/v2\/media\/56"}],"wp:attachment":[{"href":"https:\/\/pim-mig.info\/index.php\/wp-json\/wp\/v2\/media?parent=133"}],"curies":[{"name":"wp","href":"https:\/\/api.w.org\/{rel}","templated":true}]}}