{"id":1290,"date":"2021-02-14T19:43:38","date_gmt":"2021-02-14T18:43:38","guid":{"rendered":"https:\/\/pim-mig.info\/?page_id=1290"},"modified":"2021-02-14T19:43:39","modified_gmt":"2021-02-14T18:43:39","slug":"ggkeak-eta-erakundeak","status":"publish","type":"page","link":"https:\/\/pim-mig.info\/index.php\/eu\/ggkeak-eta-erakundeak\/","title":{"rendered":"GGKEak eta erakundeak"},"content":{"rendered":"\n<p id=\"block-9af6fc10-383d-404c-b246-75c1bd651d77\"><strong>G<\/strong>arapenerako <strong>G<\/strong>obernuz <strong>K<\/strong>anpoko <strong>E<\/strong>rakundeak eta beste talde batzuk:<\/p>\n\n\n\n<h2 class=\"wp-block-heading\" id=\"block-e2682848-478a-4748-ab32-8b9756245c66\"><strong>INFORMAZIO-GUNEA BABESTEN DUTEN ERAKUNDEAK<\/strong><\/h2>\n\n\n\n<p id=\"block-98b49fa4-e94d-4fab-850d-302b80cc4314\"><a href=\"http:\/\/accioncontralatrata.com\/\">TRATAREN AURKAKO EKINTZA.<\/a><\/p>\n\n\n\n<p id=\"block-c9c7b4f6-6270-49b1-83b2-5367fd297209\"><a href=\"https:\/\/m.facebook.com\/pages\/category\/Interest\/Africa-United-Navarra-542939185879905\/\">AFRIKA BATUA NAFARROA<\/a><\/p>\n\n\n\n<p id=\"block-1266424a-dd26-433d-8dd8-2f0964e3c617\"><a href=\"http:\/\/sakana-mank.eus\/inmigrazioa\/presentacion-y-objetivos\/\">ANITZARTEAN kulturarteko zerbitzua. Sakanako Mankomunitatea.<\/a><\/p>\n\n\n\n<p id=\"block-885ef67d-66ad-4db4-9618-62a94f4ba9cb\"><a rel=\"noreferrer noopener\" href=\"https:\/\/es-es.facebook.com\/asociacioncontigoperunavarra\/\" target=\"_blank\">ASOCIACI\u00d3N CONTIGO PER\u00da<\/a> (PERU ZUREKIN ELKARTEA)<\/p>\n\n\n\n<p id=\"block-6dbaa554-708d-47fe-8554-8fc62a83d07e\"><a href=\"http:\/\/www.geltoki.red\/eu\/\">GELTOKI IRU\u00d1EA ELKARTEA<\/a><\/p>\n\n\n\n<p id=\"block-0aa77bc3-1078-40cc-bff1-ca76c8e00faf\"><a rel=\"noreferrer noopener\" href=\"https:\/\/es-es.facebook.com\/ASOCOLON\/\" target=\"_blank\">ASOCOLON. Asociaci\u00f3n de Colombianos en Navarra<\/a> (ASOCOLON. Nafarroako Kolonbiarren Elkartea)<\/p>\n\n\n\n<p id=\"block-7fdad6ab-64d0-45b7-9488-9d19dc79e1fc\"><a href=\"https:\/\/bancoalimentosnavarra.org\/\">NAFARROAKO ELIKAGAIEN BANKUA<\/a><\/p>\n\n\n\n<p id=\"block-5d75b95b-68bd-4cc3-ad6c-82eb4c380110\">BIDEAN. Tel\u00e9fono 679 983 392.<\/p>\n\n\n\n<p id=\"block-eec4ea1f-dce1-4d54-99b7-e810f042a0c0\"><a href=\"https:\/\/www.cear.es\/\">CEAR NAFARROA<\/a><\/p>\n\n\n\n<p id=\"block-486aebb1-c249-43bf-8de2-28d3dd6135b6\"><a href=\"https:\/\/navarra.ccoo.es\/\">CCOO. Nafarroa.<\/a><\/p>\n\n\n\n<p id=\"block-068a1521-b3db-498f-9c02-e7560c54227e\"><a rel=\"noreferrer noopener\" href=\"https:\/\/www.facebook.com\/Asvena\/videos\/984789561695938\/\" target=\"_blank\">COMUNIDAD ASVENA Y LA ALPARGATIKA<\/a>. (ASVENA eta ALPARGATIKA KOMUNITATEA).<\/p>\n\n\n\n<p id=\"block-ebf9c6a3-791d-42a6-818f-c50c991245f4\"><a href=\"https:\/\/www.lab.eus\/\">LAB SINDIKATUA.<\/a><\/p>\n\n\n\n<p id=\"block-3ed6af6e-5fb8-4bd2-826a-9537531e1eef\"><a href=\"https:\/\/eh11kolore.eus\/es\/\">EH 11 Kolore.<\/a><\/p>\n\n\n\n<p id=\"block-05b07803-7064-490c-8648-092a5a7c4e1c\"><a href=\"https:\/\/malostratos.org\/\">EHULEAK. Nafarroako Emakumeen TratuTtxarrak Ikertzeko Batzordea.<\/a><\/p>\n\n\n\n<p id=\"block-4a61ffbb-eb6a-43ea-8349-20b333e428c1\"><a href=\"http:\/\/elkarte.org\/\">ELKARTE PRESTAKUNTZA ETA ENPLEGUA.<\/a><\/p>\n\n\n\n<p id=\"block-b3710070-c43d-4c7a-9a46-b8e30dd15ec6\"><a href=\"http:\/\/www.elsalvadorelkartasuna.eus\/\">EL SALVADOR ELKARTASUNA.<\/a><\/p>\n\n\n\n<p id=\"block-d7f08c15-b571-4592-b85c-2e882744e43c\"><a href=\"https:\/\/help-na.org\/\">HELP-NA.<\/a><\/p>\n\n\n\n<p id=\"block-2bda9cde-f23c-499f-bd32-b85be37cff96\"><a href=\"https:\/\/www.paris365.org\/es\/recursos\">GIZAKIAR HERRITAR- PARIS 365 FUNDAZIOA.<\/a><\/p>\n\n\n\n<p id=\"block-3f1bfc17-e518-4a5a-b2f8-93338446ce22\"><a href=\"https:\/\/www.itakaescolapios.org\/eu\/\">ITAKA ESKOLAPIOAK FUNDAZIOA.<\/a><\/p>\n\n\n\n<p id=\"block-4145b50f-e602-461e-8e0e-705c98291ff9\"><a href=\"http:\/\/taufundazioa.org\/\">TAU FUNDAZIOA<\/a><\/p>\n\n\n\n<p id=\"block-b5f3aa68-a4c1-4702-9f3a-bf758f64b45e\"><a rel=\"noreferrer noopener\" href=\"https:\/\/twitter.com\/acogidairunea?lang=es\" target=\"_blank\">IRU\u00d1EA CIUDAD DE ACOGIDA<\/a> <a rel=\"noreferrer noopener\" href=\"https:\/\/www.instagram.com\/irunea_ciudad_acogida\/?igshid=55kmp4c94m53\" target=\"_blank\">IRU\u00d1EA HARRERA HIRIA<\/a>.<\/p>\n\n\n\n<p id=\"block-11027df4-095f-436a-ae71-f32d7119eacb\"><a href=\"http:\/\/accioncontralatrata.com\/tag\/poderosas\/\">PODEROSAS<\/a><\/p>\n\n\n\n<p id=\"block-66d313a4-c3e0-45d4-955b-021b8bce3f8f\"><a rel=\"noreferrer noopener\" href=\"https:\/\/es-es.facebook.com\/pages\/category\/Community\/Lizarra-Ciudad-de-acogida-1545334972433649\/\" target=\"_blank\">LIZARRA CIUDAD DE ACOGIDA<\/a> (LIZARRA HARRERA-HIRIA).<\/p>\n\n\n\n<p id=\"block-88b8d403-d5a6-4163-868b-91186b953269\"><a rel=\"noreferrer noopener\" href=\"https:\/\/martesalsol.wordpress.com\/author\/israelburlata\/\" target=\"_blank\">MARTES AL SOL<\/a> (ASTEARTEETAN EGUZKITAN).<\/p>\n\n\n\n<p id=\"block-666281b7-96eb-4618-862b-c69b501548d4\"><a rel=\"noreferrer noopener\" href=\"https:\/\/es-es.facebook.com\/medicosdelmundo.navarra\" target=\"_blank\">M\u00c9DICOS DEL MUNDO NAVARRA<\/a>.<\/p>\n\n\n\n<p id=\"block-e6859650-46b4-4d27-97c8-cc98c9c7366c\"><a rel=\"noreferrer noopener\" href=\"http:\/\/www.lasaludunderecho.es\/\" target=\"_blank\">MEDICUS MUNDI NAM<\/a>.<\/p>\n\n\n\n<p id=\"block-2dddb083-0a75-4ea3-85d4-97a5dfb518a7\"><a rel=\"noreferrer noopener\" href=\"http:\/\/mugarikgabenafarroa.org\/\" target=\"_blank\">MUGARIK GABE NAFARROA<\/a>.<\/p>\n\n\n\n<p id=\"block-d644eb90-f96e-467e-aa18-ed4d966cae2f\"><a rel=\"noreferrer noopener\" href=\"http:\/\/www.oxfamintermon.org\/\" target=\"_blank\">OXFAM INTERMON<\/a>.<\/p>\n\n\n\n<p id=\"block-18f1bf93-53d4-4aaf-a7ae-932d2b93419b\"><a href=\"http:\/\/migrasolidaria.blogspot.com\/p\/quienes-somos.html\">PAPERAK ETA ESKUBIDEAK DENONTZAT.<\/a><\/p>\n\n\n\n<p id=\"block-29f74c6e-f294-4c03-8cd1-48a83a19a509\"><a rel=\"noreferrer noopener\" href=\"https:\/\/www.facebook.com\/pahcaskopamplona\" target=\"_blank\">PLATAFORMA DE AFECTAD@S POR LA HIPOTECA DEL CASCO VIEJO<\/a>.<\/p>\n\n\n\n<p id=\"block-abf3244f-e696-48fe-9d76-79945d88e830\"><a rel=\"noreferrer noopener\" href=\"https:\/\/twitter.com\/pahhutnavarra\" target=\"_blank\">PLATAFORMA DE AFECTAD@S POR LA HIPOTECA DE NAVARRA<\/a>.<\/p>\n\n\n\n<p id=\"block-083f326a-0942-46a1-b6f0-2fea301133d1\"><a rel=\"noreferrer noopener\" href=\"https:\/\/twitter.com\/pnap20\" target=\"_blank\">PLATAFORMA NAVARRA DE MUJERES POR LA ABOLICI\u00d3N DE LA PROSTITUCI\u00d3N<\/a>.<\/p>\n\n\n\n<p id=\"block-8cdec284-c11d-4dee-bb6d-a620f0441bcc\"><a rel=\"noreferrer noopener\" href=\"https:\/\/es-es.facebook.com\/SakanaHarrera\/\" target=\"_blank\">SAKANA HARRERA HARANA<\/a>.<\/p>\n\n\n\n<p id=\"block-3976283f-b1b3-4520-8f38-5421c5349bdf\"><a href=\"https:\/\/www.asociacionsei.org\/\">SEI ELKARTEA \u2013 KULTURARTEKO GIZARTE ETA HEZKUNTZA ZERBITZUA<\/a><\/p>\n\n\n\n<p id=\"block-4b492a5f-5d6f-40bf-83df-c9bbc042194e\"><a href=\"https:\/\/sosracismo.eu\/sos-racismo-nafarroa\/\">SOS ARRAZAKERIA NAFARROA<\/a><\/p>\n\n\n\n<p id=\"block-7f4644bf-7182-4fba-9363-cfda720f52b8\"><a href=\"https:\/\/steilas.eus\/es\/\">STEILAS SINDIKATUA<\/a>.<\/p>\n\n\n\n<p id=\"block-604faf64-4109-4357-bbf4-8fdea7bd585d\"><a rel=\"noreferrer noopener\" href=\"https:\/\/sumaconcausa.org\/\" target=\"_blank\">SUMACONCAUSA<\/a>.<\/p>\n\n\n\n<p id=\"block-5c1d7f0e-5236-4328-a6ec-f48526352ab9\"><a rel=\"noreferrer noopener\" href=\"https:\/\/es-es.facebook.com\/people\/Tafalla-Ciudad-De-Acogida\/100012436357423\" target=\"_blank\">TAFALLA CIUDAD DE ACOGIDA<\/a>.<\/p>\n\n\n\n<p id=\"block-1dceba1f-bff6-4169-857f-3fe2aaaeecc7\"><a href=\"https:\/\/www.zaporeak.eus\/\">ZAPOREAK<\/a><\/p>\n\n\n\n<p id=\"block-027c7b60-3840-4888-91ae-083966a2b65d\"><a rel=\"noreferrer noopener\" href=\"http:\/\/www.zaskarumorez.com\/\" target=\"_blank\">ZASKA-Red Antirrumores<\/a><\/p>\n\n\n\n<h2 class=\"wp-block-heading\" id=\"block-5b7b1df1-8780-4394-bac0-1e68283eec46\">LAGUNTZEN DUTEN ERAKUNDEAK<\/h2>\n\n\n\n<h4 class=\"wp-block-heading\" id=\"block-7c96743b-5ad1-4869-a657-566b91326628\">HEZKUNTZAN<\/h4>\n\n\n\n<p id=\"block-d681c4c0-0b48-4adb-96ad-15d9e0722862\"><a href=\"https:\/\/www.lantxotegi.org\/index.php\/eu\/non-gaude\">Lantxotegi.<\/a><\/p>\n\n\n\n<p id=\"block-fed396ad-f2cf-4c16-bf7e-092f22e1b314\"><a href=\"https:\/\/www.asociacionsei.org\/\">Sei Elkartea \u2013 Kulturarteko Gizarte eta Hezkuntza Zerbitzua<\/a><\/p>\n\n\n\n<p id=\"block-ea469084-4bef-4770-bbda-e5721056c50c\"><a href=\"https:\/\/www.caritaspamplona.org\/services\/residential-design\/\">Iru\u00f1eko eta Tuterako Elizbarrutiko Caritas. ANIMAZIO KOMUNITARIOA<\/a><\/p>\n\n\n\n<p id=\"block-f12df432-f0ae-4327-a7fe-99b958f2fbdf\"><a href=\"https:\/\/www.itakaescolapios.org\/eu\/que-hacemos\/centros-socio-educativos\/ikaskide-pamplona\/\">ITAKA Fundazioa. Itaka Eskolapioak.<\/a> Telefonoa: 948 203 891<\/p>\n\n\n\n<h4 class=\"wp-block-heading\" id=\"block-0c526c11-f186-405f-847d-9bfad476ffb5\">PERTSONA ATZERRITARRENDAKO<\/h4>\n\n\n\n<h4 class=\"wp-block-heading\" id=\"block-85dd1d8d-cf09-4455-94ba-edbb716113b6\">Aholkularitza juridikoa<\/h4>\n\n\n\n<p id=\"block-1a0de806-f3c9-4316-808b-b65671cd49ff\"><strong>Bidean<\/strong>. Telefonoa: 679 983 392. Emiliana Zubeldia kalea, 5. Iru\u00f1ea.<\/p>\n\n\n\n<p id=\"block-9946bb3a-7fb3-4162-87c2-354a002d6653\"><a href=\"https:\/\/www.caritaspamplona.org\/services\/emergencia-coronavirus\/\">Elizbarrutiko Caritas: Iru\u00f1ea eta Tutera.<\/a> Telefonoa: 948 225 909. San Anton kalea, 8. Iru\u00f1ea.<\/p>\n\n\n\n<p id=\"block-130fc8fd-a766-4e22-960b-8e0fd896834e\"><strong>Ikaskide<\/strong>. Telefonoa: 616 874 707. Kale Nagusia 57. Iru\u00f1ea.<\/p>\n\n\n\n<h4 class=\"wp-block-heading\" id=\"block-e9d99fcc-5f49-4e5a-8d07-d14fe921a5b6\">Arrazakeriaren aurkako salaketak<\/h4>\n\n\n\n<p id=\"block-838bd779-63da-4837-900b-cd959e283359\"><a href=\"https:\/\/sosracismo.eu\/sos-racismo-nafarroa\/\">Sos Arrazakeria Federazioa Nafarroa<\/a><\/p>\n\n\n\n<p id=\"block-d2374f5c-7b99-4d0f-b680-a80b7b12b0ca\">Telefonoa: 948 211 521. Zapateria kalea 31. Iru\u00f1ea.<\/p>\n\n\n\n<h4 class=\"wp-block-heading\" id=\"block-14f5bdfb-25d8-4a65-bcc9-9835bdd6e224\">Asiloari buruzko aholkularitza<\/h4>\n\n\n\n<p id=\"block-e3564270-f604-468a-a9c2-825e1ad08d7f\"><strong>Gurutze Gorria<\/strong>. Leire kalea, 6. Iru\u00f1ea. Telefonoa: 948 206 570. Gurutze Gorriaren Batzarrak honako toki hauetan daude: Iru\u00f1ean, Tuteran, Lizarran, Tafallan, Zangozan, Altsasun, Lodosan, Cintruenigon eta Castejonen.<\/p>\n\n\n\n<p id=\"block-f16dbb96-69ec-4b92-9cf7-0b562bc53772\"><a href=\"https:\/\/www.cear.es\/\">Pertsona Errefuxiatuei Laguntzeko Espainiako Batzordea<\/a> (CEAR). Sandoval kalea 2, etxabea. Iru\u00f1ea. Telefonoa: 848 480 818.<\/p>\n\n\n\n<h4 class=\"wp-block-heading\" id=\"block-2f03ac11-0039-40ac-a9e0-5b66be36010a\">ADINGABEAK<\/h4>\n\n\n\n<p id=\"block-11c4f1ca-fa81-4f15-809b-2514165718cb\"><a href=\"https:\/\/www.asociacionsei.org\/\">Sei Elkartea \u2013 Kulturarteko Gizarte eta Hezkuntza Zerbitzua<\/a><\/p>\n\n\n\n<p id=\"block-7ee673b4-ac18-49e2-bf0e-b52664229adc\"><a href=\"https:\/\/www.lantxotegi.org\/index.php\/eu\/non-gaude\">Lantxotegi.<\/a><\/p>\n\n\n\n<p id=\"block-afbea4b6-bb19-40fa-a178-65cd1aba00b0\"><strong>IKASKIDE- ITAKA ESKOLAPIOAK FUNDAZIOA<\/strong>. Eskola-laguntza eta hiri-kanpamenduak. <a href=\"https:\/\/www.itakaescolapios.org\/eu\/donde-estamos\/spain\/pamplona-iruna\/\">Informazio gehiago<\/a><\/p>\n\n\n\n<p id=\"block-8c293bc9-1677-455c-9ccf-879222518d05\"><strong>MEDICUS MUNDI. <\/strong>14-17 urte bitarteko gazteendako Gizarte-Ekintzako Taldeak. Kontaktua: <a href=\"mailto:yeray.carmona@medicusmundi.es\">yeray.carmona@medicusmundi.es<\/a>;<\/p>\n\n\n\n<p id=\"block-215d14f8-2536-42df-880d-1da359bd1993\">&nbsp;<a href=\"mailto:montxo.oroz@medicusmundi.es\">montxo.oroz@medicusmundi.es<\/a>. <a href=\"https:\/\/lasaludunderecho.es\/\">Informazio gehiago.<\/a><\/p>\n\n\n\n<p id=\"block-64dabefa-7fc4-443a-8692-33247e3a03f4\"><strong>SARETUZ<\/strong>. Alde Zaharreko Haurren eta Nerabeen Sarea. Kontaktua <a href=\"mailto:saretuz.cascoviejo@gmail.com\">saretuz.cascoviejo@gmail.com<\/a>.<\/p>\n\n\n\n<p id=\"block-985043d4-7f6c-4ca7-a9cc-7b7f5287b6fe\"><strong>IRU\u00d1EKO AUZOETAKO HAUR ETA GAZTEEN ELKARTEAK. <\/strong><a href=\"https:\/\/www.pamplona.es\/eu\/accion-comunitaria\/escuelas-comunitarias\">Prebentzio-Ekintza Komunitarioko Zerbitzuak.<\/a><\/p>\n\n\n\n<p id=\"block-8b61a984-e8fc-495a-8f01-89922ce870e1\"><strong>Buztintxuri<\/strong>. Buztintxureando Txuri Elkartea. Telefonoak: 948 803 574\/637 598 485. Kontaktua: <a href=\"mailto:buztintxureando@gmail.com\">buztintxureando@gmail.com<\/a>.<\/p>\n\n\n\n<p id=\"block-19b3240d-7551-46af-9485-790d237835db\"><strong>Alde Zaharra.<\/strong> <a href=\"https:\/\/www.aldezaharra.eus\/eu\/kolektiboen_gida\/aldezar\/\">Aldezar Elkartea<\/a>.<\/p>\n\n\n\n<p id=\"block-40267f93-0a6d-40d4-b3ab-dbc1e2ddb4c4\"><strong>Txantrea. <\/strong><a href=\"https:\/\/sinarzubi.org\/quehacemos\/\">Federaci\u00f3n Si\u00f1arzubi<\/a><\/p>\n\n\n\n<p id=\"block-2ed084c2-373c-4073-9ebf-2be66b205d73\"><strong>Etxabakoitz. <\/strong><a href=\"http:\/\/etxabakoitz.info\/\">Etxabakoitz Bizirik Elkartea<\/a>.<\/p>\n\n\n\n<p id=\"block-c2fa4660-a683-4256-bcfd-f52885866c51\"><strong>Ermitaga\u00f1a- Mendebaldea.<\/strong> Hazialdea Elkartea. Kontaktua: <a href=\"mailto:hazialdea@gmail.com\">hazialdea@gmail.com<\/a>. Telefonoa: 623 195 155<\/p>\n\n\n\n<p id=\"block-75e3d04c-04f8-44d7-8878-0bbb9c8c549e\"><strong>Mendillorri- Erripagaina<\/strong>. Bideberri Elkartea. Kontaktua: <a href=\"mailto:asociacionbideberri@gmail.com\">asociacionbideberri@gmail.com<\/a>. Telefonoak: 948 103 358\/622 096 415<\/p>\n\n\n\n<p id=\"block-6e318995-eb89-433a-91b5-9b9fcaa3ff81\"><strong>Milagrosa- Azpilaga\u00f1a<\/strong>. <a href=\"http:\/\/www.findglocal.com\/ES\/Pamplona\/279453272185641\/Asociaci%C3%B3n-Juvenil-Yoar---Yoar-Gazte-Elkartea\">Yoar Gazte Elkartea<\/a><\/p>\n\n\n\n<p id=\"block-da2ae03d-edbf-4f7e-b2f8-96d3ac201b3e\"><strong>Arrotxapea<\/strong>. <a href=\"https:\/\/federacionbatean.wixsite.com\/organisation\">Federaci\u00f3n Batean<\/a><\/p>\n\n\n\n<p id=\"block-85e933bd-c613-4ff5-a0a0-7d6fceb3138c\"><strong>Sanduzelai:<\/strong> <a href=\"http:\/\/umetxea.blogspot.com\/p\/blog-page_16.html\">Umetxua Sanduzelai<\/a><\/p>\n\n\n\n<p id=\"block-698517ff-fda2-4be8-8326-87ac963c03c2\"><strong>NAFARROAKO ESKAUT KATOLIKOAK (SCN-NEK):<\/strong> 7 eta 18 urte bitarteko neska-mutilek eta begirale taldeek osatuak. Aisialdian hezten dituzte pertsona libre, pertsona kritiko eta munduarekin konprometituak.<\/p>\n\n\n\n<p id=\"block-f99737cb-c334-4ea0-9afc-03c6519006ce\"><strong>Doako jarduerak eskaintzen dira, egoera ekonomikoaren arabera.<\/strong> <a href=\"https:\/\/www.facebook.com\/SCN.NEK\/\">Scouts Cat\u00f3licos de Navarra- Nafarroako Eskaut Katolikoak<\/a>. Kontaktua: <a rel=\"noreferrer noopener\" href=\"mailto:pais.scn.nek@gmail.com\" target=\"_blank\">pais.scn.nek@gmail.com<\/a>. <strong>Zabalgunea<\/strong>. <a href=\"https:\/\/www.facebook.com\/ScoutMikael\/\">Mikael<\/a>, <strong>Jesuiten Ikastetxea.<\/strong> <a href=\"https:\/\/www.facebook.com\/scoutvtropa\/\">V\u00aa Tropa<\/a> <a href=\"https:\/\/www.facebook.com\/scoutvtropa\/\">Grupo Scout V\u00aa Tropa<\/a>. <strong>Ermitaga\u00f1a<\/strong>. <a href=\"https:\/\/www.facebook.com\/dendarizar\/\">Grupo scout Dendari Izar<\/a>, <strong>San Juan<\/strong>. <a href=\"https:\/\/www.facebook.com\/grupo.scoutbaracea\/\">Grupo Scout Baracea<\/a>, <strong>Marcilla<\/strong>. Scout <a href=\"https:\/\/www.facebook.com\/gundemaro.marcilla\/\">Grupo Scout Gundemaro<\/a>, <strong>Atarrabia<\/strong>. Grupo Scout San Andr\u00e9s, <strong>Noain<\/strong>. <a href=\"https:\/\/www.facebook.com\/scout.lykos\">Grupo Scout Lykos<\/a>.<\/p>\n\n\n\n<p id=\"block-eb4b07ea-d1d6-48e3-b850-a43de6dfef0a\"><em><strong>Orri honen edukia informatzeko baino ez da. Akatsen bat edo gabeziaren bat aurkitzen baduzu esaguzu, mesedez.<\/strong><\/em><\/p>\n\n\n\n<p><\/p>\n\n\n\n<p id=\"block-eb4b07ea-d1d6-48e3-b850-a43de6dfef0a\"><\/p>\n","protected":false},"excerpt":{"rendered":"<p>Garapenerako Gobernuz Kanpoko Erakundeak eta beste talde batzuk: INFORMAZIO-GUNEA BABESTEN DUTEN ERAKUNDEAK TRATAREN AURKAKO EKINTZA. AFRIKA BATUA NAFARROA ANITZARTEAN kulturarteko zerbitzua. Sakanako Mankomunitatea. ASOCIACI\u00d3N CONTIGO PER\u00da (PERU ZUREKIN ELKARTEA) GELTOKI IRU\u00d1EA ELKARTEA ASOCOLON. Asociaci\u00f3n de Colombianos en Navarra (ASOCOLON. Nafarroako Kolonbiarren Elkartea) NAFARROAKO ELIKAGAIEN BANKUA BIDEAN. Tel\u00e9fono 679 983 392. CEAR NAFARROA CCOO. Nafarroa. COMUNIDAD [&hellip;]<\/p>\n","protected":false},"author":2,"featured_media":0,"parent":0,"menu_order":0,"comment_status":"closed","ping_status":"closed","template":"","meta":{"footnotes":""},"class_list":["post-1290","page","type-page","status-publish","hentry"],"jetpack_sharing_enabled":true,"_links":{"self":[{"href":"https:\/\/pim-mig.info\/index.php\/wp-json\/wp\/v2\/pages\/1290","targetHints":{"allow":["GET"]}}],"collection":[{"href":"https:\/\/pim-mig.info\/index.php\/wp-json\/wp\/v2\/pages"}],"about":[{"href":"https:\/\/pim-mig.info\/index.php\/wp-json\/wp\/v2\/types\/page"}],"author":[{"embeddable":true,"href":"https:\/\/pim-mig.info\/index.php\/wp-json\/wp\/v2\/users\/2"}],"replies":[{"embeddable":true,"href":"https:\/\/pim-mig.info\/index.php\/wp-json\/wp\/v2\/comments?post=1290"}],"version-history":[{"count":3,"href":"https:\/\/pim-mig.info\/index.php\/wp-json\/wp\/v2\/pages\/1290\/revisions"}],"predecessor-version":[{"id":1293,"href":"https:\/\/pim-mig.info\/index.php\/wp-json\/wp\/v2\/pages\/1290\/revisions\/1293"}],"wp:attachment":[{"href":"https:\/\/pim-mig.info\/index.php\/wp-json\/wp\/v2\/media?parent=1290"}],"curies":[{"name":"wp","href":"https:\/\/api.w.org\/{rel}","templated":true}]}}