{"id":127,"date":"2020-01-07T18:48:17","date_gmt":"2020-01-07T17:48:17","guid":{"rendered":"http:\/\/pim-mig.info\/?page_id=127"},"modified":"2026-02-08T18:28:39","modified_gmt":"2026-02-08T17:28:39","slug":"vivienda","status":"publish","type":"page","link":"https:\/\/pim-mig.info\/index.php\/vivienda\/","title":{"rendered":"Vivienda y alojamiento"},"content":{"rendered":"\n<h2 class=\"wp-block-heading has-text-align-center\"><strong>ALOJAMIENTO DE<\/strong> <strong>EMERGENCIA<\/strong><\/h2>\n\n\n\n<p><strong>PAMPLONA- IRU\u00d1A.<\/strong>&nbsp;<a rel=\"noreferrer noopener\" href=\"https:\/\/www.pamplona.es\/entidades\/centro-de-atencion-personas-sin-hogar-psh\" target=\"_blank\"><strong>CENTRO DE ATENCI\u00d3N A PERSONAS SIN HOGAR (ALBERGUE DE TRINITARIOS)<\/strong><\/a>. Avda Gipuzkoa, 3. Tel\u00e9fono: 948 104 902. Es un servicio municipal dirigido a personas sin vivienda ni trabajo en situaci\u00f3n de exclusi\u00f3n severa y con alta vulnerabilidad social (pobreza extrema, adicciones, falta de red familiar, enfermedad, situaci\u00f3n coyuntural de crisis, etc.). No se permiten menores de edad. En el caso de personas no empadronadas s\u00f3lo se garantizan tres noches al a\u00f1o. <\/p>\n\n\n\n<p><span class=\"has-inline-color has-accent-color\"><strong>Durante el invierno de 2024 a 2025 decenas de personas han seguido durmiendo en la calle en Pamplona incluso durante los meses de invierno <\/strong><\/span><span class=\"has-inline-color has-primary-color\">porque este a\u00f1o s\u00f3lo se ha garantizado el alojamiento en el albergue para personas con m\u00e1s de un a\u00f1o de padr\u00f3n.<\/span><\/p>\n\n\n\n<p><strong><strong>ALSATSU\/ALSASUA. <a rel=\"noreferrer noopener\" href=\"https:\/\/www.altsasu.net\/albergue-de-transeuntes\/\" target=\"_blank\">Albergue de Transe\u00fantes<\/a><\/strong><\/strong>. Avda Pamplona, 16D. Tel\u00e9fono: 948 469 206.<\/p>\n\n\n\n<p><strong>TUDELA<\/strong>.<strong> <\/strong><a rel=\"noreferrer noopener\" href=\"http:\/\/www.tudela.es\/tu-ciudad\/servicios-sociales\/personas-sin-hogar\" target=\"_blank\"><strong>CENTRO DE ATENCI\u00d3N A PERSONAS SIN HOGAR. ALBERGUE<\/strong><\/a><strong>. <\/strong>Calle Pasaje de la Milagrosa. Tel\u00e9fono: 948 411 620.<\/p>\n\n\n\n<h2 class=\"wp-block-heading\">Vivienda<\/h2>\n\n\n\n<p><span class=\"has-inline-color has-accent-color\"><strong>Acceder a una vivienda en condiciones dignas es realmente complicado para las personas con escasos recursos econ\u00f3micos.<\/strong> <\/span>La vivienda se ha convertido en un bien especulativo cada vez m\u00e1s inaccesible para un buen porcentaje de personas. A las personas y familias en situaci\u00f3n de precariedad &#8211; y m\u00e1s a\u00fan si son extranjeras y racializadas &#8211; cada vez les resulta m\u00e1s complicado alquilar una habitaci\u00f3n en un piso compartido y a menudo acaban pagando precios desorbitados por espacios nada confortables, viviendo muchas veces familias hacinadas en habitaciones en pisos compartidos.<\/p>\n\n\n\n<h3 class=\"wp-block-heading\"><strong>VIVIENDA DE ALQUILER SOCIAL<\/strong><\/h3>\n\n\n\n<p>Las viviendas sociales son muy insuficientes para la demanda, que cada vez es mayor debido a los cada vez m\u00e1s elevados precios de la vivienda en el mercado libre.<\/p>\n\n\n\n<h4 class=\"wp-block-heading\"><strong>GOBIERNO DE NAVARRA.&nbsp;<\/strong><\/h4>\n\n\n\n<p><a rel=\"noreferrer noopener\" href=\"https:\/\/www--navarra--es.insuit.net\/home_es\/Temas\/Vivienda\/Ciudadanos\/Alquiler\/Alquiler+de+vivienda+protegida\/Fondo+foral+de+vivienda+social\/\" target=\"_blank\"><strong>Fondo Foral de Vivienda Social<\/strong><\/a>. Su objeto es atender a personas en exclusi\u00f3n social o riesgo de estarlo que precisen amparo para acceder a una vivienda. Cuenta con viviendas en toda Navarra administradas por NASUVINSA (<a rel=\"noreferrer noopener\" href=\"mailto:info@nasuvinsa.es\" target=\"_blank\">info@nasuvinsa.es<\/a>. Tel\u00e9fono 848 420 600). Parte de las viviendas las gestionan ONGs o entidades de inter\u00e9s social para facilitar acceso a la vivienda en el desarrollo de sus programas. <\/p>\n\n\n\n<p><strong>Oficina de Vivienda del Ayuntamiento de Pamplona- Iru\u00f1ea. <\/strong>Calle Descalzos 47-53 Planta Baja: se ayuda a personas y unidades familiares en situaci\u00f3n de emergencia social empadronadas en Pamplona o con residencia demostrable de dos a\u00f1os a solicitar temporalmente una vivienda municipal dando de forma personalizada la informaci\u00f3n necesaria para abordar sus dificultades de vivienda.&nbsp;<a rel=\"noreferrer noopener\" href=\"https:\/\/www.pamplona.es\/entidades\/oficina-de-vivienda-del-ayuntamiento-de-pamplona\" target=\"_blank\">M\u00e1s informaci\u00f3n<\/a>.<\/p>\n\n\n\n<p><strong>OTROS AYUNTAMIENTOS DE NAVARRA <\/strong>(informarse en el Servicio Social de Base de cada Ayuntamiento):&nbsp;<\/p>\n\n\n\n<p><a rel=\"noreferrer noopener\" href=\"https:\/\/www.tudela.es\/tu-ciudad\/servicios-sociales\/piso-emergencia-viviendas-sociales\" target=\"_blank\">Tudela. Viviendas sociales<\/a><\/p>\n\n\n\n<p>Ayuntamiento de&nbsp;Baztan.&nbsp;Ayuntamiento de Berriozar. Ayuntamiento de&nbsp;Huarte.&nbsp; Ayuntamiento de&nbsp;Tafalla.&nbsp;Mancomunidad de Servicios Sociales de la Zona de&nbsp;Noain.<\/p>\n\n\n\n<h4 class=\"wp-block-heading\"><strong>VIVIENDA DE ALQUILER PROTEGIDO<\/strong><\/h4>\n\n\n\n<p><a rel=\"noreferrer noopener\" href=\"http:\/\/www.navarra.es\/home_es\/Temas\/Vivienda\/Ciudadanos\/Alquiler\/Alquiler+de+vivienda+protegida\/\" target=\"_blank\"><strong>ALQUILER DE VIVIENDA PROTEGIDA<\/strong><\/a> para personas en situaci\u00f3n administrativa regular (papeles en regla), un m\u00ednimo de 3.000 \u20ac de ingresos en la Declaraci\u00f3n de Renta del a\u00f1o anterior, <a href=\"http:\/\/www.navarra.es\/home_es\/Temas\/Igualdad+de+genero\/\" target=\"_blank\" rel=\"noreferrer noopener\">inscritas en el <\/a><a href=\"https:\/\/www.navarra.es\/home_es\/Temas\/Vivienda\/Ciudadanos\/Censo+de+vivienda\/\" target=\"_blank\" rel=\"noreferrer noopener\">censo de solicitantes<\/a> y de acuerdo a un baremo. Gestiona NASUVINSA. Tel\u00e9fono. 848 420 600.&nbsp;<\/p>\n\n\n\n<h4 class=\"wp-block-heading\"><strong>SUBVENCI\u00d3N DE ALQUILERES<\/strong> EN EL MERCADO LIBRE<\/h4>\n\n\n\n<p><strong>GOBIERNO DE NAVARRA. <\/strong>Calle Alh\u00f3ndiga 1-1\u00ba. Pamplona. Tel\u00e9fono 848 427 570.<\/p>\n\n\n\n<p><strong><a rel=\"noreferrer noopener\" href=\"https:\/\/www.navarra.es\/home_es\/Servicios\/ficha\/3183\/Apoyo-a-familias-en-riesgo-de-exclusion-para-la-busqueda-de-vivienda\" target=\"_blank\">Apoyo a familias en riesgo de exclusi\u00f3n para la b\u00fasqueda de vivienda<\/a><\/strong><\/p>\n\n\n\n<p><a href=\"http:\/\/www.navarra.es\/home_es\/Temas\/Vivienda\/Ciudadanos\/Ayudas+y+subvenciones\/David\/\" target=\"_blank\" rel=\"noreferrer noopener\"><strong>Programa DAVID<\/strong><\/a>: prestaci\u00f3n para ayudar al abono de la renta de alquiler de vivienda habitual a familias con escasos recursos econ\u00f3micos.&nbsp;<\/p>\n\n\n\n<p><a href=\"http:\/\/www.navarra.es\/home_es\/Temas\/Vivienda\/Ciudadanos\/Ayudas+y+subvenciones\/Emanzipa\/\" target=\"_blank\" rel=\"noreferrer noopener\"><strong>Programa EMANZIPA<\/strong><\/a>: para apoyo a la emancipaci\u00f3n de j\u00f3venes de 23 a 3a\u00f1os.<\/p>\n\n\n\n<p><strong>AYUNTAMIENTO DE PAMPLONA<\/strong><\/p>\n\n\n\n<p><strong><a href=\"https:\/\/sedeelectronica.pamplona.es\/FichaTramite.aspx?id=PL5000002&amp;idioma=1\" target=\"_blank\" rel=\"noreferrer noopener\"><br><a href=\"https:\/\/sedeelectronica.pamplona.es\/FichaTramite.aspx?id=PL5000102&amp;Idioma=1\"><strong>Convocatoria de subvenciones ayuda de emergencia social a\u00f1o 2026<\/strong><\/a><\/a><\/strong><\/p>\n\n\n\n<p><a rel=\"noreferrer noopener\" href=\"https:\/\/sedeelectronica.pamplona.es\/FichaTramite.aspx?id=210935TA&amp;idioma=1\" target=\"_blank\"><strong>Solicitud temporal de una vivienda municipal para personas y unidades familiares en situaci\u00f3n de emergencia social<\/strong><\/a><\/p>\n\n\n\n<p><a rel=\"noreferrer noopener\" href=\"https:\/\/www.pamplona.es\/temas\/servicios-sociales\/servicios-personas-en-situacion-de-alta-exclusion\" data-type=\"URL\" data-id=\"https:\/\/www.pamplona.es\/temas\/servicios-sociales\/servicios-personas-en-situacion-de-alta-exclusion\" target=\"_blank\"><strong>Servicios a personas en situaci\u00f3n de alta exclusi\u00f3n. Albergue y comedor<\/strong><\/a><\/p>\n\n\n\n<p><strong>VIOLENCIA DE G\u00c9NERO<\/strong>. <a rel=\"noreferrer noopener\" href=\"http:\/\/www.navarra.es\/home_es\/Temas\/Igualdad+de+genero\/\" target=\"_blank\"><strong>Centro de urgencias, casa de acogida y piso tutelado<\/strong><\/a> para proteger y atender a aquellas mujeres en situaci\u00f3n de violencia de g\u00e9nero que se ven forzadas a abandonar su domicilio habitual, as\u00ed como a sus hijas e hijos o personas dependientes. <strong><a rel=\"noreferrer noopener\" href=\"http:\/\/pim-mig.info\/index.php\/violencia-de-genero\/\" target=\"_blank\">M\u00e1s informaci\u00f3n<\/a><\/strong>.<\/p>\n\n\n\n<p><strong>MENORES DE EDAD MIGRANTES<\/strong>. Red de centros y pisos por toda Navarra que procura cuidados, aprendizaje de castellano y formaci\u00f3n. Programa de Gobierno de Navarra. Subdirecci\u00f3n de Familia y Menores (Gobierno de Navarra). Calle Abejeras 5 bis, 7 y 9. 31008 Pamplona. Tel\u00e9fono 848 421 210 y 848 421 260.<strong> <a rel=\"noreferrer noopener\" href=\"http:\/\/pim-mig.info\/index.php\/menores-de-edad\/\" target=\"_blank\">M\u00e1s informaci\u00f3n<\/a><\/strong>.<\/p>\n\n\n\n<p><strong>PERSONAS PROCEDENTES DEL CENTRO PENITENCIARIO DE PAMPLONA. <\/strong>Gestionada por <strong>SALHAKETA \u2013&nbsp;Asociaci\u00f3n de Apoyo a presos y presas de Pamplona. <\/strong>Calle Irunlarrea 59, bajo, trasera. Contacto: <a rel=\"noreferrer noopener\" href=\"mailto:salhaketa.nafarroa@gmail.com\" target=\"_blank\">salhaketa.nafarroa@gmail.com<\/a>. Tel\u00e9fono. 625 175 556.&nbsp;Dirigido apersonas privadas de libertad que est\u00e9n en tercer grado o cerca de obtenerlo, en cumplimiento de medidas alternativas y\/o libertad condicional, que carezcan de domicilio propio o no puedan utilizarlo. El objetivo es tratar de reducir el tiempo de estancia en prisi\u00f3n y servir de transici\u00f3n a la vida en libertad porque a quienes no tienen un hogar se les deniegan los permisos derivados del tercer grado o la libertad condicional. Incluye alimentaci\u00f3n, alojamiento y, en su caso, tarjeta de transporte p\u00fablico, ropa, productos de higiene, etc. <\/p>\n\n\n\n<p>El equipo educativo trabaja con la persona interesada para que protagonice su propio itinerario y pueda retomar su autonom\u00eda en las mejores condiciones posibles; elaborando un proyecto de intervenci\u00f3n que aspectos como la econom\u00eda, la formaci\u00f3n e incorporaci\u00f3n al mercado laboral, las relaciones sociales y familiares, cuestiones sanitarias o h\u00e1bitos de vida y ocio saludable, que ayuden a restablecer redes sociales de apoyo. Tras la salida de piso se ofrecen acompa\u00f1amientos para facilitar y apoyar la reincorporaci\u00f3n social, as\u00ed como a tratamientos m\u00e9dicos o a tramitaciones ante la administraci\u00f3n.<\/p>\n\n\n\n<h4 class=\"wp-block-heading\"><strong>OTRA INFORMACI\u00d3N SOBRE RECURSOS P\u00daBLICOS EN MATERIA DE VIVIENDA<\/strong><\/h4>\n\n\n\n<p><strong>INFORMACI\u00d3N Y ORIENTACI\u00d3N<\/strong>&nbsp;<\/p>\n\n\n\n<p><strong>EISOVI. Equipo de Incorporaci\u00f3n Social en Vivienda.&nbsp;<\/strong>Servicio de incorporaci\u00f3n social a trav\u00e9s de la vivienda para facilitar la inclusi\u00f3n social de personas afectadas por exclusi\u00f3n residencial grave. Se accede a trav\u00e9s de los Servicios Sociales de Base. Lo gestiona la <a href=\"https:\/\/www.fundacionadsis.org\/es\/centros\/fundacion-santa-lucia-adsis\">Fundaci\u00f3n Adsis Santa Luc\u00eda<\/a>  <a rel=\"noreferrer noopener\" href=\"http:\/\/www.santaluciaadsis.org\/\" target=\"_blank\">Fundaci\u00f3n<\/a>. Avenida San Jorge 75- 1\u00ba. Pamplona. Tel\u00e9fono 948 302 627. <a rel=\"noreferrer noopener\" href=\"http:\/\/www.navarra.es\/home_es\/Servicios\/ficha\/3183\/Apoyo-a-familias-en-riesgo-de-exclusion-para-la-busqueda-de-vivienda\" target=\"_blank\">M\u00e1s informaci\u00f3n<\/a>.<\/p>\n\n\n\n<p><a href=\"https:\/\/www--navarra--es.insuit.net\/home_es\/Temas\/Vivienda\/Ciudadanos\/Contacto\/\" target=\"_blank\" rel=\"noreferrer noopener\"><strong>Servicio de Vivienda del Gobierno de Navarra<\/strong><\/a> (Departamento de Ordenaci\u00f3n del Territorio, Vivienda, Paisaje y Proyectos Estrat\u00e9gicos). Calle Alh\u00f3ndiga, 1 \u2013 1\u00ba. 31002. Pamplona. Tel\u00e9fono: 848 426 812.&nbsp;<\/p>\n\n\n\n<h2 class=\"wp-block-heading\"><strong>RECURSOS PRIVADOS<\/strong><\/h2>\n\n\n\n<p><strong>PAMPLONA. RESIDENCIA DE TERESIANAS.&nbsp;<\/strong>Ofrece alojamiento. Acoge a mujeres con menores en situaci\u00f3n de emergencia habitacional. Acceso a trav\u00e9s de los Servicios Sociales de Base o de entidades sociales que presten acompa\u00f1amiento social. Contacto: Esperanza. Calle Mayor, 67-69 -71. Tel\u00e9fono: 657 035 309<\/p>\n\n\n\n<p><strong>PAMPLONA. RESIDENCIA DE C\u00c1RITAS DIOCESANA.<\/strong> Acoge a<strong> <\/strong>familias con menores a cargo. Contacto: Calle San Ant\u00f3n, 8 \u2013 1\u00ba. Tel\u00e9fono 948 225 909.<\/p>\n\n\n\n<p><strong>BURLADA. RESIDENCIA SANTA MAR\u00cdA. C\u00c1RITAS DIOCESANA.&nbsp;<\/strong>Acoge a mujeres y hombres que carecen de vivienda y lleven al menos 2 a\u00f1os empadronados en Navarra. Complementa el servicio del Centro San Francisco. Contacto: Ronda de las Ventas, 29. Tel\u00e9fono 948 221 223.<\/p>\n\n\n\n<p><strong>CIRIZA. CENTRO VIDA NUEVA.&nbsp;<\/strong>Acoge a<strong> <\/strong>personas en riesgo de exclusi\u00f3n social. Contacto: Camino del Molino, s\/n. Tel\u00e9fono:&nbsp;948 322 201.<\/p>\n\n\n\n<p><strong>ORORBIA. CASA DE ACOGIDA HOGAR ZOE. <\/strong>Acoge a personas convalecientes que se encuentran en situaci\u00f3n de riesgo o de exclusi\u00f3n social. Contacto: Carretera Etxauri, s\/n. Tel\u00e9fono 925 216 377.<\/p>\n\n\n\n<h4 class=\"wp-block-heading\"><strong>ORGANIZACIONES QUE APOYAN A PERSONAS DESAHUCIADAS O QUE VIVEN EN HABITACION<\/strong><\/h4>\n\n\n\n<p><strong>PAMPLONA. Plataforma de Afectad@s por la Hipoteca (PAH) del Casco Viejo.<\/strong> Contacto:&nbsp;<a rel=\"noreferrer noopener\" href=\"mailto:pahvivienda@gmail.com\" target=\"_blank\">pahvivienda@gmail.com<\/a>. Tel\u00e9fono:&nbsp;695 049 511\/ 648 265 920. Reuniones los jueves a las 18:00 h. en Calle Calderer\u00eda 11, bajo de Pamplona-Iru\u00f1ea. <strong>Plataforma de Afectad@s por la Hipoteca (PAH) de San Jorge \u2013 Sanduzelai. <\/strong>Labaien, 17 bajo (Sala 3 del Centro Comunitario San Jorge \u2013 Sanduzelai). Contacto:&nbsp;<a rel=\"noreferrer noopener\" href=\"mailto:pahsanduzelai@gmail.com\" target=\"_blank\">pahsanduzelai@gmail.com<\/a>. Tel\u00e9fono: 628 645 850. Asamblea:&nbsp;Martes. Bienvenida de 17:30 a 18.30. Asamblea 18.30 a 20h Asociaci\u00f3n de Vecinos.<\/p>\n\n\n\n<p><strong>BERRIOZAR. Plataforma de Afectad@s por la Hipoteca (PAH) de Berriozar. <\/strong>Contacto:&nbsp;<a rel=\"noreferrer noopener\" href=\"mailto:pah.berriozar@gmail.com\" target=\"_blank\">pah.berriozar@gmail.com<\/a>. Tel\u00e9fono: 644 214 354. Asamblea: lunes, 18.30 horas en Calle Etxaburua (Casa de Cultura).<\/p>\n\n\n\n<p><strong>TAFALLA<\/strong>. <strong>Plataforma de Afectad@s por la Hipoteca (PAH) de Tafalla.<\/strong> <a rel=\"noreferrer noopener\" href=\"http:\/\/www.navarra.es\/home_es\/Temas\/Igualdad+de+genero\/\" target=\"_blank\"><\/a><a href=\"http:\/\/www.tafalla.es\/258\/\">Centro Civico Tafalla<\/a> Contacto:&nbsp;pahtafalla@gmail.com. Tel\u00e9fono: 619 117 397. Asamblea: lunes. 19h. Acogida 18h.<\/p>\n\n\n\n<p><strong>RIBERA. Plataforma de Afectad@s por la Hipoteca (PAH) de la Ribera de Navarra.&nbsp; <\/strong>Contacto:&nbsp;<a rel=\"noreferrer noopener\" href=\"mailto:pah.riberanavarra@hotmail.com\" target=\"_blank\">pah.riberanavarra@hotmail.com<\/a>. Tel\u00e9fono: 654 929 932. Asamblea: lunes 18h Centro Lasa (Barrio de Lourdes). Acogida de nuevos caso y reuni\u00f3n a las 20 horas.<\/p>\n\n\n\n<p><strong><em>El contenido de esta p\u00e1gina tiene car\u00e1cter meramente informativo. Te agradecemos si nos comunicas cualquier error o carencia en la informaci\u00f3n.<\/em><\/strong><\/p>\n","protected":false},"excerpt":{"rendered":"<p>ALOJAMIENTO DE EMERGENCIA PAMPLONA- IRU\u00d1A.&nbsp;CENTRO DE ATENCI\u00d3N A PERSONAS SIN HOGAR (ALBERGUE DE TRINITARIOS). Avda Gipuzkoa, 3. Tel\u00e9fono: 948 104 902. Es un servicio municipal dirigido a personas sin vivienda ni trabajo en situaci\u00f3n de exclusi\u00f3n severa y con alta vulnerabilidad social (pobreza extrema, adicciones, falta de red familiar, enfermedad, situaci\u00f3n coyuntural de crisis, etc.). [&hellip;]<\/p>\n","protected":false},"author":1,"featured_media":202,"parent":0,"menu_order":0,"comment_status":"closed","ping_status":"closed","template":"templates\/template-cover.php","meta":{"footnotes":""},"class_list":["post-127","page","type-page","status-publish","has-post-thumbnail","hentry"],"jetpack_sharing_enabled":true,"_links":{"self":[{"href":"https:\/\/pim-mig.info\/index.php\/wp-json\/wp\/v2\/pages\/127","targetHints":{"allow":["GET"]}}],"collection":[{"href":"https:\/\/pim-mig.info\/index.php\/wp-json\/wp\/v2\/pages"}],"about":[{"href":"https:\/\/pim-mig.info\/index.php\/wp-json\/wp\/v2\/types\/page"}],"author":[{"embeddable":true,"href":"https:\/\/pim-mig.info\/index.php\/wp-json\/wp\/v2\/users\/1"}],"replies":[{"embeddable":true,"href":"https:\/\/pim-mig.info\/index.php\/wp-json\/wp\/v2\/comments?post=127"}],"version-history":[{"count":91,"href":"https:\/\/pim-mig.info\/index.php\/wp-json\/wp\/v2\/pages\/127\/revisions"}],"predecessor-version":[{"id":3085,"href":"https:\/\/pim-mig.info\/index.php\/wp-json\/wp\/v2\/pages\/127\/revisions\/3085"}],"wp:featuredmedia":[{"embeddable":true,"href":"https:\/\/pim-mig.info\/index.php\/wp-json\/wp\/v2\/media\/202"}],"wp:attachment":[{"href":"https:\/\/pim-mig.info\/index.php\/wp-json\/wp\/v2\/media?parent=127"}],"curies":[{"name":"wp","href":"https:\/\/api.w.org\/{rel}","templated":true}]}}