{"id":124,"date":"2020-01-07T18:46:35","date_gmt":"2020-01-07T17:46:35","guid":{"rendered":"http:\/\/pim-mig.info\/?page_id=124"},"modified":"2025-08-27T19:54:34","modified_gmt":"2025-08-27T17:54:34","slug":"educacion","status":"publish","type":"page","link":"https:\/\/pim-mig.info\/index.php\/educacion\/","title":{"rendered":"Aprender castellano"},"content":{"rendered":"\n<p>Si eres una persona que no conoce el idioma es fundamental que te apuntes a clases para aprender castellano. Conocer la lengua te facilitar\u00e1 conocer personas con las que relacionarte y te abrir\u00e1 las puertas a la formaci\u00f3n, fundamental para el arraigo si eres una persona en situaci\u00f3n irregular. <strong>No conocer el idioma dificulta a\u00fan m\u00e1s los tr\u00e1mites burocr\u00e1ticos<\/strong>.<\/p>\n\n\n\n<h3 class=\"wp-block-heading\"><span class=\"has-inline-color has-accent-color\">D\u00d3NDE ESTUDIAR CASTELLANO<\/span><\/h3>\n\n\n\n<p><strong>RECURSOS P\u00daBLICOS<\/strong><\/p>\n\n\n\n<p><strong>Pamplona:<\/strong> Centro P\u00fablico de Educaci\u00f3n B\u00e1sica de Personas Adultas (CPEBPA) <a rel=\"noreferrer noopener\" href=\"https:\/\/cepajmiribarren.educacion.navarra.es\/web\/castellano\/\" target=\"_blank\">Jos\u00e9 Mar\u00eda Iribarren<\/a>. Las nuevas inscripciones ser\u00e1n entre el martes 2 y el lunes 8 de septiembre en horario de 09:30 a 13:00 h y de lunes a jueves de 16:30 a 19:00 h. <\/p>\n\n\n\n<p><strong><a rel=\"noreferrer noopener\" href=\"https:\/\/cebatude.web.educacion.navarra.es\/oferta-educativa#oferta-educativa\" data-type=\"URL\" data-id=\"https:\/\/cebatude.web.educacion.navarra.es\/oferta-educativa#oferta-educativa\" target=\"_blank\">Tudela<\/a><\/strong>.<\/p>\n\n\n\n<p><strong><a rel=\"noreferrer noopener\" href=\"https:\/\/cebaestella.educacion.navarra.es\/web\/espanol-lengua-extranjera\/\" data-type=\"URL\" data-id=\"https:\/\/cebaestella.educacion.navarra.es\/web\/espanol-lengua-extranjera\/\" target=\"_blank\">Estella<\/a><\/strong>.<\/p>\n\n\n\n<p><strong><span class=\"has-inline-color has-primary-color\">OTRAS ENTIDADES EN PAMPLONA<\/span><\/strong><\/p>\n\n\n\n<p>Voluntariado coordinado por el <a rel=\"noreferrer noopener\" href=\"https:\/\/pim-mig.info\/\" target=\"_blank\">Punto de Informaci\u00f3n para personas Migradas\/ Pertsona Migratuendako Informazio Gunea<\/a>. Plazara C\/Mayor, 31 en Iru\u00f1a-Pamplona. Horario de atenci\u00f3n: lunes de 18:00 a 19:00 h. Whatsapp: 681 97 14 64.<\/p>\n\n\n\n<p><a rel=\"noreferrer noopener\" href=\"https:\/\/www.itakaescolapios.org\/que-hacemos\/centros-socio-educativos\/ikaskide-pamplona\/\" target=\"_blank\">Ikaskide Itaka Escolapios<\/a>. C\/ Mayor, 70 &#8211; 1\u00ba. 31001 Iru\u00f1a-Pamplona. Horario de atenci\u00f3n: martes y jueves de 11:00 a 12:30 h y viernes de 18:00 a 19:30 h. Pedir cita previa en los tel\u00e9fonos 948 227 611 y 948 203 891. <a rel=\"noreferrer noopener\" href=\"mailto:ikaskide@itakaescolapios.org\" target=\"_blank\">ikaskide@itakaescolapios.org<\/a><\/p>\n\n\n\n<p><a rel=\"noreferrer noopener\" href=\"https:\/\/a-irati.org\/\" target=\"_blank\">IRATI<\/a>.<\/p>\n\n\n\n<p><a rel=\"noreferrer noopener\" href=\"https:\/\/lantxotegi.org\/educacion-no-formal\/programa-de-acogida-de-jovenes-migrantes-ahlan-bek\/\" target=\"_blank\">Ahlan Bek Lantxotegi<\/a>. Contacto: Tel\u00e9fono 948 079 274. <a rel=\"noreferrer noopener\" href=\"mailto:acogida@lantxotegi.org\" target=\"_blank\">acogida@lantxotegi.org<\/a>. Inscripciones: desde el martes 26 al jueves 29 de agosto (entre las 9:00 y las 14:00 de la ma\u00f1ana) en calle R\u00edo Ega 25 en <a href=\"https:\/\/maps.app.goo.gl\/KA1cCbhxKx2U9FQL6\" data-type=\"URL\" data-id=\"https:\/\/maps.app.goo.gl\/KA1cCbhxKx2U9FQL6\" target=\"_blank\" rel=\"noreferrer noopener\">esta ubicaci\u00f3n<\/a>.<\/p>\n\n\n\n<p><strong>OTRAS BUENAS RAZONES PARA APRENDER CASTELLANO<\/strong><\/p>\n\n\n\n<p><strong><span class=\"has-inline-color has-accent-color\">Si tienes una licenciatura necesitas acreditar un nivel B2 del idioma para poder homologarla.<\/span><\/strong> Ver homologaci\u00f3n de t\u00edtulos en el apartado de <a rel=\"noreferrer noopener\" href=\"https:\/\/pim-mig.info\/index.php\/empleo\/\" data-type=\"URL\" data-id=\"https:\/\/pim-mig.info\/index.php\/empleo\/\" target=\"_blank\">formaci\u00f3n<\/a>.<\/p>\n\n\n\n<p><span class=\"has-inline-color has-accent-color\"><strong>Superar una prueba de nivel m\u00ednimo de castellano A2 (<a rel=\"noreferrer noopener\" href=\"https:\/\/examenes.cervantes.es\/es\/dele\/que-es\" target=\"_blank\">DELE nivel A2<\/a>) es uno de los requisitos para obtener la nacionalidad espa\u00f1ola. <\/strong><\/span>Tanto esta prueba como otra sobre conocimientos constitucionales y socioculturales de Espa\u00f1a (<a rel=\"noreferrer noopener\" href=\"https:\/\/examenes.cervantes.es\/es\/ccse\/que-es\" target=\"_blank\">prueba CCSE<\/a>) las elabora el Instituto Cervantes. <\/p>\n\n\n\n<p><em><strong><em>El contenido de esta p\u00e1gina tiene car\u00e1cter meramente informativo. Te agradecemos si nos comunicas cualquier error o carencia en la informaci\u00f3n.<\/em><\/strong><\/em><\/p>\n","protected":false},"excerpt":{"rendered":"<p>Si eres una persona que no conoce el idioma es fundamental que te apuntes a clases para aprender castellano. Conocer la lengua te facilitar\u00e1 conocer personas con las que relacionarte y te abrir\u00e1 las puertas a la formaci\u00f3n, fundamental para el arraigo si eres una persona en situaci\u00f3n irregular. No conocer el idioma dificulta a\u00fan [&hellip;]<\/p>\n","protected":false},"author":1,"featured_media":54,"parent":0,"menu_order":0,"comment_status":"closed","ping_status":"closed","template":"templates\/template-cover.php","meta":{"footnotes":""},"class_list":["post-124","page","type-page","status-publish","has-post-thumbnail","hentry"],"jetpack_sharing_enabled":true,"_links":{"self":[{"href":"https:\/\/pim-mig.info\/index.php\/wp-json\/wp\/v2\/pages\/124","targetHints":{"allow":["GET"]}}],"collection":[{"href":"https:\/\/pim-mig.info\/index.php\/wp-json\/wp\/v2\/pages"}],"about":[{"href":"https:\/\/pim-mig.info\/index.php\/wp-json\/wp\/v2\/types\/page"}],"author":[{"embeddable":true,"href":"https:\/\/pim-mig.info\/index.php\/wp-json\/wp\/v2\/users\/1"}],"replies":[{"embeddable":true,"href":"https:\/\/pim-mig.info\/index.php\/wp-json\/wp\/v2\/comments?post=124"}],"version-history":[{"count":77,"href":"https:\/\/pim-mig.info\/index.php\/wp-json\/wp\/v2\/pages\/124\/revisions"}],"predecessor-version":[{"id":2472,"href":"https:\/\/pim-mig.info\/index.php\/wp-json\/wp\/v2\/pages\/124\/revisions\/2472"}],"wp:featuredmedia":[{"embeddable":true,"href":"https:\/\/pim-mig.info\/index.php\/wp-json\/wp\/v2\/media\/54"}],"wp:attachment":[{"href":"https:\/\/pim-mig.info\/index.php\/wp-json\/wp\/v2\/media?parent=124"}],"curies":[{"name":"wp","href":"https:\/\/api.w.org\/{rel}","templated":true}]}}