{"id":121,"date":"2020-01-07T18:45:35","date_gmt":"2020-01-07T17:45:35","guid":{"rendered":"http:\/\/pim-mig.info\/?page_id=121"},"modified":"2025-06-15T20:03:54","modified_gmt":"2025-06-15T18:03:54","slug":"salud","status":"publish","type":"page","link":"https:\/\/pim-mig.info\/index.php\/salud\/","title":{"rendered":"Salud"},"content":{"rendered":"\n<h3 class=\"has-text-align-center wp-block-heading\"><strong><span class=\"has-inline-color has-accent-color\">Servicio Navarro de Salud \/ Osasunbidea<\/span><\/strong><\/h3>\n\n\n\n<p><strong><strong>Todas las personas que residan en Navarra<\/strong><\/strong> -cualquiera que sea su edad, nacionalidad o situaci\u00f3n administrativa- tiene el derecho a recibir asistencia sanitaria p\u00fablica gratuita, lo que incluye la realizaci\u00f3n de m\u00e9todos diagn\u00f3sticos, preventivos y terap\u00e9uticos, as\u00ed como, en su caso, el tratamiento farmacol\u00f3gico. Para ello es necesario disponer de <strong>Tarjeta Individual Sanitaria (TIS)<\/strong>, que debes presentar cuando acudas a un Centro Sanitario o a una farmacia a retirar los medicamentos prescritos.<\/p>\n\n\n\n<p>En situaci\u00f3n de urgencia, todas las personas tienen derecho a ser atendidas, tambi\u00e9n quienes no tengan TIS.<\/p>\n\n\n\n<h3 class=\"wp-block-heading\"><strong>TRAMITACI\u00d3N DE LA TIS:<\/strong> <\/h3>\n\n\n\n<p><strong>Si tienes nacionalidad espa\u00f1ola (DNI) o permiso de residencia (NIE) <\/strong>puedes solicitar la TIS en el Centro de Salud que te corresponda. <a rel=\"noreferrer noopener\" href=\"http:\/\/www.navarra.es\/home_es\/Servicios\/ficha\/2189\/Solicitud-de-la-tarjeta-individual-sanitaria-(TIS)\" data-type=\"URL\" data-id=\"http:\/\/www.navarra.es\/home_es\/Servicios\/ficha\/2189\/Solicitud-de-la-tarjeta-individual-sanitaria-(TIS)\" target=\"_blank\"><strong>M\u00e1s informaci\u00f3n<\/strong><\/a>.<\/p>\n\n\n\n<p><strong>Si eres una persona en situaci\u00f3n administrativa irregular (no tienes permiso de residencia) <\/strong>solicita cita con la Trabajadora Social del Centro de Salud que te corresponda. Lleva a la cita tu documentaci\u00f3n, pasaporte, por ejemplo, y Certificado de empadronamiento si lo tienes. <\/p>\n\n\n\n<p><strong>Si puedes acreditar m\u00e1s de tres meses de residencia<\/strong> en Espa\u00f1a la Trabajadora Social solicitar\u00e1 la TIS. Puedes acreditar los tres meses de residencia con un empadronamiento o con otros documentos: carta de viaje, inscripci\u00f3n en colegio, certificado de una ONG, registro de visitas a servicios sociales y sanitarios, etc.<\/p>\n\n\n\n<p><strong>Si est\u00e1s en situaci\u00f3n de estancia temporal (se considera as\u00ed cuando llevas menos de 90 d\u00edas<\/strong> viviendo en Espa\u00f1a), la Trabajadora Social puede realizar un informe social en el que valorar\u00e1 tus necesidades sanitarias, econ\u00f3micas y sociales y tu voluntad de permanecer viviendo en Navarra. Con ese informe, tu empadronamiento y tu pasaporte, la Trabajadora Social solicitar\u00e1 tu TIS.<\/p>\n\n\n\n<p><strong>Si no est\u00e1s empadronada o empadronado en Navarra, <\/strong>porque no tienes domicilio o no puedes empadronarte en el lugar donde vives, puedes demostrar tu residencia con otros documentos: certificado de ONG, inscripci\u00f3n en colegios, informe social, etc.<\/p>\n\n\n\n<p>Si tu solicitud de tarjeta es aceptada te la enviar\u00e1n a tu domicilio.<\/p>\n\n\n\n<p><strong>Excepcionalmente, se presta asistencia a personas que llevan menos de tres meses<\/strong>, previo informe del Trabajador o Trabajadora social del Centro de Salud refrendado por la Oficina de tramitaci\u00f3n de la <strong>TIS<\/strong>.<\/p>\n\n\n\n<p><strong>Si has solicitado Protecci\u00f3n Internacional en el estado espa\u00f1ol<\/strong> puedes solicitar la TIS directamente en el servicio de admisi\u00f3n de tu Centro de Salud. Tienes que llevar la solicitud de Protecci\u00f3n Internacional, tu Pasaporte o documentaci\u00f3n identificativa y el empadronamiento en Navarra (si no puedes empadronarte se pude sustituir por otros documentos o un informe social).<\/p>\n\n\n\n<p><strong>IDIOMA.<\/strong> El Servicio Navarro de Salud cuenta con un servicio de traducci\u00f3n telef\u00f3nica para poder atenderte mejor. Solic\u00edtalo si lo necesitas.<\/p>\n\n\n\n<p><strong>DENTISTA<\/strong>. Calle Conde Oliveto, 11\u00aa planta. Tel\u00e9fono cita previa 848429234. Urgencias de lunes a viernes de 8 a 14:00 h.<\/p>\n\n\n\n<p><strong>AGUDEZA VISUAL. <\/strong>Puedes obtener cita a trav\u00e9s de tu Centro de Salud.<\/p>\n\n\n\n<h3 class=\"wp-block-heading\">URGENCIAS<\/h3>\n\n\n\n<p><a rel=\"noreferrer noopener\" href=\"https:\/\/www.navarra.es\/home_es\/Temas\/Portal+de+la+Salud\/Ciudadania\/Me+cuido\/Controlo+mi+salud\/horarios.htm\" target=\"_blank\"><strong>Extrahospitalarias<\/strong><\/a><\/p>\n\n\n\n<p>Hospitalarias: puedes acudir a un centro hospitalario &#8211; en Pamplona, Estella o Tudela- si consideras que tu situaci\u00f3n de salud lo requiere por su gravedad.<\/p>\n\n\n\n<p><strong>URGENCIAS SOS NAVARRA: Tel\u00e9fono 112<\/strong>. Tel\u00e9fono al que llamar pidiendo asistencia de urgencia sanitaria.<\/p>\n\n\n\n<h3 class=\"wp-block-heading\">SALUD MENTAL<\/h3>\n\n\n\n<p>La derivaci\u00f3n al Centro de Salud Mental, lo mismo que pasa en otras especialidades (cirug\u00eda, cardiolog\u00eda, traumatolog\u00eda, etc.) la debe realizar el m\u00e9dico o m\u00e9dica de familia para la primera visita. Las visitas sucesivas se programan desde el propio Centro de Salud Mental.<br><a rel=\"noreferrer noopener\" href=\"https:\/\/www.navarra.es\/home_es\/Temas\/Portal+de+la+Salud\/Ciudadania\/Actualidad\/Preguntas+frecuentes\/Atencion+Especializada\/Como+se+accede+a+los+Centros+de+Salud+Mental.htm\" target=\"_blank\">\u00bfComo se accede a los Centros de Salud Mental?<\/a><\/p>\n\n\n\n<h3 class=\"wp-block-heading\"><strong>SALUD SEXUAL Y REPRODUCTIVA<\/strong><\/h3>\n\n\n\n<p><strong>CENTROS DE ATENCI\u00d3N A LA SALUD SEXUAL Y REPRODUCTIVA (CASSyR) DEL SERVICIO NAVARRO DE SALUD \/ OSASUNBIDEA<\/strong>. Ofrecen atenci\u00f3n a la salud sexual y reproductiva de la poblaci\u00f3n de toda Navarra de manera integral. Cada centro est\u00e1 formado por un equipo multi-disciplinar: educadoras, enfermeras, matronas, ginec\u00f3logas y sex\u00f3logas. Se ofrece atenci\u00f3n individual, formaci\u00f3n grupal y asesoramiento a profesionales.<\/p>\n\n\n\n<p>Puedes ir directamente al centro que te corresponde por raz\u00f3n de domicilio en los siguientes casos: embarazo o prueba de embarazo, p\u00edldora post-coital, anti-concepci\u00f3n, Interrupci\u00f3n Voluntaria del Embarazo, solicitud de informaci\u00f3n y acompa\u00f1amiento en cuestiones sobre sexualidad, sospechas de Infecci\u00f3n de Transmisi\u00f3n Sexual o agresi\u00f3n sexual.<\/p>\n\n\n\n<p><strong><a href=\"https:\/\/www.navarra.es\/es\/web\/centros-y-servicios-de-salud\/salud-sexual\" target=\"_blank\" rel=\"noreferrer noopener\">Centros de atenci\u00f3n a la salud sexual y reproductiva en Navarra<\/a><\/strong>.<\/p>\n\n\n\n<p><strong><a href=\"https:\/\/centrossanitarios.navarra.es\/es\/-\/andraize\" target=\"_blank\" rel=\"noreferrer noopener\">CASSyR TXANTREA ANDRAIZE<\/a>.<\/strong> Suministran informaci\u00f3n en materia de planificaci\u00f3n y educaci\u00f3n sexual. <\/p>\n\n\n\n<p><strong>Servicios que ofrece:<\/strong> Informaci\u00f3n, atenci\u00f3n ginecol\u00f3gica, psicosexolog\u00eda, etc.<br>Cursos para asociaciones de madres y padres.<br>Programa espec\u00edfico dirigido al <span class=\"has-inline-color has-primary-color\">\u00e1mbito<\/span> de la prostituci\u00f3n.<br><strong>Horario:<\/strong> de lunes a jueves de 8:30 a 14:00 h. y de 15:30 a 20:00 h. Viernes de 08:30 a 14:00 h.<\/p>\n\n\n\n<p><strong>Programa joven; <\/strong>de octubre a mayo\/junio: atenci\u00f3n especializada a j\u00f3venes menores de 23 a\u00f1os.<\/p>\n\n\n\n<p>Avda. San Cristobal, s\/n. Parque del Mundo. Txantrea. Pamplona. Tel\u00e9fono: 848 422 761. Correo e.: <a rel=\"noreferrer noopener\" href=\"mailto:cassyr.andraize@navarra.es\" target=\"_blank\">cassyr.andraize@navarra.es<\/a><\/p>\n\n\n\n<h5 class=\"wp-block-heading\"><strong>INFORMACI\u00d3N SOBRE LOS <a rel=\"noreferrer noopener\" href=\"https:\/\/www.navarra.es\/NR\/rdonlyres\/ACCED2A5-B7E3-4D9D-9CB5-35737BDC56AA\/232993\/CASTELLANO.pdf\" target=\"_blank\">SERVICIOS P\u00daBLICOS DE SALUD DE NAVARRA<\/a><\/strong>.<\/h5>\n\n\n\n<h5 class=\"wp-block-heading\"><strong>ASOCIACIONES QUE TRABAJAN EN EL \u00c1MBITO DE LA SALUD. <a rel=\"noreferrer noopener\" href=\"http:\/\/www.navarra.es\/home_es\/Temas\/Portal+de+la+Salud\/Ciudadania\/Nuevo+Modelo+asistencial\/Plan+Salud+Navarra\/Plan+de+Salud+de+Navarra+2014-2020+Profesionales\/Participacion\/Asociaciones+de+pacientes.htm\" target=\"_blank\">Asociaciones de pacientes<\/a><\/strong>.<\/h5>\n\n\n\n<p><strong><strong><em>El contenido de esta p\u00e1gina tiene car\u00e1cter meramente informativo. Te agradecemos si nos comunicas cualquier error o carencia en la informaci\u00f3n.<\/em><\/strong><\/strong><\/p>\n","protected":false},"excerpt":{"rendered":"<p>Servicio Navarro de Salud \/ Osasunbidea Todas las personas que residan en Navarra -cualquiera que sea su edad, nacionalidad o situaci\u00f3n administrativa- tiene el derecho a recibir asistencia sanitaria p\u00fablica gratuita, lo que incluye la realizaci\u00f3n de m\u00e9todos diagn\u00f3sticos, preventivos y terap\u00e9uticos, as\u00ed como, en su caso, el tratamiento farmacol\u00f3gico. Para ello es necesario disponer [&hellip;]<\/p>\n","protected":false},"author":1,"featured_media":59,"parent":0,"menu_order":0,"comment_status":"closed","ping_status":"closed","template":"templates\/template-cover.php","meta":{"footnotes":""},"class_list":["post-121","page","type-page","status-publish","has-post-thumbnail","hentry"],"jetpack_sharing_enabled":true,"_links":{"self":[{"href":"https:\/\/pim-mig.info\/index.php\/wp-json\/wp\/v2\/pages\/121","targetHints":{"allow":["GET"]}}],"collection":[{"href":"https:\/\/pim-mig.info\/index.php\/wp-json\/wp\/v2\/pages"}],"about":[{"href":"https:\/\/pim-mig.info\/index.php\/wp-json\/wp\/v2\/types\/page"}],"author":[{"embeddable":true,"href":"https:\/\/pim-mig.info\/index.php\/wp-json\/wp\/v2\/users\/1"}],"replies":[{"embeddable":true,"href":"https:\/\/pim-mig.info\/index.php\/wp-json\/wp\/v2\/comments?post=121"}],"version-history":[{"count":44,"href":"https:\/\/pim-mig.info\/index.php\/wp-json\/wp\/v2\/pages\/121\/revisions"}],"predecessor-version":[{"id":2400,"href":"https:\/\/pim-mig.info\/index.php\/wp-json\/wp\/v2\/pages\/121\/revisions\/2400"}],"wp:featuredmedia":[{"embeddable":true,"href":"https:\/\/pim-mig.info\/index.php\/wp-json\/wp\/v2\/media\/59"}],"wp:attachment":[{"href":"https:\/\/pim-mig.info\/index.php\/wp-json\/wp\/v2\/media?parent=121"}],"curies":[{"name":"wp","href":"https:\/\/api.w.org\/{rel}","templated":true}]}}